{"id":1997,"date":"2020-07-25T07:33:09","date_gmt":"2020-07-25T07:33:09","guid":{"rendered":"https:\/\/becreative.ee\/?post_type=product&#038;p=1997"},"modified":"2024-12-12T18:58:54","modified_gmt":"2024-12-12T18:58:54","slug":"long-polaire","status":"publish","type":"product","link":"https:\/\/becreative.ee\/en\/product\/long-polaire\/","title":{"rendered":"L\u00f5ng Polaire"},"content":{"rendered":"<p>L\u00f5ng: 50% vill 50% alpaka<\/p>\n<p>V\u00e4rv: erinevad v\u00e4rvid<\/p>\n<p>Varda suurus: 4,5 mm<\/p>\n<p>Heegeln\u00f5ela suurus: 4,5 mm<\/p>\n<p>Kaal: 50 g<\/p>\n<p>L\u00f5nga pikkus: 100 m<\/p>\n<p>&nbsp;<\/p>\n<p>Pesujuhised:<\/p>\n<p><img decoding=\"async\" class=\"alignnone size-full wp-image-879\" src=\"https:\/\/becreative.ee\/wp-content\/uploads\/2020\/04\/k\u00e4sitsipesu.png\" alt=\"\" width=\"50\" height=\"50\" \/> <img decoding=\"async\" class=\"alignnone size-full wp-image-299\" src=\"https:\/\/becreative.ee\/wp-content\/uploads\/2020\/03\/valgendamine-keelatud.png\" alt=\"\" width=\"50\" height=\"50\" \/> <img decoding=\"async\" class=\"alignnone size-full wp-image-1015\" src=\"https:\/\/becreative.ee\/wp-content\/uploads\/2020\/04\/triikimine__tapp.png\" alt=\"\" width=\"50\" height=\"50\" \/> <img loading=\"lazy\" decoding=\"async\" class=\"alignnone size-full wp-image-1958\" src=\"https:\/\/becreative.ee\/wp-content\/uploads\/2020\/07\/pesumajale_antav_teave_pesuvahendi_tekstiili_kohta2.png\" alt=\"\" width=\"50\" height=\"50\" \/><\/p>\n<p>&nbsp;<\/p>\n<p>Polaire on v\u00e4ga pehme ja soe l\u00f5ng, mis on valmistatud 50% villa ja 50% alpaka kiududest. Viimased on p\u00e4rit Andide Altiplano, Peruu ja Boliivia aretusfarmidest.<\/p>","protected":false},"excerpt":{"rendered":"<p>L\u00f5ng: 50% vill 50% alpaka<\/p>\n<p>V\u00e4rv: erinevad v\u00e4rvid<\/p>\n<p>Varda suurus: 4,5 mm<\/p>\n<p>Heegeln\u00f5ela suurus: 4,5 mm<\/p>\n<p>Kaal: 50 g<\/p>\n<p>L\u00f5nga pikkus: 100 m<\/p>","protected":false},"featured_media":1993,"template":"","meta":[],"product_brand":[],"product_cat":[108,263,359,23,60],"product_tag":[],"class_list":{"0":"post-1997","1":"product","2":"type-product","3":"status-publish","4":"has-post-thumbnail","6":"product_cat-alpaka-long","7":"product_cat-brandid","8":"product_cat-fonty","9":"product_cat-longad","10":"product_cat-villane-long","12":"first","13":"instock","14":"taxable","15":"shipping-taxable","16":"purchasable","17":"product-type-variable"},"jetpack_sharing_enabled":true,"_links":{"self":[{"href":"https:\/\/becreative.ee\/en\/wp-json\/wp\/v2\/product\/1997","targetHints":{"allow":["GET"]}}],"collection":[{"href":"https:\/\/becreative.ee\/en\/wp-json\/wp\/v2\/product"}],"about":[{"href":"https:\/\/becreative.ee\/en\/wp-json\/wp\/v2\/types\/product"}],"version-history":[{"count":3,"href":"https:\/\/becreative.ee\/en\/wp-json\/wp\/v2\/product\/1997\/revisions"}],"predecessor-version":[{"id":2006,"href":"https:\/\/becreative.ee\/en\/wp-json\/wp\/v2\/product\/1997\/revisions\/2006"}],"wp:featuredmedia":[{"embeddable":true,"href":"https:\/\/becreative.ee\/en\/wp-json\/wp\/v2\/media\/1993"}],"wp:attachment":[{"href":"https:\/\/becreative.ee\/en\/wp-json\/wp\/v2\/media?parent=1997"}],"wp:term":[{"taxonomy":"product_brand","embeddable":true,"href":"https:\/\/becreative.ee\/en\/wp-json\/wp\/v2\/product_brand?post=1997"},{"taxonomy":"product_cat","embeddable":true,"href":"https:\/\/becreative.ee\/en\/wp-json\/wp\/v2\/product_cat?post=1997"},{"taxonomy":"product_tag","embeddable":true,"href":"https:\/\/becreative.ee\/en\/wp-json\/wp\/v2\/product_tag?post=1997"}],"curies":[{"name":"wp","href":"https:\/\/api.w.org\/{rel}","templated":true}]}}