{"id":2005,"date":"2020-07-25T08:02:19","date_gmt":"2020-07-25T08:02:19","guid":{"rendered":"https:\/\/becreative.ee\/?post_type=product&#038;p=2005"},"modified":"2020-07-25T08:02:20","modified_gmt":"2020-07-25T08:02:20","slug":"long-gengis-khan-2","status":"publish","type":"product","link":"https:\/\/becreative.ee\/en\/product\/long-gengis-khan-2\/","title":{"rendered":"L\u00f5ng Gengis Khan 2"},"content":{"rendered":"<p>L\u00f5ng: 100% jakivill<\/p>\n<p>V\u00e4rv: erinevad naturaalsed toonid<\/p>\n<p>Varda suurus: 2 &#8211; 2,5 mm<\/p>\n<p>Heegeln\u00f5ela suurus: 2 . 2,5 mm<\/p>\n<p>Kaal: 25 g<\/p>\n<p>L\u00f5nga pikkus: 150 m<\/p>\n<p>&nbsp;<\/p>\n<p>Pesujuhised:<\/p>\n<p><img decoding=\"async\" class=\"alignnone size-full wp-image-879\" src=\"https:\/\/becreative.ee\/wp-content\/uploads\/2020\/04\/k\u00e4sitsipesu.png\" alt=\"\" width=\"50\" height=\"50\" \/> <img decoding=\"async\" class=\"alignnone size-full wp-image-299\" src=\"https:\/\/becreative.ee\/wp-content\/uploads\/2020\/03\/valgendamine-keelatud.png\" alt=\"\" width=\"50\" height=\"50\" \/> <img decoding=\"async\" class=\"alignnone size-full wp-image-1015\" src=\"https:\/\/becreative.ee\/wp-content\/uploads\/2020\/04\/triikimine__tapp.png\" alt=\"\" width=\"50\" height=\"50\" \/> <img loading=\"lazy\" decoding=\"async\" class=\"alignnone size-full wp-image-1958\" src=\"https:\/\/becreative.ee\/wp-content\/uploads\/2020\/07\/pesumajale_antav_teave_pesuvahendi_tekstiili_kohta2.png\" alt=\"\" width=\"50\" height=\"50\" \/><\/p>\n<p>&nbsp;<\/p>\n<p>Gengis Khan 2 l\u00f5nga valmistamisel on kasutatud vaid &#8220;Khangai m\u00e4gikasvatajate \u00fchistu&#8221; saadud jakivilla. \u00dchistu liikmed j\u00e4rgivad p\u00f5him\u00f5tteid \u00f6koloogilisest vastutustundlikusest ja \u00f5iglase kaubanduse p\u00f5him\u00f5tetest. Kahekihiline l\u00f5ng on eriti soe, t\u00e4iesti naturaalne ja seda ei ole kuidagi keemiliselt t\u00f6\u00f6deldud.<\/p>","protected":false},"excerpt":{"rendered":"<p>L\u00f5ng: 100% jakivill<\/p>\n<p>V\u00e4rv: erinevad naturaalsed toonid<\/p>\n<p>Varda suurus: 2 &#8211; 2,5 mm<\/p>\n<p>Heegeln\u00f5ela suurus: 2 . 2,5 mm<\/p>\n<p>Kaal: 25 g<\/p>\n<p>L\u00f5nga pikkus: 150 m<\/p>","protected":false},"featured_media":2008,"template":"","meta":[],"product_brand":[],"product_cat":[263,359,383,23],"product_tag":[],"class_list":{"0":"post-2005","1":"product","2":"type-product","3":"status-publish","4":"has-post-thumbnail","6":"product_cat-brandid","7":"product_cat-fonty","8":"product_cat-jakivill","9":"product_cat-longad","11":"first","12":"instock","13":"taxable","14":"shipping-taxable","15":"purchasable","16":"product-type-variable"},"jetpack_sharing_enabled":true,"_links":{"self":[{"href":"https:\/\/becreative.ee\/en\/wp-json\/wp\/v2\/product\/2005","targetHints":{"allow":["GET"]}}],"collection":[{"href":"https:\/\/becreative.ee\/en\/wp-json\/wp\/v2\/product"}],"about":[{"href":"https:\/\/becreative.ee\/en\/wp-json\/wp\/v2\/types\/product"}],"version-history":[{"count":1,"href":"https:\/\/becreative.ee\/en\/wp-json\/wp\/v2\/product\/2005\/revisions"}],"predecessor-version":[{"id":2007,"href":"https:\/\/becreative.ee\/en\/wp-json\/wp\/v2\/product\/2005\/revisions\/2007"}],"wp:featuredmedia":[{"embeddable":true,"href":"https:\/\/becreative.ee\/en\/wp-json\/wp\/v2\/media\/2008"}],"wp:attachment":[{"href":"https:\/\/becreative.ee\/en\/wp-json\/wp\/v2\/media?parent=2005"}],"wp:term":[{"taxonomy":"product_brand","embeddable":true,"href":"https:\/\/becreative.ee\/en\/wp-json\/wp\/v2\/product_brand?post=2005"},{"taxonomy":"product_cat","embeddable":true,"href":"https:\/\/becreative.ee\/en\/wp-json\/wp\/v2\/product_cat?post=2005"},{"taxonomy":"product_tag","embeddable":true,"href":"https:\/\/becreative.ee\/en\/wp-json\/wp\/v2\/product_tag?post=2005"}],"curies":[{"name":"wp","href":"https:\/\/api.w.org\/{rel}","templated":true}]}}