{"id":2051,"date":"2020-08-25T17:09:55","date_gmt":"2020-08-25T17:09:55","guid":{"rendered":"https:\/\/becreative.ee\/?post_type=product&#038;p=2051"},"modified":"2024-11-06T11:23:03","modified_gmt":"2024-11-06T11:23:03","slug":"long-mohair-boucle","status":"publish","type":"product","link":"https:\/\/becreative.ee\/en\/product\/long-mohair-boucle\/","title":{"rendered":"L\u00f5ng Mohair Boucle"},"content":{"rendered":"<p>L\u00f5ng: 85% moh\u00e4\u00e4r, 13% vill, 2% pol\u00fcamiid (nailon)<\/p>\n<p>V\u00e4rv: erinevad v\u00e4rvid<\/p>\n<p>Varda suurus: 3,5 &#8211; 4,5 mm<\/p>\n<p>Heegeln\u00f5ela suurus: 3,5 &#8211; 4,5 mm<\/p>\n<p>Kaal: 50 g<\/p>\n<p>L\u00f5nga pikkus: 50 m<\/p>\n<p>&nbsp;<\/p>\n<p>L\u00f5ng Mohair Bouce on spetsiaalselt v\u00e4lja t\u00f6\u00f6tatud nukude juuste valmistamiseks, kuid l\u00f5nga saab kasutada ka teiste karvaste m\u00e4nguasjade heegeldamisel ja kudumisel. L\u00f5ng vastab sertifikaadile EN71-3 REACH AZO.<\/p>","protected":false},"excerpt":{"rendered":"<p>L\u00f5ng: 85% moh\u00e4\u00e4r, 13% vill, 2% pol\u00fcamiid (nailon)<\/p>\n<p>V\u00e4rv: erinevad v\u00e4rvid<\/p>\n<p>Varda suurus: 3,5 &#8211; 4,5 mm<\/p>\n<p>Heegeln\u00f5ela suurus: 3,5 &#8211; 4,5 mm<\/p>\n<p>Kaal: 50 g<\/p>\n<p>L\u00f5nga pikkus: 50 m<\/p>","protected":false},"featured_media":2058,"template":"","meta":[],"product_brand":[],"product_cat":[263,402,403,23,17,404,60,1211],"product_tag":[],"class_list":{"0":"post-2051","1":"product","2":"type-product","3":"status-publish","4":"has-post-thumbnail","6":"product_cat-brandid","7":"product_cat-dolly-mo","8":"product_cat-juuksed","9":"product_cat-longad","10":"product_cat-manguasjadevalmistamine","11":"product_cat-mohaar","12":"product_cat-villane-long","13":"product_cat-waldorfnuku-materjalid","15":"first","16":"instock","17":"taxable","18":"shipping-taxable","19":"purchasable","20":"product-type-variable"},"jetpack_sharing_enabled":true,"_links":{"self":[{"href":"https:\/\/becreative.ee\/en\/wp-json\/wp\/v2\/product\/2051","targetHints":{"allow":["GET"]}}],"collection":[{"href":"https:\/\/becreative.ee\/en\/wp-json\/wp\/v2\/product"}],"about":[{"href":"https:\/\/becreative.ee\/en\/wp-json\/wp\/v2\/types\/product"}],"version-history":[{"count":2,"href":"https:\/\/becreative.ee\/en\/wp-json\/wp\/v2\/product\/2051\/revisions"}],"predecessor-version":[{"id":2064,"href":"https:\/\/becreative.ee\/en\/wp-json\/wp\/v2\/product\/2051\/revisions\/2064"}],"wp:featuredmedia":[{"embeddable":true,"href":"https:\/\/becreative.ee\/en\/wp-json\/wp\/v2\/media\/2058"}],"wp:attachment":[{"href":"https:\/\/becreative.ee\/en\/wp-json\/wp\/v2\/media?parent=2051"}],"wp:term":[{"taxonomy":"product_brand","embeddable":true,"href":"https:\/\/becreative.ee\/en\/wp-json\/wp\/v2\/product_brand?post=2051"},{"taxonomy":"product_cat","embeddable":true,"href":"https:\/\/becreative.ee\/en\/wp-json\/wp\/v2\/product_cat?post=2051"},{"taxonomy":"product_tag","embeddable":true,"href":"https:\/\/becreative.ee\/en\/wp-json\/wp\/v2\/product_tag?post=2051"}],"curies":[{"name":"wp","href":"https:\/\/api.w.org\/{rel}","templated":true}]}}