{"id":2069,"date":"2020-09-04T13:17:46","date_gmt":"2020-09-04T13:17:46","guid":{"rendered":"https:\/\/becreative.ee\/?post_type=product&#038;p=2069"},"modified":"2022-02-04T14:17:56","modified_gmt":"2022-02-04T14:17:56","slug":"vineerist-alus-tikkimiseks-ja-heegeldamiseks-25x25cm","status":"publish","type":"product","link":"https:\/\/becreative.ee\/en\/product\/vineerist-alus-tikkimiseks-ja-heegeldamiseks-25x25cm\/","title":{"rendered":"Vineerist alus tikkimiseks ja heegeldamiseks 25x25cm"},"content":{"rendered":"<p>Kasevineerist alus on 4mm paksune ja sobib karpide kaante valmistamiseks. L\u00e4bi pisikeste aukude saab tikkida t\u00e4pselt endale sobiva mustri ning l\u00e4bi suuremate aukude saab heegeldada \u00fclej\u00e4\u00e4nud karbi. P\u00f5hja \u00e4\u00e4ristavate aukude diameeter on 8mm. P\u00f5hi on viimistlusainetega t\u00f6\u00f6tlemata ja seega on seda v\u00f5imalik soovi korral \u00f5litada, peitsida lakkida v\u00f5i v\u00e4rvida. P\u00f5hja suurus 25x25cm.<\/p>","protected":false},"excerpt":{"rendered":"<p>Kasevineerist alus on 4mm paksune ja sobib karpide kaante valmistamiseks. L\u00e4bi pisikeste aukude saab tikkida t\u00e4pselt endale sobiva mustri ning l\u00e4bi suuremate aukude saab heegeldada \u00fclej\u00e4\u00e4nud karbi. P\u00f5hja \u00e4\u00e4ristavate aukude diameeter on 8mm. P\u00f5hi on viimistlusainetega t\u00f6\u00f6tlemata ja seega on seda v\u00f5imalik soovi korral \u00f5litada, peitsida lakkida v\u00f5i v\u00e4rvida. P\u00f5hja suurus 25x25cm.<\/p>","protected":false},"featured_media":2072,"template":"","meta":[],"product_brand":[],"product_cat":[225,772,234],"product_tag":[],"class_list":{"0":"post-2069","1":"product","2":"type-product","3":"status-publish","4":"has-post-thumbnail","6":"product_cat-korvide-tarvikud","7":"product_cat-tikkimine","8":"product_cat-vineerist-pohjad-ja-kaaned","10":"first","11":"instock","12":"taxable","13":"shipping-taxable","14":"purchasable","15":"product-type-simple"},"jetpack_sharing_enabled":true,"_links":{"self":[{"href":"https:\/\/becreative.ee\/en\/wp-json\/wp\/v2\/product\/2069","targetHints":{"allow":["GET"]}}],"collection":[{"href":"https:\/\/becreative.ee\/en\/wp-json\/wp\/v2\/product"}],"about":[{"href":"https:\/\/becreative.ee\/en\/wp-json\/wp\/v2\/types\/product"}],"version-history":[{"count":1,"href":"https:\/\/becreative.ee\/en\/wp-json\/wp\/v2\/product\/2069\/revisions"}],"predecessor-version":[{"id":2071,"href":"https:\/\/becreative.ee\/en\/wp-json\/wp\/v2\/product\/2069\/revisions\/2071"}],"wp:featuredmedia":[{"embeddable":true,"href":"https:\/\/becreative.ee\/en\/wp-json\/wp\/v2\/media\/2072"}],"wp:attachment":[{"href":"https:\/\/becreative.ee\/en\/wp-json\/wp\/v2\/media?parent=2069"}],"wp:term":[{"taxonomy":"product_brand","embeddable":true,"href":"https:\/\/becreative.ee\/en\/wp-json\/wp\/v2\/product_brand?post=2069"},{"taxonomy":"product_cat","embeddable":true,"href":"https:\/\/becreative.ee\/en\/wp-json\/wp\/v2\/product_cat?post=2069"},{"taxonomy":"product_tag","embeddable":true,"href":"https:\/\/becreative.ee\/en\/wp-json\/wp\/v2\/product_tag?post=2069"}],"curies":[{"name":"wp","href":"https:\/\/api.w.org\/{rel}","templated":true}]}}