{"id":2085,"date":"2020-09-07T07:35:54","date_gmt":"2020-09-07T07:35:54","guid":{"rendered":"https:\/\/becreative.ee\/?post_type=product&#038;p=2085"},"modified":"2021-03-05T11:10:07","modified_gmt":"2021-03-05T11:10:07","slug":"vineerist-alus-tikkimiseks-ja-heegeldamiseks-30cm","status":"publish","type":"product","link":"https:\/\/becreative.ee\/en\/product\/vineerist-alus-tikkimiseks-ja-heegeldamiseks-30cm\/","title":{"rendered":"Vineerist alus tikkimiseks ja heegeldamiseks 30cm"},"content":{"rendered":"<p>Kasevineerist alus on 4mm paksune ja sobib karpide kaante valmistamiseks. L\u00e4bi pisikeste aukude saab tikkida t\u00e4pselt endale sobiva mustri ning l\u00e4bi suuremate aukude saab heegeldada \u00fclej\u00e4\u00e4nud karbi. P\u00f5hja \u00e4\u00e4ristavate aukude diameeter on 8mm. P\u00f5hi on viimistlusainetega t\u00f6\u00f6tlemata ja seega on seda v\u00f5imalik soovi korral \u00f5litada, peitsida lakkida v\u00f5i v\u00e4rvida. P\u00f5hja diameeter 30cm.<\/p>","protected":false},"excerpt":{"rendered":"<p>Kasevineerist alus on 4mm paksune ja sobib karpide kaante valmistamiseks. L\u00e4bi pisikeste aukude saab tikkida t\u00e4pselt endale sobiva mustri ning l\u00e4bi suuremate aukude saab heegeldada \u00fclej\u00e4\u00e4nud karbi. P\u00f5hja \u00e4\u00e4ristavate aukude diameeter on 8mm. P\u00f5hi on viimistlusainetega t\u00f6\u00f6tlemata ja seega on seda v\u00f5imalik soovi korral \u00f5litada, peitsida lakkida v\u00f5i v\u00e4rvida. P\u00f5hja diameeter 30cm.<\/p>","protected":false},"featured_media":2086,"template":"","meta":[],"product_brand":[],"product_cat":[225,772,234],"product_tag":[],"class_list":{"0":"post-2085","1":"product","2":"type-product","3":"status-publish","4":"has-post-thumbnail","6":"product_cat-korvide-tarvikud","7":"product_cat-tikkimine","8":"product_cat-vineerist-pohjad-ja-kaaned","10":"first","11":"instock","12":"taxable","13":"shipping-taxable","14":"purchasable","15":"product-type-simple"},"jetpack_sharing_enabled":true,"_links":{"self":[{"href":"https:\/\/becreative.ee\/en\/wp-json\/wp\/v2\/product\/2085","targetHints":{"allow":["GET"]}}],"collection":[{"href":"https:\/\/becreative.ee\/en\/wp-json\/wp\/v2\/product"}],"about":[{"href":"https:\/\/becreative.ee\/en\/wp-json\/wp\/v2\/types\/product"}],"version-history":[{"count":1,"href":"https:\/\/becreative.ee\/en\/wp-json\/wp\/v2\/product\/2085\/revisions"}],"predecessor-version":[{"id":2087,"href":"https:\/\/becreative.ee\/en\/wp-json\/wp\/v2\/product\/2085\/revisions\/2087"}],"wp:featuredmedia":[{"embeddable":true,"href":"https:\/\/becreative.ee\/en\/wp-json\/wp\/v2\/media\/2086"}],"wp:attachment":[{"href":"https:\/\/becreative.ee\/en\/wp-json\/wp\/v2\/media?parent=2085"}],"wp:term":[{"taxonomy":"product_brand","embeddable":true,"href":"https:\/\/becreative.ee\/en\/wp-json\/wp\/v2\/product_brand?post=2085"},{"taxonomy":"product_cat","embeddable":true,"href":"https:\/\/becreative.ee\/en\/wp-json\/wp\/v2\/product_cat?post=2085"},{"taxonomy":"product_tag","embeddable":true,"href":"https:\/\/becreative.ee\/en\/wp-json\/wp\/v2\/product_tag?post=2085"}],"curies":[{"name":"wp","href":"https:\/\/api.w.org\/{rel}","templated":true}]}}