{"id":2090,"date":"2020-09-09T08:37:35","date_gmt":"2020-09-09T08:37:35","guid":{"rendered":"https:\/\/becreative.ee\/?post_type=product&#038;p=2090"},"modified":"2025-10-21T07:47:05","modified_gmt":"2025-10-21T07:47:05","slug":"silt-kasitoole-made-in-estonia","status":"publish","type":"product","link":"https:\/\/becreative.ee\/en\/product\/silt-kasitoole-made-in-estonia\/","title":{"rendered":"Silt k\u00e4sit\u00f6\u00f6le &#8220;Made in Estonia&#8221;"},"content":{"rendered":"<p>Kui k\u00e4sit\u00f6\u00f6 on valmis saanud ja on soov sellele anda veel viimane viimistlus siis need pisikesd nahast sildid on selleks just \u00f5iged. Silte v\u00f5ib paigaldada m\u00fctside, kinnaste, kampsunite v\u00f5i mistahes valmistatud riideesemetele. Samuti sobivad need korvide kaunistamiseks. Sildid on valmistatud nahast ja neid on soovitatav pesta k\u00e4sitsi v\u00f5i masinaga kuni 30 kraadises vees. Sildi suuruseks on 5,6 x 1,9 cm.<\/p>","protected":false},"excerpt":{"rendered":"<p>Kui k\u00e4sit\u00f6\u00f6 on valmis saanud ja on soov sellele anda veel viimane viimistlus siis need pisikesd nahast sildid on selleks just \u00f5iged. Silte v\u00f5ib paigaldada m\u00fctside, kinnaste, kampsunite v\u00f5i mistahes valmistatud riideesemetele. Samuti sobivad need korvide kaunistamiseks. Sildid on valmistatud nahast ja neid on soovitatav pesta k\u00e4sitsi v\u00f5i masinaga kuni 30 kraadises vees. Sildi suuruseks on 5,6 x 1,9 cm.<\/p>","protected":false},"featured_media":2093,"template":"","meta":[],"product_brand":[],"product_cat":[279,227,410],"product_tag":[],"class_list":{"0":"post-2090","1":"product","2":"type-product","3":"status-publish","4":"has-post-thumbnail","6":"product_cat-kasitooks-vajalik","7":"product_cat-sildid","8":"product_cat-sildid-materjalid","10":"first","11":"instock","12":"taxable","13":"shipping-taxable","14":"purchasable","15":"product-type-variable"},"jetpack_sharing_enabled":true,"_links":{"self":[{"href":"https:\/\/becreative.ee\/en\/wp-json\/wp\/v2\/product\/2090","targetHints":{"allow":["GET"]}}],"collection":[{"href":"https:\/\/becreative.ee\/en\/wp-json\/wp\/v2\/product"}],"about":[{"href":"https:\/\/becreative.ee\/en\/wp-json\/wp\/v2\/types\/product"}],"version-history":[{"count":1,"href":"https:\/\/becreative.ee\/en\/wp-json\/wp\/v2\/product\/2090\/revisions"}],"predecessor-version":[{"id":2091,"href":"https:\/\/becreative.ee\/en\/wp-json\/wp\/v2\/product\/2090\/revisions\/2091"}],"wp:featuredmedia":[{"embeddable":true,"href":"https:\/\/becreative.ee\/en\/wp-json\/wp\/v2\/media\/2093"}],"wp:attachment":[{"href":"https:\/\/becreative.ee\/en\/wp-json\/wp\/v2\/media?parent=2090"}],"wp:term":[{"taxonomy":"product_brand","embeddable":true,"href":"https:\/\/becreative.ee\/en\/wp-json\/wp\/v2\/product_brand?post=2090"},{"taxonomy":"product_cat","embeddable":true,"href":"https:\/\/becreative.ee\/en\/wp-json\/wp\/v2\/product_cat?post=2090"},{"taxonomy":"product_tag","embeddable":true,"href":"https:\/\/becreative.ee\/en\/wp-json\/wp\/v2\/product_tag?post=2090"}],"curies":[{"name":"wp","href":"https:\/\/api.w.org\/{rel}","templated":true}]}}