{"id":2101,"date":"2020-09-17T14:09:37","date_gmt":"2020-09-17T14:09:37","guid":{"rendered":"https:\/\/becreative.ee\/?post_type=product&#038;p=2101"},"modified":"2025-09-05T10:21:48","modified_gmt":"2025-09-05T10:21:48","slug":"jonnipunni-sisu","status":"publish","type":"product","link":"https:\/\/becreative.ee\/en\/product\/jonnipunni-sisu\/","title":{"rendered":"Jonnipunni sisu"},"content":{"rendered":"<p>Jonnipunni sisu saab katta nii heegeldades kui kududes. Lisaks edasi-tagasi k\u00f5ikumisele teeb valmistatud m\u00e4nguasi ka heli. M\u00e4nguasja valmistamisel tuleb arvestada, et k\u00f5ik paigaldatud osad oleksid tasakaalus. Sisu k\u00f5rgus 110mm.<\/p>","protected":false},"excerpt":{"rendered":"<p>Jonnipunni sisu saab katta nii heegeldades kui kududes. Lisaks edasi-tagasi k\u00f5ikumisele teeb valmistatud m\u00e4nguasi ka heli. M\u00e4nguasja valmistamisel tuleb arvestada, et k\u00f5ik paigaldatud osad oleksid tasakaalus. Sisu k\u00f5rgus 110mm.<\/p>","protected":false},"featured_media":2102,"template":"","meta":[],"product_brand":[],"product_cat":[55,17],"product_tag":[],"class_list":{"0":"post-2101","1":"product","2":"type-product","3":"status-publish","4":"has-post-thumbnail","6":"product_cat-koristid","7":"product_cat-manguasjadevalmistamine","9":"first","10":"instock","11":"taxable","12":"shipping-taxable","13":"purchasable","14":"product-type-variable"},"jetpack_sharing_enabled":true,"_links":{"self":[{"href":"https:\/\/becreative.ee\/en\/wp-json\/wp\/v2\/product\/2101","targetHints":{"allow":["GET"]}}],"collection":[{"href":"https:\/\/becreative.ee\/en\/wp-json\/wp\/v2\/product"}],"about":[{"href":"https:\/\/becreative.ee\/en\/wp-json\/wp\/v2\/types\/product"}],"version-history":[{"count":1,"href":"https:\/\/becreative.ee\/en\/wp-json\/wp\/v2\/product\/2101\/revisions"}],"predecessor-version":[{"id":2103,"href":"https:\/\/becreative.ee\/en\/wp-json\/wp\/v2\/product\/2101\/revisions\/2103"}],"wp:featuredmedia":[{"embeddable":true,"href":"https:\/\/becreative.ee\/en\/wp-json\/wp\/v2\/media\/2102"}],"wp:attachment":[{"href":"https:\/\/becreative.ee\/en\/wp-json\/wp\/v2\/media?parent=2101"}],"wp:term":[{"taxonomy":"product_brand","embeddable":true,"href":"https:\/\/becreative.ee\/en\/wp-json\/wp\/v2\/product_brand?post=2101"},{"taxonomy":"product_cat","embeddable":true,"href":"https:\/\/becreative.ee\/en\/wp-json\/wp\/v2\/product_cat?post=2101"},{"taxonomy":"product_tag","embeddable":true,"href":"https:\/\/becreative.ee\/en\/wp-json\/wp\/v2\/product_tag?post=2101"}],"curies":[{"name":"wp","href":"https:\/\/api.w.org\/{rel}","templated":true}]}}