{"id":2111,"date":"2020-09-17T16:20:04","date_gmt":"2020-09-17T16:20:04","guid":{"rendered":"https:\/\/becreative.ee\/?post_type=product&#038;p=2111"},"modified":"2024-02-19T11:41:34","modified_gmt":"2024-02-19T11:41:34","slug":"long-woolly-whirlette","status":"publish","type":"product","link":"https:\/\/becreative.ee\/en\/product\/long-woolly-whirlette\/","title":{"rendered":"L\u00f5ng Woolly Whirlette"},"content":{"rendered":"<p>L\u00f5ng: 30% vill 70% puuvill<\/p>\n<p>V\u00e4rv: erinevad v\u00e4rvid<\/p>\n<p>Varda suurus: 3,5 &#8211; 4 mm<\/p>\n<p>Heegeln\u00f5ela suurus: 3,5 &#8211; 4 mm<\/p>\n<p>Kaal: 100 g<\/p>\n<p>L\u00f5nga pikkus: 450 m<\/p>\n<p>&nbsp;<\/p>\n<p>Pesujuhised:<\/p>\n<p><img decoding=\"async\" class=\"alignnone size-full wp-image-301\" src=\"https:\/\/becreative.ee\/wp-content\/uploads\/2020\/03\/pesemine-40-kraadi-orn-pesu.png\" alt=\"\" width=\"50\" height=\"50\" \/> <img decoding=\"async\" class=\"alignnone size-full wp-image-297\" src=\"https:\/\/becreative.ee\/wp-content\/uploads\/2020\/03\/triikimine_2_tappi.png\" alt=\"\" width=\"50\" height=\"50\" \/> <img decoding=\"async\" class=\"alignnone size-full wp-image-298\" src=\"https:\/\/becreative.ee\/wp-content\/uploads\/2020\/03\/trummelkuivatus_keelatud.png\" alt=\"\" width=\"50\" height=\"50\" \/> <img loading=\"lazy\" decoding=\"async\" class=\"alignnone size-full wp-image-300\" src=\"https:\/\/becreative.ee\/wp-content\/uploads\/2020\/03\/pesumajale-antav-teave-pesuvahendi-kohta.png\" alt=\"\" width=\"50\" height=\"50\" \/> <img loading=\"lazy\" decoding=\"async\" class=\"alignnone size-full wp-image-299\" src=\"https:\/\/becreative.ee\/wp-content\/uploads\/2020\/03\/valgendamine-keelatud.png\" alt=\"\" width=\"50\" height=\"50\" \/> <img loading=\"lazy\" decoding=\"async\" class=\"alignnone size-full wp-image-302\" src=\"https:\/\/becreative.ee\/wp-content\/uploads\/2020\/03\/kuivatada_laotatult.png\" alt=\"\" width=\"50\" height=\"50\" \/><\/p>\n<p>&nbsp;<\/p>\n<p>See 30% villa ja 70% puuvillasegune l\u00f5ng on m\u00f5eldud k\u00fclmemate ilmade riiete valmistamiseks. Kuna l\u00f5nga tokid on suuremad on l\u00f5ngaga eriti m\u00f5nud kududa kampsuneid ja suuremaid salle.<\/p>","protected":false},"excerpt":{"rendered":"<p>L\u00f5ng: 30% vill 70% puuvill<\/p>\n<p>V\u00e4rv: erinevad v\u00e4rvid<\/p>\n<p>Varda suurus: 3,5 &#8211; 4 mm<\/p>\n<p>Heegeln\u00f5ela suurus: 3,5 &#8211; 4 mm<\/p>\n<p>Kaal: 100 g<\/p>\n<p>L\u00f5nga pikkus: 450 m<\/p>","protected":false},"featured_media":2112,"template":"","meta":[],"product_brand":[],"product_cat":[263,23,41,264,60],"product_tag":[],"class_list":{"0":"post-2111","1":"product","2":"type-product","3":"status-publish","4":"has-post-thumbnail","6":"product_cat-brandid","7":"product_cat-longad","8":"product_cat-puuvillane-long","9":"product_cat-scheepjes","10":"product_cat-villane-long","12":"first","13":"instock","14":"taxable","15":"shipping-taxable","16":"purchasable","17":"product-type-variable"},"jetpack_sharing_enabled":true,"_links":{"self":[{"href":"https:\/\/becreative.ee\/en\/wp-json\/wp\/v2\/product\/2111","targetHints":{"allow":["GET"]}}],"collection":[{"href":"https:\/\/becreative.ee\/en\/wp-json\/wp\/v2\/product"}],"about":[{"href":"https:\/\/becreative.ee\/en\/wp-json\/wp\/v2\/types\/product"}],"version-history":[{"count":2,"href":"https:\/\/becreative.ee\/en\/wp-json\/wp\/v2\/product\/2111\/revisions"}],"predecessor-version":[{"id":2229,"href":"https:\/\/becreative.ee\/en\/wp-json\/wp\/v2\/product\/2111\/revisions\/2229"}],"wp:featuredmedia":[{"embeddable":true,"href":"https:\/\/becreative.ee\/en\/wp-json\/wp\/v2\/media\/2112"}],"wp:attachment":[{"href":"https:\/\/becreative.ee\/en\/wp-json\/wp\/v2\/media?parent=2111"}],"wp:term":[{"taxonomy":"product_brand","embeddable":true,"href":"https:\/\/becreative.ee\/en\/wp-json\/wp\/v2\/product_brand?post=2111"},{"taxonomy":"product_cat","embeddable":true,"href":"https:\/\/becreative.ee\/en\/wp-json\/wp\/v2\/product_cat?post=2111"},{"taxonomy":"product_tag","embeddable":true,"href":"https:\/\/becreative.ee\/en\/wp-json\/wp\/v2\/product_tag?post=2111"}],"curies":[{"name":"wp","href":"https:\/\/api.w.org\/{rel}","templated":true}]}}