{"id":2121,"date":"2020-09-18T07:47:36","date_gmt":"2020-09-18T07:47:36","guid":{"rendered":"https:\/\/becreative.ee\/?post_type=product&#038;p=2121"},"modified":"2024-12-31T20:19:59","modified_gmt":"2024-12-31T20:19:59","slug":"long-skies-light","status":"publish","type":"product","link":"https:\/\/becreative.ee\/en\/product\/long-skies-light\/","title":{"rendered":"L\u00f5ng Skies Light"},"content":{"rendered":"<p>L\u00f5ng: 100% puuvill<\/p>\n<p>V\u00e4rv: erinevad v\u00e4rvid<\/p>\n<p>Varda suurus: 3 mm<\/p>\n<p>Heegeln\u00f5ela suurus: 3 mm<\/p>\n<p>Kaal: 100 g<\/p>\n<p>L\u00f5nga pikkus: 340 m<\/p>\n<p>&nbsp;<\/p>\n<p>Pesujuhised:<\/p>\n<p><img decoding=\"async\" class=\"alignnone size-full wp-image-879\" src=\"https:\/\/becreative.ee\/wp-content\/uploads\/2020\/04\/k\u00e4sitsipesu.png\" alt=\"\" width=\"50\" height=\"50\" \/> <img decoding=\"async\" class=\"alignnone size-full wp-image-299\" src=\"https:\/\/becreative.ee\/wp-content\/uploads\/2020\/03\/valgendamine-keelatud.png\" alt=\"\" width=\"50\" height=\"50\" \/> <img decoding=\"async\" class=\"alignnone size-full wp-image-298\" src=\"https:\/\/becreative.ee\/wp-content\/uploads\/2020\/03\/trummelkuivatus_keelatud.png\" alt=\"\" width=\"50\" height=\"50\" \/> <img loading=\"lazy\" decoding=\"async\" class=\"alignnone size-full wp-image-302\" src=\"https:\/\/becreative.ee\/wp-content\/uploads\/2020\/03\/kuivatada_laotatult.png\" alt=\"\" width=\"50\" height=\"50\" \/> <img loading=\"lazy\" decoding=\"async\" class=\"alignnone size-full wp-image-1014\" src=\"https:\/\/becreative.ee\/wp-content\/uploads\/2020\/04\/pesumajale_antav_teave_pesuvahendi_tekstiili_kohta.png\" alt=\"\" width=\"50\" height=\"50\" \/> <img loading=\"lazy\" decoding=\"async\" class=\"alignnone size-full wp-image-1015\" src=\"https:\/\/becreative.ee\/wp-content\/uploads\/2020\/04\/triikimine__tapp.png\" alt=\"\" width=\"50\" height=\"50\" \/><\/p>\n<p>&nbsp;<\/p>\n<p>Selle imelise l\u00f5nga loomisel on inspiratsiooni saanud taevast. 100% puuvillast valmistatud l\u00f5ng on nii pehme, et nagu hoiaksid k\u00e4es pilve. Tootja soovitab esmasel pesul kasutada v\u00e4rvi imavaid lehti.<\/p>","protected":false},"excerpt":{"rendered":"<p>L\u00f5ng: 100% puuvill<\/p>\n<p>V\u00e4rv: erinevad v\u00e4rvid<\/p>\n<p>Varda suurus: 3 mm<\/p>\n<p>Heegeln\u00f5ela suurus: 3 mm<\/p>\n<p>Kaal: 100 g<\/p>\n<p>L\u00f5nga pikkus: 340 m<\/p>","protected":false},"featured_media":2118,"template":"","meta":[],"product_brand":[],"product_cat":[263,23,41,264],"product_tag":[],"class_list":{"0":"post-2121","1":"product","2":"type-product","3":"status-publish","4":"has-post-thumbnail","6":"product_cat-brandid","7":"product_cat-longad","8":"product_cat-puuvillane-long","9":"product_cat-scheepjes","11":"first","12":"instock","13":"taxable","14":"shipping-taxable","15":"purchasable","16":"product-type-variable"},"jetpack_sharing_enabled":true,"_links":{"self":[{"href":"https:\/\/becreative.ee\/en\/wp-json\/wp\/v2\/product\/2121","targetHints":{"allow":["GET"]}}],"collection":[{"href":"https:\/\/becreative.ee\/en\/wp-json\/wp\/v2\/product"}],"about":[{"href":"https:\/\/becreative.ee\/en\/wp-json\/wp\/v2\/types\/product"}],"version-history":[{"count":2,"href":"https:\/\/becreative.ee\/en\/wp-json\/wp\/v2\/product\/2121\/revisions"}],"predecessor-version":[{"id":2230,"href":"https:\/\/becreative.ee\/en\/wp-json\/wp\/v2\/product\/2121\/revisions\/2230"}],"wp:featuredmedia":[{"embeddable":true,"href":"https:\/\/becreative.ee\/en\/wp-json\/wp\/v2\/media\/2118"}],"wp:attachment":[{"href":"https:\/\/becreative.ee\/en\/wp-json\/wp\/v2\/media?parent=2121"}],"wp:term":[{"taxonomy":"product_brand","embeddable":true,"href":"https:\/\/becreative.ee\/en\/wp-json\/wp\/v2\/product_brand?post=2121"},{"taxonomy":"product_cat","embeddable":true,"href":"https:\/\/becreative.ee\/en\/wp-json\/wp\/v2\/product_cat?post=2121"},{"taxonomy":"product_tag","embeddable":true,"href":"https:\/\/becreative.ee\/en\/wp-json\/wp\/v2\/product_tag?post=2121"}],"curies":[{"name":"wp","href":"https:\/\/api.w.org\/{rel}","templated":true}]}}