{"id":2137,"date":"2020-09-17T13:36:49","date_gmt":"2020-09-17T13:36:49","guid":{"rendered":"https:\/\/becreative.ee\/?post_type=product&#038;p=2137"},"modified":"2024-08-23T14:51:33","modified_gmt":"2024-08-23T14:51:33","slug":"long-stone-washed","status":"publish","type":"product","link":"https:\/\/becreative.ee\/en\/product\/long-stone-washed\/","title":{"rendered":"L\u00f5ng Stone Washed"},"content":{"rendered":"<p>L\u00f5ng: 78% puuvill 22% akr\u00fc\u00fcl<\/p>\n<p>V\u00e4rv: erinevad v\u00e4rvid<\/p>\n<p>Varda suurus: 3 &#8211; 3,5 mm<\/p>\n<p>Heegeln\u00f5ela suurus: 3 &#8211; 3,5 mm<\/p>\n<p>Kaal: 50 g<\/p>\n<p>L\u00f5nga pikkus: 130 m<\/p>\n<p>&nbsp;<\/p>\n<p>Pesujuhised:<\/p>\n<p><img decoding=\"async\" class=\"alignnone size-full wp-image-301\" src=\"https:\/\/becreative.ee\/wp-content\/uploads\/2020\/03\/pesemine-40-kraadi-orn-pesu.png\" alt=\"\" width=\"50\" height=\"50\" \/> <img decoding=\"async\" class=\"alignnone size-full wp-image-299\" src=\"https:\/\/becreative.ee\/wp-content\/uploads\/2020\/03\/valgendamine-keelatud.png\" alt=\"\" width=\"50\" height=\"50\" \/> <img decoding=\"async\" class=\"alignnone size-full wp-image-302\" src=\"https:\/\/becreative.ee\/wp-content\/uploads\/2020\/03\/kuivatada_laotatult.png\" alt=\"\" width=\"50\" height=\"50\" \/> <img loading=\"lazy\" decoding=\"async\" class=\"alignnone size-full wp-image-298\" src=\"https:\/\/becreative.ee\/wp-content\/uploads\/2020\/03\/trummelkuivatus_keelatud.png\" alt=\"\" width=\"50\" height=\"50\" \/> <img loading=\"lazy\" decoding=\"async\" class=\"alignnone size-full wp-image-297\" src=\"https:\/\/becreative.ee\/wp-content\/uploads\/2020\/03\/triikimine_2_tappi.png\" alt=\"\" width=\"50\" height=\"50\" \/> <img loading=\"lazy\" decoding=\"async\" class=\"alignnone size-full wp-image-300\" src=\"https:\/\/becreative.ee\/wp-content\/uploads\/2020\/03\/pesumajale-antav-teave-pesuvahendi-kohta.png\" alt=\"\" width=\"50\" height=\"50\" \/><\/p>\n<p>&nbsp;<\/p>\n<p>See vastupidav l\u00f5ng on valmistatud 78% puuvillast ja 22% akr\u00fc\u00fclist ning sobib paljudeks kudumis- ja heegeldamisprojektideks. L\u00f5ng on osutunud Scheepjese \u00fcheks populaarsemaks l\u00f5ngaks. Just seet\u00f5ttu tasub igal noben\u00e4pul l\u00f5nga ka ise j\u00e4rele proovida.<\/p>","protected":false},"excerpt":{"rendered":"<p>L\u00f5ng: 78% puuvill 22% akr\u00fc\u00fcl<\/p>\n<p>V\u00e4rv: erinevad v\u00e4rvid<\/p>\n<p>Varda suurus: 3 &#8211; 3,5 mm<\/p>\n<p>Heegeln\u00f5ela suurus: 3 &#8211; 3,5 mm<\/p>\n<p>Kaal: 50 g<\/p>\n<p>L\u00f5nga pikkus: 130 m<\/p>","protected":false},"featured_media":2127,"template":"","meta":[],"product_brand":[],"product_cat":[433,263,23,41,264],"product_tag":[],"class_list":{"0":"post-2137","1":"product","2":"type-product","3":"status-publish","4":"has-post-thumbnail","6":"product_cat-akruulist-long","7":"product_cat-brandid","8":"product_cat-longad","9":"product_cat-puuvillane-long","10":"product_cat-scheepjes","12":"first","13":"instock","14":"taxable","15":"shipping-taxable","16":"purchasable","17":"product-type-variable"},"jetpack_sharing_enabled":true,"_links":{"self":[{"href":"https:\/\/becreative.ee\/en\/wp-json\/wp\/v2\/product\/2137","targetHints":{"allow":["GET"]}}],"collection":[{"href":"https:\/\/becreative.ee\/en\/wp-json\/wp\/v2\/product"}],"about":[{"href":"https:\/\/becreative.ee\/en\/wp-json\/wp\/v2\/types\/product"}],"version-history":[{"count":3,"href":"https:\/\/becreative.ee\/en\/wp-json\/wp\/v2\/product\/2137\/revisions"}],"predecessor-version":[{"id":2226,"href":"https:\/\/becreative.ee\/en\/wp-json\/wp\/v2\/product\/2137\/revisions\/2226"}],"wp:featuredmedia":[{"embeddable":true,"href":"https:\/\/becreative.ee\/en\/wp-json\/wp\/v2\/media\/2127"}],"wp:attachment":[{"href":"https:\/\/becreative.ee\/en\/wp-json\/wp\/v2\/media?parent=2137"}],"wp:term":[{"taxonomy":"product_brand","embeddable":true,"href":"https:\/\/becreative.ee\/en\/wp-json\/wp\/v2\/product_brand?post=2137"},{"taxonomy":"product_cat","embeddable":true,"href":"https:\/\/becreative.ee\/en\/wp-json\/wp\/v2\/product_cat?post=2137"},{"taxonomy":"product_tag","embeddable":true,"href":"https:\/\/becreative.ee\/en\/wp-json\/wp\/v2\/product_tag?post=2137"}],"curies":[{"name":"wp","href":"https:\/\/api.w.org\/{rel}","templated":true}]}}