{"id":2148,"date":"2020-09-17T13:50:21","date_gmt":"2020-09-17T13:50:21","guid":{"rendered":"https:\/\/becreative.ee\/?post_type=product&#038;p=2148"},"modified":"2024-11-09T13:45:33","modified_gmt":"2024-11-09T13:45:33","slug":"long-sunkissed","status":"publish","type":"product","link":"https:\/\/becreative.ee\/en\/product\/long-sunkissed\/","title":{"rendered":"L\u00f5ng Sunkissed"},"content":{"rendered":"<p>L\u00f5ng: 100% puuvill<\/p>\n<p>V\u00e4rv: erinevad v\u00e4rvid<\/p>\n<p>Varda suurus: 3 mm<\/p>\n<p>Heegeln\u00f5ela suurus: 3 mm<\/p>\n<p>Kaal: 50 g<\/p>\n<p>L\u00f5nga pikkus: 170 m<\/p>\n<p>&nbsp;<\/p>\n<p>Pesujuhised:<\/p>\n<p><img decoding=\"async\" class=\"alignnone size-full wp-image-301\" src=\"https:\/\/becreative.ee\/wp-content\/uploads\/2020\/03\/pesemine-40-kraadi-orn-pesu.png\" alt=\"\" width=\"50\" height=\"50\" \/> <img decoding=\"async\" class=\"alignnone size-full wp-image-297\" src=\"https:\/\/becreative.ee\/wp-content\/uploads\/2020\/03\/triikimine_2_tappi.png\" alt=\"\" width=\"50\" height=\"50\" \/> <img decoding=\"async\" class=\"alignnone size-full wp-image-298\" src=\"https:\/\/becreative.ee\/wp-content\/uploads\/2020\/03\/trummelkuivatus_keelatud.png\" alt=\"\" width=\"50\" height=\"50\" \/> <img loading=\"lazy\" decoding=\"async\" class=\"alignnone size-full wp-image-299\" src=\"https:\/\/becreative.ee\/wp-content\/uploads\/2020\/03\/valgendamine-keelatud.png\" alt=\"\" width=\"50\" height=\"50\" \/> <img loading=\"lazy\" decoding=\"async\" class=\"alignnone size-full wp-image-302\" src=\"https:\/\/becreative.ee\/wp-content\/uploads\/2020\/03\/kuivatada_laotatult.png\" alt=\"\" width=\"50\" height=\"50\" \/> <img loading=\"lazy\" decoding=\"async\" class=\"alignnone size-full wp-image-300\" src=\"https:\/\/becreative.ee\/wp-content\/uploads\/2020\/03\/pesumajale-antav-teave-pesuvahendi-kohta.png\" alt=\"\" width=\"50\" height=\"50\" \/><\/p>\n<p>&nbsp;<\/p>\n<p>Sunkissed l\u00f5ng on looduslik, p\u00e4ikesek\u00e4es pleegitatud l\u00f5ng. Toonid on ilmastikukindlad ja sobivad ideaalselt just suver\u00f5ivaste ja aksessuaaride valmistamiseks.<\/p>","protected":false},"excerpt":{"rendered":"<p>L\u00f5ng: 100% puuvill<\/p>\n<p>V\u00e4rv: erinevad v\u00e4rvid<\/p>\n<p>Varda suurus: 3 mm<\/p>\n<p>Heegeln\u00f5ela suurus: 3 mm<\/p>\n<p>Kaal: 50 g<\/p>\n<p>L\u00f5nga pikkus: 170 m<\/p>","protected":false},"featured_media":2155,"template":"","meta":[],"product_brand":[],"product_cat":[263,23,41,264],"product_tag":[],"class_list":{"0":"post-2148","1":"product","2":"type-product","3":"status-publish","4":"has-post-thumbnail","6":"product_cat-brandid","7":"product_cat-longad","8":"product_cat-puuvillane-long","9":"product_cat-scheepjes","11":"first","12":"instock","13":"taxable","14":"shipping-taxable","15":"purchasable","16":"product-type-variable"},"jetpack_sharing_enabled":true,"_links":{"self":[{"href":"https:\/\/becreative.ee\/en\/wp-json\/wp\/v2\/product\/2148","targetHints":{"allow":["GET"]}}],"collection":[{"href":"https:\/\/becreative.ee\/en\/wp-json\/wp\/v2\/product"}],"about":[{"href":"https:\/\/becreative.ee\/en\/wp-json\/wp\/v2\/types\/product"}],"version-history":[{"count":2,"href":"https:\/\/becreative.ee\/en\/wp-json\/wp\/v2\/product\/2148\/revisions"}],"predecessor-version":[{"id":2221,"href":"https:\/\/becreative.ee\/en\/wp-json\/wp\/v2\/product\/2148\/revisions\/2221"}],"wp:featuredmedia":[{"embeddable":true,"href":"https:\/\/becreative.ee\/en\/wp-json\/wp\/v2\/media\/2155"}],"wp:attachment":[{"href":"https:\/\/becreative.ee\/en\/wp-json\/wp\/v2\/media?parent=2148"}],"wp:term":[{"taxonomy":"product_brand","embeddable":true,"href":"https:\/\/becreative.ee\/en\/wp-json\/wp\/v2\/product_brand?post=2148"},{"taxonomy":"product_cat","embeddable":true,"href":"https:\/\/becreative.ee\/en\/wp-json\/wp\/v2\/product_cat?post=2148"},{"taxonomy":"product_tag","embeddable":true,"href":"https:\/\/becreative.ee\/en\/wp-json\/wp\/v2\/product_tag?post=2148"}],"curies":[{"name":"wp","href":"https:\/\/api.w.org\/{rel}","templated":true}]}}