{"id":2181,"date":"2020-09-17T14:02:19","date_gmt":"2020-09-17T14:02:19","guid":{"rendered":"https:\/\/becreative.ee\/?post_type=product&#038;p=2181"},"modified":"2020-09-17T14:03:02","modified_gmt":"2020-09-17T14:03:02","slug":"long-dmc-baby-cotton","status":"publish","type":"product","link":"https:\/\/becreative.ee\/en\/product\/long-dmc-baby-cotton\/","title":{"rendered":"L\u00f5ng DMC Baby Cotton"},"content":{"rendered":"<p>L\u00f5ng: 100% puuvill<\/p>\n<p>V\u00e4rv: erinevad v\u00e4rvid<\/p>\n<p>Varda suurus: 4 mm<\/p>\n<p>Heegeln\u00f5ela suurus: 4 mm<\/p>\n<p>Kaal: 50 g<\/p>\n<p>L\u00f5nga pikkus: 106 m<\/p>\n<p>&nbsp;<\/p>\n<p>Pesujuhised:<\/p>\n<p><img decoding=\"async\" class=\"alignnone size-full wp-image-301\" src=\"https:\/\/becreative.ee\/wp-content\/uploads\/2020\/03\/pesemine-40-kraadi-orn-pesu.png\" alt=\"\" width=\"50\" height=\"50\" \/> <img decoding=\"async\" class=\"alignnone size-full wp-image-299\" src=\"https:\/\/becreative.ee\/wp-content\/uploads\/2020\/03\/valgendamine-keelatud.png\" alt=\"\" width=\"50\" height=\"50\" \/> <img decoding=\"async\" class=\"alignnone size-full wp-image-298\" src=\"https:\/\/becreative.ee\/wp-content\/uploads\/2020\/03\/trummelkuivatus_keelatud.png\" alt=\"\" width=\"50\" height=\"50\" \/> <img loading=\"lazy\" decoding=\"async\" class=\"alignnone size-full wp-image-300\" src=\"https:\/\/becreative.ee\/wp-content\/uploads\/2020\/03\/pesumajale-antav-teave-pesuvahendi-kohta.png\" alt=\"\" width=\"50\" height=\"50\" \/> <img loading=\"lazy\" decoding=\"async\" class=\"alignnone size-full wp-image-1407\" src=\"https:\/\/becreative.ee\/wp-content\/uploads\/2020\/05\/triikimine_keelatud.png\" alt=\"\" width=\"50\" height=\"50\" \/><\/p>\n<p>&nbsp;<\/p>\n<p>Imikutele ja v\u00e4ikelastele mugavate r\u00f5ivase valmistamiseks m\u00f5eldud l\u00f5ng annab erakordse tulemuse ka siis, kui seda kasutatakse tekkide, patjade v\u00f5i m\u00e4nguasjade valmistamisel.<\/p>","protected":false},"excerpt":{"rendered":"<p>L\u00f5ng: 100% puuvill<\/p>\n<p>V\u00e4rv: erinevad v\u00e4rvid<\/p>\n<p>Varda suurus: 4 mm<\/p>\n<p>Heegeln\u00f5ela suurus: 4 mm<\/p>\n<p>Kaal: 50 g<\/p>\n<p>L\u00f5nga pikkus: 106 m<\/p>","protected":false},"featured_media":2176,"template":"","meta":[],"product_brand":[],"product_cat":[263,451,23,41],"product_tag":[],"class_list":{"0":"post-2181","1":"product","2":"type-product","3":"status-publish","4":"has-post-thumbnail","6":"product_cat-brandid","7":"product_cat-dmc","8":"product_cat-longad","9":"product_cat-puuvillane-long","11":"first","12":"instock","13":"taxable","14":"shipping-taxable","15":"purchasable","16":"product-type-variable"},"jetpack_sharing_enabled":true,"_links":{"self":[{"href":"https:\/\/becreative.ee\/en\/wp-json\/wp\/v2\/product\/2181","targetHints":{"allow":["GET"]}}],"collection":[{"href":"https:\/\/becreative.ee\/en\/wp-json\/wp\/v2\/product"}],"about":[{"href":"https:\/\/becreative.ee\/en\/wp-json\/wp\/v2\/types\/product"}],"version-history":[{"count":3,"href":"https:\/\/becreative.ee\/en\/wp-json\/wp\/v2\/product\/2181\/revisions"}],"predecessor-version":[{"id":2223,"href":"https:\/\/becreative.ee\/en\/wp-json\/wp\/v2\/product\/2181\/revisions\/2223"}],"wp:featuredmedia":[{"embeddable":true,"href":"https:\/\/becreative.ee\/en\/wp-json\/wp\/v2\/media\/2176"}],"wp:attachment":[{"href":"https:\/\/becreative.ee\/en\/wp-json\/wp\/v2\/media?parent=2181"}],"wp:term":[{"taxonomy":"product_brand","embeddable":true,"href":"https:\/\/becreative.ee\/en\/wp-json\/wp\/v2\/product_brand?post=2181"},{"taxonomy":"product_cat","embeddable":true,"href":"https:\/\/becreative.ee\/en\/wp-json\/wp\/v2\/product_cat?post=2181"},{"taxonomy":"product_tag","embeddable":true,"href":"https:\/\/becreative.ee\/en\/wp-json\/wp\/v2\/product_tag?post=2181"}],"curies":[{"name":"wp","href":"https:\/\/api.w.org\/{rel}","templated":true}]}}