{"id":2190,"date":"2020-09-17T16:03:56","date_gmt":"2020-09-17T16:03:56","guid":{"rendered":"https:\/\/becreative.ee\/?post_type=product&#038;p=2190"},"modified":"2025-11-15T16:29:26","modified_gmt":"2025-11-15T16:29:26","slug":"gobelaannoel-nr-22","status":"publish","type":"product","link":"https:\/\/becreative.ee\/en\/product\/gobelaannoel-nr-22\/","title":{"rendered":"Gobel\u00e4\u00e4nn\u00f5el nr. 22"},"content":{"rendered":"<p>Gobel\u00e4\u00e4nn\u00f5el sobib ideaalselt j\u00e4medate niitide ja l\u00f5ngadega tikkimiseks v\u00f5i \u00f5mblemiseks. T\u00e4nu n\u00f5ela \u00fcmarale otsale l\u00fckkab see tikitava pinna kiud k\u00f5rvale ja ei l\u00f5hu neid. Sellel p\u00f5hjusel sobib n\u00f5el v\u00e4ga h\u00e4sti kudumitele tikkimiseks. L\u00e4bi n\u00f5ela suure silma mahub nii vill kui muu sarnane l\u00f5ng. Pakis on 6 n\u00f5ela.<\/p>","protected":false},"excerpt":{"rendered":"<p>Gobel\u00e4\u00e4nn\u00f5el sobib ideaalselt j\u00e4medate niitide ja l\u00f5ngadega tikkimiseks v\u00f5i \u00f5mblemiseks. T\u00e4nu n\u00f5ela \u00fcmarale otsale l\u00fckkab see tikitava pinna kiud k\u00f5rvale ja ei l\u00f5hu neid. Sellel p\u00f5hjusel sobib n\u00f5el v\u00e4ga h\u00e4sti kudumitele tikkimiseks. L\u00e4bi n\u00f5ela suure silma mahub nii vill kui muu sarnane l\u00f5ng. Pakis on 6 n\u00f5ela.<\/p>","protected":false},"featured_media":2191,"template":"","meta":[],"product_brand":[],"product_cat":[263,451,279,940,774,786,932,772],"product_tag":[],"class_list":{"0":"post-2190","1":"product","2":"type-product","3":"status-publish","4":"has-post-thumbnail","6":"product_cat-brandid","7":"product_cat-dmc","8":"product_cat-kasitooks-vajalik","9":"product_cat-noelad","10":"product_cat-noelad-tikkimine","11":"product_cat-noelad-materjalid","12":"product_cat-omblemine","13":"product_cat-tikkimine","15":"first","16":"instock","17":"taxable","18":"shipping-taxable","19":"purchasable","20":"product-type-simple"},"jetpack_sharing_enabled":true,"_links":{"self":[{"href":"https:\/\/becreative.ee\/en\/wp-json\/wp\/v2\/product\/2190","targetHints":{"allow":["GET"]}}],"collection":[{"href":"https:\/\/becreative.ee\/en\/wp-json\/wp\/v2\/product"}],"about":[{"href":"https:\/\/becreative.ee\/en\/wp-json\/wp\/v2\/types\/product"}],"version-history":[{"count":1,"href":"https:\/\/becreative.ee\/en\/wp-json\/wp\/v2\/product\/2190\/revisions"}],"predecessor-version":[{"id":2192,"href":"https:\/\/becreative.ee\/en\/wp-json\/wp\/v2\/product\/2190\/revisions\/2192"}],"wp:featuredmedia":[{"embeddable":true,"href":"https:\/\/becreative.ee\/en\/wp-json\/wp\/v2\/media\/2191"}],"wp:attachment":[{"href":"https:\/\/becreative.ee\/en\/wp-json\/wp\/v2\/media?parent=2190"}],"wp:term":[{"taxonomy":"product_brand","embeddable":true,"href":"https:\/\/becreative.ee\/en\/wp-json\/wp\/v2\/product_brand?post=2190"},{"taxonomy":"product_cat","embeddable":true,"href":"https:\/\/becreative.ee\/en\/wp-json\/wp\/v2\/product_cat?post=2190"},{"taxonomy":"product_tag","embeddable":true,"href":"https:\/\/becreative.ee\/en\/wp-json\/wp\/v2\/product_tag?post=2190"}],"curies":[{"name":"wp","href":"https:\/\/api.w.org\/{rel}","templated":true}]}}