{"id":2196,"date":"2020-09-17T14:24:59","date_gmt":"2020-09-17T14:24:59","guid":{"rendered":"https:\/\/becreative.ee\/?post_type=product&#038;p=2196"},"modified":"2021-01-13T19:55:13","modified_gmt":"2021-01-13T19:55:13","slug":"long-denim","status":"publish","type":"product","link":"https:\/\/becreative.ee\/en\/product\/long-denim\/","title":{"rendered":"L\u00f5ng Denim"},"content":{"rendered":"<p>L\u00f5ng: 100% puuvill<\/p>\n<p>V\u00e4rv: erinevad v\u00e4rvid<\/p>\n<p>Varda suurus: 4 &#8211; 5 mm<\/p>\n<p>Heegeln\u00f5ela suurus: 4 mm<\/p>\n<p>Kaal: 50 g<\/p>\n<p>L\u00f5nga pikkus: 75 m<\/p>\n<p>&nbsp;<\/p>\n<p>Pesujuhised:<\/p>\n<p><img decoding=\"async\" class=\"alignnone size-full wp-image-299\" src=\"https:\/\/becreative.ee\/wp-content\/uploads\/2020\/03\/valgendamine-keelatud.png\" alt=\"\" width=\"50\" height=\"50\" \/> <img decoding=\"async\" class=\"alignnone size-full wp-image-298\" src=\"https:\/\/becreative.ee\/wp-content\/uploads\/2020\/03\/trummelkuivatus_keelatud.png\" alt=\"\" width=\"50\" height=\"50\" \/> <img decoding=\"async\" class=\"alignnone size-full wp-image-300\" src=\"https:\/\/becreative.ee\/wp-content\/uploads\/2020\/03\/pesumajale-antav-teave-pesuvahendi-kohta.png\" alt=\"\" width=\"50\" height=\"50\" \/> <img loading=\"lazy\" decoding=\"async\" class=\"alignnone size-full wp-image-1015\" src=\"https:\/\/becreative.ee\/wp-content\/uploads\/2020\/04\/triikimine__tapp.png\" alt=\"\" width=\"50\" height=\"50\" \/> <img loading=\"lazy\" decoding=\"async\" class=\"alignnone size-full wp-image-2224\" src=\"https:\/\/becreative.ee\/wp-content\/uploads\/2020\/09\/pesemine_30-kraadi_orn_pesu.png\" alt=\"\" width=\"50\" height=\"50\" \/><\/p>\n<p>&nbsp;<\/p>\n<p>Pleekinud efektiga l\u00f5ng on valmistatud 100% puuvillast ning sellega on lihtne kududa ja heegeldada. Tootja soovitab l\u00f5ngast valmistatud riideid pesta 30. kraadise veega ning kasutada spetsiaalselt villale m\u00f5eldud pesuvahendit.<\/p>","protected":false},"excerpt":{"rendered":"<p>L\u00f5ng: 100% puuvill<\/p>\n<p>V\u00e4rv: erinevad v\u00e4rvid<\/p>\n<p>Varda suurus: 4 &#8211; 5 mm<\/p>\n<p>Heegeln\u00f5ela suurus: 4 mm<\/p>\n<p>Kaal: 50 g<\/p>\n<p>L\u00f5nga pikkus: 75 m<\/p>","protected":false},"featured_media":2193,"template":"","meta":[],"product_brand":[],"product_cat":[263,451,23,41],"product_tag":[],"class_list":{"0":"post-2196","1":"product","2":"type-product","3":"status-publish","4":"has-post-thumbnail","6":"product_cat-brandid","7":"product_cat-dmc","8":"product_cat-longad","9":"product_cat-puuvillane-long","11":"first","12":"instock","13":"taxable","14":"shipping-taxable","15":"purchasable","16":"product-type-variable"},"jetpack_sharing_enabled":true,"_links":{"self":[{"href":"https:\/\/becreative.ee\/en\/wp-json\/wp\/v2\/product\/2196","targetHints":{"allow":["GET"]}}],"collection":[{"href":"https:\/\/becreative.ee\/en\/wp-json\/wp\/v2\/product"}],"about":[{"href":"https:\/\/becreative.ee\/en\/wp-json\/wp\/v2\/types\/product"}],"version-history":[{"count":2,"href":"https:\/\/becreative.ee\/en\/wp-json\/wp\/v2\/product\/2196\/revisions"}],"predecessor-version":[{"id":2225,"href":"https:\/\/becreative.ee\/en\/wp-json\/wp\/v2\/product\/2196\/revisions\/2225"}],"wp:featuredmedia":[{"embeddable":true,"href":"https:\/\/becreative.ee\/en\/wp-json\/wp\/v2\/media\/2193"}],"wp:attachment":[{"href":"https:\/\/becreative.ee\/en\/wp-json\/wp\/v2\/media?parent=2196"}],"wp:term":[{"taxonomy":"product_brand","embeddable":true,"href":"https:\/\/becreative.ee\/en\/wp-json\/wp\/v2\/product_brand?post=2196"},{"taxonomy":"product_cat","embeddable":true,"href":"https:\/\/becreative.ee\/en\/wp-json\/wp\/v2\/product_cat?post=2196"},{"taxonomy":"product_tag","embeddable":true,"href":"https:\/\/becreative.ee\/en\/wp-json\/wp\/v2\/product_tag?post=2196"}],"curies":[{"name":"wp","href":"https:\/\/api.w.org\/{rel}","templated":true}]}}