{"id":2201,"date":"2020-09-17T15:57:38","date_gmt":"2020-09-17T15:57:38","guid":{"rendered":"https:\/\/becreative.ee\/?post_type=product&#038;p=2201"},"modified":"2024-12-12T18:12:00","modified_gmt":"2024-12-12T18:12:00","slug":"prym-torketikandi-tooriist","status":"publish","type":"product","link":"https:\/\/becreative.ee\/en\/product\/prym-torketikandi-tooriist\/","title":{"rendered":"Prym Torketikandi t\u00f6\u00f6riist"},"content":{"rendered":"<p>Torketikandi t\u00f6\u00f6riista abil on v\u00f5imalik valmistada erinevaid toredaid pilte, padjakatteid v\u00f5i kaunistada r\u00f5ivaid . N\u00f5elal olev skaala v\u00f5imaldab reguleerida piste s\u00fcgavust. Kaasas on kolm n\u00f5ela:<\/p>\n<p>1,3 mm n\u00f5el &#8211; sobib maksimaalselt 3-kordse l\u00f5nga jaoks<\/p>\n<p>1,6 mm n\u00f5el &#8211; sobib maksimaalselt 4-kordse l\u00f5nga jaoks<\/p>\n<p>2,2 mm n\u00f5el &#8211; sobib maksimaalselt 6-kordse l\u00f5nga jaoks<\/p>\n<p>Komplekti kuulub veel abivahend l\u00f5nga paigaldamiseks ning juhend. T\u00f6\u00f6riista pikkus on 15 cm.<\/p>\n<p>&nbsp;<\/p>","protected":false},"excerpt":{"rendered":"<p>Torketikandi t\u00f6\u00f6riista abil on v\u00f5imalik valmistada erinevaid toredaid pilte, padjakatteid v\u00f5i kaunistada r\u00f5ivaid . N\u00f5elal olev skaala v\u00f5imaldab reguleerida piste s\u00fcgavust. Kaasas on kolm n\u00f5ela:<\/p>\n<p>1,3 mm n\u00f5el &#8211; sobib maksimaalselt 3-kordse l\u00f5nga jaoks<\/p>\n<p>1,6 mm n\u00f5el &#8211; sobib maksimaalselt 4-kordse l\u00f5nga jaoks<\/p>\n<p>2,2 mm n\u00f5el &#8211; sobib maksimaalselt 6-kordse l\u00f5nga jaoks<\/p>\n<p>Komplekti kuulub veel abivahend l\u00f5nga paigaldamiseks ning juhend. T\u00f6\u00f6riista pikkus on 15 cm.<\/p>","protected":false},"featured_media":2203,"template":"","meta":[],"product_brand":[],"product_cat":[263,272,772,777],"product_tag":[],"class_list":{"0":"post-2201","1":"product","2":"type-product","3":"status-publish","4":"has-post-thumbnail","6":"product_cat-brandid","7":"product_cat-prym","8":"product_cat-tikkimine","9":"product_cat-torketikand","11":"first","12":"instock","13":"taxable","14":"shipping-taxable","15":"purchasable","16":"product-type-simple"},"jetpack_sharing_enabled":true,"_links":{"self":[{"href":"https:\/\/becreative.ee\/en\/wp-json\/wp\/v2\/product\/2201","targetHints":{"allow":["GET"]}}],"collection":[{"href":"https:\/\/becreative.ee\/en\/wp-json\/wp\/v2\/product"}],"about":[{"href":"https:\/\/becreative.ee\/en\/wp-json\/wp\/v2\/types\/product"}],"version-history":[{"count":5,"href":"https:\/\/becreative.ee\/en\/wp-json\/wp\/v2\/product\/2201\/revisions"}],"predecessor-version":[{"id":3334,"href":"https:\/\/becreative.ee\/en\/wp-json\/wp\/v2\/product\/2201\/revisions\/3334"}],"wp:featuredmedia":[{"embeddable":true,"href":"https:\/\/becreative.ee\/en\/wp-json\/wp\/v2\/media\/2203"}],"wp:attachment":[{"href":"https:\/\/becreative.ee\/en\/wp-json\/wp\/v2\/media?parent=2201"}],"wp:term":[{"taxonomy":"product_brand","embeddable":true,"href":"https:\/\/becreative.ee\/en\/wp-json\/wp\/v2\/product_brand?post=2201"},{"taxonomy":"product_cat","embeddable":true,"href":"https:\/\/becreative.ee\/en\/wp-json\/wp\/v2\/product_cat?post=2201"},{"taxonomy":"product_tag","embeddable":true,"href":"https:\/\/becreative.ee\/en\/wp-json\/wp\/v2\/product_tag?post=2201"}],"curies":[{"name":"wp","href":"https:\/\/api.w.org\/{rel}","templated":true}]}}