{"id":2211,"date":"2020-09-17T16:24:40","date_gmt":"2020-09-17T16:24:40","guid":{"rendered":"https:\/\/becreative.ee\/?post_type=product&#038;p=2211"},"modified":"2023-09-05T15:34:04","modified_gmt":"2023-09-05T15:34:04","slug":"sokijuku","status":"publish","type":"product","link":"https:\/\/becreative.ee\/en\/product\/sokijuku\/","title":{"rendered":"Sokijuku"},"content":{"rendered":"<p>Kootud v\u00f5i heegeldatud t\u00f6\u00f6 saab t\u00e4iesti uue ilme peale viimistlemist. Sokkide viimistlemiseks on suurep\u00e4rane abivahend sokijuku. Peale viimistlemist on silmused \u00fchtlased ja sokk ilusa kujuga. Puidust sokijukul on kolm erinevat suurust:<\/p>\n<p>S &#8211; 21 cm<\/p>\n<p>M &#8211; 22,5 cm<\/p>\n<p>L &#8211; 25,5 cm<\/p>\n<p>Komplekti kuulub kaks sokijukut.<\/p>","protected":false},"excerpt":{"rendered":"<p>Kootud v\u00f5i heegeldatud t\u00f6\u00f6 saab t\u00e4iesti uue ilme peale viimistlemist. Sokkide viimistlemiseks on suurep\u00e4rane abivahend sokijuku. Peale viimistlemist on silmused \u00fchtlased ja sokk ilusa kujuga. Puidust sokijukul on kolm erinevat suurust:<\/p>\n<p>S &#8211; 21 cm<\/p>\n<p>M &#8211; 22,5 cm<\/p>\n<p>L &#8211; 25,5 cm<\/p>\n<p>Komplekti kuulub kaks sokijukut.<\/p>","protected":false},"featured_media":2215,"template":"","meta":[],"product_brand":[],"product_cat":[263,782,271,787],"product_tag":[],"class_list":{"0":"post-2211","1":"product","2":"type-product","3":"status-publish","4":"has-post-thumbnail","6":"product_cat-brandid","7":"product_cat-kudumine","8":"product_cat-opry","9":"product_cat-viimistlus","11":"first","12":"instock","13":"taxable","14":"shipping-taxable","15":"purchasable","16":"product-type-variable"},"jetpack_sharing_enabled":true,"_links":{"self":[{"href":"https:\/\/becreative.ee\/en\/wp-json\/wp\/v2\/product\/2211","targetHints":{"allow":["GET"]}}],"collection":[{"href":"https:\/\/becreative.ee\/en\/wp-json\/wp\/v2\/product"}],"about":[{"href":"https:\/\/becreative.ee\/en\/wp-json\/wp\/v2\/types\/product"}],"version-history":[{"count":1,"href":"https:\/\/becreative.ee\/en\/wp-json\/wp\/v2\/product\/2211\/revisions"}],"predecessor-version":[{"id":2212,"href":"https:\/\/becreative.ee\/en\/wp-json\/wp\/v2\/product\/2211\/revisions\/2212"}],"wp:featuredmedia":[{"embeddable":true,"href":"https:\/\/becreative.ee\/en\/wp-json\/wp\/v2\/media\/2215"}],"wp:attachment":[{"href":"https:\/\/becreative.ee\/en\/wp-json\/wp\/v2\/media?parent=2211"}],"wp:term":[{"taxonomy":"product_brand","embeddable":true,"href":"https:\/\/becreative.ee\/en\/wp-json\/wp\/v2\/product_brand?post=2211"},{"taxonomy":"product_cat","embeddable":true,"href":"https:\/\/becreative.ee\/en\/wp-json\/wp\/v2\/product_cat?post=2211"},{"taxonomy":"product_tag","embeddable":true,"href":"https:\/\/becreative.ee\/en\/wp-json\/wp\/v2\/product_tag?post=2211"}],"curies":[{"name":"wp","href":"https:\/\/api.w.org\/{rel}","templated":true}]}}