{"id":2267,"date":"2020-09-23T12:54:50","date_gmt":"2020-09-23T12:54:50","guid":{"rendered":"https:\/\/becreative.ee\/?post_type=product&#038;p=2267"},"modified":"2023-07-15T17:55:36","modified_gmt":"2023-07-15T17:55:36","slug":"long-felted-tweed","status":"publish","type":"product","link":"https:\/\/becreative.ee\/en\/product\/long-felted-tweed\/","title":{"rendered":"L\u00f5ng Felted Tweed"},"content":{"rendered":"<p>L\u00f5ng: 25% alpaka, 50% meriionvill 25% viskoos<\/p>\n<p>V\u00e4rv: erinevad v\u00e4rvid<\/p>\n<p>Varda suurus: 3,75 &#8211; 4 mm<\/p>\n<p>Heegeln\u00f5ela suurus: 3,75 \u2013 4 mm<\/p>\n<p>Kaal: 50 g<\/p>\n<p>L\u00f5nga pikkus: 175 m<\/p>\n<p>&nbsp;<\/p>\n<p>Pesujuhised:<\/p>\n<p><img decoding=\"async\" class=\"alignnone size-full wp-image-302\" src=\"https:\/\/becreative.ee\/wp-content\/uploads\/2020\/03\/kuivatada_laotatult.png\" alt=\"\" width=\"50\" height=\"50\" \/> <img decoding=\"async\" class=\"alignnone size-full wp-image-299\" src=\"https:\/\/becreative.ee\/wp-content\/uploads\/2020\/03\/valgendamine-keelatud.png\" alt=\"\" width=\"50\" height=\"50\" \/> <img decoding=\"async\" class=\"alignnone size-full wp-image-298\" src=\"https:\/\/becreative.ee\/wp-content\/uploads\/2020\/03\/trummelkuivatus_keelatud.png\" alt=\"\" width=\"50\" height=\"50\" \/> <img loading=\"lazy\" decoding=\"async\" class=\"alignnone size-full wp-image-300\" src=\"https:\/\/becreative.ee\/wp-content\/uploads\/2020\/03\/pesumajale-antav-teave-pesuvahendi-kohta.png\" alt=\"\" width=\"50\" height=\"50\" \/> <img loading=\"lazy\" decoding=\"async\" class=\"alignnone size-full wp-image-1015\" src=\"https:\/\/becreative.ee\/wp-content\/uploads\/2020\/04\/triikimine__tapp.png\" alt=\"\" width=\"50\" height=\"50\" \/> <img loading=\"lazy\" decoding=\"async\" class=\"alignnone size-full wp-image-2277\" src=\"https:\/\/becreative.ee\/wp-content\/uploads\/2020\/09\/Eriti_orna_pesu_pesemine_vill_siid_30.png\" alt=\"\" width=\"50\" height=\"50\" \/><\/p>\n<p>&nbsp;<\/p>\n<p>See pehme ja kergelt kasutatav tveedl\u00f5ng on segu alpaka- ja meriinovillast, millele on juurde lisatud viskoosi. V\u00e4rvid on m\u00f5nusalt loodusl\u00e4hedased ja lisas\u00e4rtsu anavad l\u00f5ngas esinevad teist v\u00e4rvi t\u00e4pikesed.<\/p>","protected":false},"excerpt":{"rendered":"<p>L\u00f5ng: 25% alpaka, 50% meriionvill 25% viskoos<\/p>\n<p>V\u00e4rv: erinevad v\u00e4rvid<\/p>\n<p>Varda suurus: 3,75 &#8211; 4 mm<\/p>\n<p>Heegeln\u00f5ela suurus: 3,75 \u2013 4 mm<\/p>\n<p>Kaal: 50 g<\/p>\n<p>L\u00f5nga pikkus: 175 m<\/p>","protected":false},"featured_media":2262,"template":"","meta":[],"product_brand":[],"product_cat":[108,263,23,360,467,468],"product_tag":[],"class_list":{"0":"post-2267","1":"product","2":"type-product","3":"status-publish","4":"has-post-thumbnail","6":"product_cat-alpaka-long","7":"product_cat-brandid","8":"product_cat-longad","9":"product_cat-meriinovillast-long","10":"product_cat-rowan","11":"product_cat-viskoos","13":"first","14":"instock","15":"taxable","16":"shipping-taxable","17":"purchasable","18":"product-type-variable"},"jetpack_sharing_enabled":true,"_links":{"self":[{"href":"https:\/\/becreative.ee\/en\/wp-json\/wp\/v2\/product\/2267","targetHints":{"allow":["GET"]}}],"collection":[{"href":"https:\/\/becreative.ee\/en\/wp-json\/wp\/v2\/product"}],"about":[{"href":"https:\/\/becreative.ee\/en\/wp-json\/wp\/v2\/types\/product"}],"version-history":[{"count":3,"href":"https:\/\/becreative.ee\/en\/wp-json\/wp\/v2\/product\/2267\/revisions"}],"predecessor-version":[{"id":2279,"href":"https:\/\/becreative.ee\/en\/wp-json\/wp\/v2\/product\/2267\/revisions\/2279"}],"wp:featuredmedia":[{"embeddable":true,"href":"https:\/\/becreative.ee\/en\/wp-json\/wp\/v2\/media\/2262"}],"wp:attachment":[{"href":"https:\/\/becreative.ee\/en\/wp-json\/wp\/v2\/media?parent=2267"}],"wp:term":[{"taxonomy":"product_brand","embeddable":true,"href":"https:\/\/becreative.ee\/en\/wp-json\/wp\/v2\/product_brand?post=2267"},{"taxonomy":"product_cat","embeddable":true,"href":"https:\/\/becreative.ee\/en\/wp-json\/wp\/v2\/product_cat?post=2267"},{"taxonomy":"product_tag","embeddable":true,"href":"https:\/\/becreative.ee\/en\/wp-json\/wp\/v2\/product_tag?post=2267"}],"curies":[{"name":"wp","href":"https:\/\/api.w.org\/{rel}","templated":true}]}}