{"id":2327,"date":"2020-10-05T12:20:48","date_gmt":"2020-10-05T12:20:48","guid":{"rendered":"https:\/\/becreative.ee\/?post_type=product&#038;p=2327"},"modified":"2025-02-05T18:45:32","modified_gmt":"2025-02-05T18:45:32","slug":"long-washfilzit","status":"publish","type":"product","link":"https:\/\/becreative.ee\/en\/product\/long-washfilzit\/","title":{"rendered":"L\u00f5ng Wash+Filz+It"},"content":{"rendered":"<p>L\u00f5ng: 100% uus vill<\/p>\n<p>V\u00e4rv: erinevad v\u00e4rvid<\/p>\n<p>Varda suurus: 8 &#8211; 9 mm<\/p>\n<p>Heegeln\u00f5ela suurus: 8 &#8211; 9 mm<\/p>\n<p>Kaal: 50 g<\/p>\n<p>L\u00f5nga pikkus: 50 m<\/p>\n<p>&nbsp;<\/p>\n<p>Pesujuhised:<\/p>\n<p><img decoding=\"async\" class=\"alignnone size-full wp-image-879\" src=\"https:\/\/becreative.ee\/wp-content\/uploads\/2020\/04\/k\u00e4sitsipesu.png\" alt=\"\" width=\"50\" height=\"50\" \/> <img decoding=\"async\" class=\"alignnone size-full wp-image-299\" src=\"https:\/\/becreative.ee\/wp-content\/uploads\/2020\/03\/valgendamine-keelatud.png\" alt=\"\" width=\"50\" height=\"50\" \/> <img decoding=\"async\" class=\"alignnone size-full wp-image-298\" src=\"https:\/\/becreative.ee\/wp-content\/uploads\/2020\/03\/trummelkuivatus_keelatud.png\" alt=\"\" width=\"50\" height=\"50\" \/> <img loading=\"lazy\" decoding=\"async\" class=\"alignnone size-full wp-image-1407\" src=\"https:\/\/becreative.ee\/wp-content\/uploads\/2020\/05\/triikimine_keelatud.png\" alt=\"\" width=\"50\" height=\"50\" \/><img loading=\"lazy\" decoding=\"async\" class=\"alignnone size-full wp-image-1408\" src=\"https:\/\/becreative.ee\/wp-content\/uploads\/2020\/05\/keemiline_puhastus_keelatud.png\" alt=\"\" width=\"50\" height=\"50\" \/><\/p>\n<p>&nbsp;<\/p>\n<p>V\u00e4henemises on v\u00f5lu! Koo see mahuline 100% villast l\u00f5ng soovitud esemest suuremaks ning pese \u00f5ige suuruse saamiseks 40 kraadises vees. Valmistatud ese kahaneb 30 &#8211; 40 %. L\u00f5ng on suurep\u00e4rane kottide, susside ja koduste esemete valmistamiseks.<\/p>","protected":false},"excerpt":{"rendered":"<p>L\u00f5ng: 100% uus vill<\/p>\n<p>V\u00e4rv: erinevad v\u00e4rvid<\/p>\n<p>Varda suurus: 8 &#8211; 9 mm<\/p>\n<p>Heegeln\u00f5ela suurus: 8 &#8211; 9 mm<\/p>\n<p>Kaal: 50 g<\/p>\n<p>L\u00f5nga pikkus: 50 m<\/p>","protected":false},"featured_media":2323,"template":"","meta":[],"product_brand":[],"product_cat":[263,23,469,60],"product_tag":[],"class_list":{"0":"post-2327","1":"product","2":"type-product","3":"status-publish","4":"has-post-thumbnail","6":"product_cat-brandid","7":"product_cat-longad","8":"product_cat-schachenmayr","9":"product_cat-villane-long","11":"first","12":"instock","13":"taxable","14":"shipping-taxable","15":"purchasable","16":"product-type-variable"},"jetpack_sharing_enabled":true,"_links":{"self":[{"href":"https:\/\/becreative.ee\/en\/wp-json\/wp\/v2\/product\/2327","targetHints":{"allow":["GET"]}}],"collection":[{"href":"https:\/\/becreative.ee\/en\/wp-json\/wp\/v2\/product"}],"about":[{"href":"https:\/\/becreative.ee\/en\/wp-json\/wp\/v2\/types\/product"}],"version-history":[{"count":1,"href":"https:\/\/becreative.ee\/en\/wp-json\/wp\/v2\/product\/2327\/revisions"}],"predecessor-version":[{"id":2337,"href":"https:\/\/becreative.ee\/en\/wp-json\/wp\/v2\/product\/2327\/revisions\/2337"}],"wp:featuredmedia":[{"embeddable":true,"href":"https:\/\/becreative.ee\/en\/wp-json\/wp\/v2\/media\/2323"}],"wp:attachment":[{"href":"https:\/\/becreative.ee\/en\/wp-json\/wp\/v2\/media?parent=2327"}],"wp:term":[{"taxonomy":"product_brand","embeddable":true,"href":"https:\/\/becreative.ee\/en\/wp-json\/wp\/v2\/product_brand?post=2327"},{"taxonomy":"product_cat","embeddable":true,"href":"https:\/\/becreative.ee\/en\/wp-json\/wp\/v2\/product_cat?post=2327"},{"taxonomy":"product_tag","embeddable":true,"href":"https:\/\/becreative.ee\/en\/wp-json\/wp\/v2\/product_tag?post=2327"}],"curies":[{"name":"wp","href":"https:\/\/api.w.org\/{rel}","templated":true}]}}