{"id":2347,"date":"2020-10-05T12:44:30","date_gmt":"2020-10-05T12:44:30","guid":{"rendered":"https:\/\/becreative.ee\/?post_type=product&#038;p=2347"},"modified":"2023-12-06T08:00:31","modified_gmt":"2023-12-06T08:00:31","slug":"long-merino-extrafine-40","status":"publish","type":"product","link":"https:\/\/becreative.ee\/en\/product\/long-merino-extrafine-40\/","title":{"rendered":"L\u00f5ng Merino Extrafine 40"},"content":{"rendered":"<p>L\u00f5ng: 100% uus vill<\/p>\n<p>V\u00e4rv: erinevad v\u00e4rvid<\/p>\n<p>Varda suurus: 7 \u2013 8 mm<\/p>\n<p>Heegeln\u00f5ela suurus: 7 \u2013 8 mm<\/p>\n<p>Kaal: 50 g<\/p>\n<p>L\u00f5nga pikkus: 40 m<\/p>\n<p>&nbsp;<\/p>\n<p>Pesujuhised:<\/p>\n<p><img decoding=\"async\" class=\"alignnone size-full wp-image-299\" src=\"https:\/\/becreative.ee\/wp-content\/uploads\/2020\/03\/valgendamine-keelatud.png\" alt=\"\" width=\"50\" height=\"50\" \/> <img decoding=\"async\" class=\"alignnone size-full wp-image-300\" src=\"https:\/\/becreative.ee\/wp-content\/uploads\/2020\/03\/pesumajale-antav-teave-pesuvahendi-kohta.png\" alt=\"\" width=\"50\" height=\"50\" \/> <img decoding=\"async\" class=\"alignnone size-full wp-image-1015\" src=\"https:\/\/becreative.ee\/wp-content\/uploads\/2020\/04\/triikimine__tapp.png\" alt=\"\" width=\"50\" height=\"50\" \/> <img loading=\"lazy\" decoding=\"async\" class=\"alignnone size-full wp-image-1847\" src=\"https:\/\/becreative.ee\/wp-content\/uploads\/2020\/06\/orn_trummelkuivatus-tapiga.png\" alt=\"\" width=\"50\" height=\"50\" \/> <img loading=\"lazy\" decoding=\"async\" class=\"alignnone size-full wp-image-302\" src=\"https:\/\/becreative.ee\/wp-content\/uploads\/2020\/03\/kuivatada_laotatult.png\" alt=\"\" width=\"50\" height=\"50\" \/> <img loading=\"lazy\" decoding=\"async\" class=\"alignnone size-full wp-image-2348\" src=\"https:\/\/becreative.ee\/wp-content\/uploads\/2020\/10\/Eriti_orna_pesu_pesemine_vill_siid_40.png\" alt=\"\" width=\"50\" height=\"50\" \/><\/p>\n<p>&nbsp;<\/p>\n<p>\u00dclimalt kohev ja pehme 100% meriinovillane l\u00f5ng on suurep\u00e4rane algajale kudujale kuna t\u00f6\u00f6 valmib kiiresti. Kootud eset on ka hiljem lihtne hooldada kuna l\u00f5nga v\u00f5ib pesta 40 kraadises vees ja kuivatada madalal temperatuuril isegi kuivatis. \u00dche m\u00fctsi valmistamiseks kulub keskmiselt 150 g l\u00f5nga.<\/p>","protected":false},"excerpt":{"rendered":"<p>L\u00f5ng: 100% uus vill<\/p>\n<p>V\u00e4rv: erinevad v\u00e4rvid<\/p>\n<p>Varda suurus: 7 \u2013 8 mm<\/p>\n<p>Heegeln\u00f5ela suurus: 7 \u2013 8 mm<\/p>\n<p>Kaal: 50 g<\/p>\n<p>L\u00f5nga pikkus: 40 m<\/p>","protected":false},"featured_media":2340,"template":"","meta":[],"product_brand":[],"product_cat":[263,23,360,469],"product_tag":[],"class_list":{"0":"post-2347","1":"product","2":"type-product","3":"status-publish","4":"has-post-thumbnail","6":"product_cat-brandid","7":"product_cat-longad","8":"product_cat-meriinovillast-long","9":"product_cat-schachenmayr","11":"first","12":"instock","13":"taxable","14":"shipping-taxable","15":"purchasable","16":"product-type-variable"},"jetpack_sharing_enabled":true,"_links":{"self":[{"href":"https:\/\/becreative.ee\/en\/wp-json\/wp\/v2\/product\/2347","targetHints":{"allow":["GET"]}}],"collection":[{"href":"https:\/\/becreative.ee\/en\/wp-json\/wp\/v2\/product"}],"about":[{"href":"https:\/\/becreative.ee\/en\/wp-json\/wp\/v2\/types\/product"}],"version-history":[{"count":1,"href":"https:\/\/becreative.ee\/en\/wp-json\/wp\/v2\/product\/2347\/revisions"}],"predecessor-version":[{"id":2358,"href":"https:\/\/becreative.ee\/en\/wp-json\/wp\/v2\/product\/2347\/revisions\/2358"}],"wp:featuredmedia":[{"embeddable":true,"href":"https:\/\/becreative.ee\/en\/wp-json\/wp\/v2\/media\/2340"}],"wp:attachment":[{"href":"https:\/\/becreative.ee\/en\/wp-json\/wp\/v2\/media?parent=2347"}],"wp:term":[{"taxonomy":"product_brand","embeddable":true,"href":"https:\/\/becreative.ee\/en\/wp-json\/wp\/v2\/product_brand?post=2347"},{"taxonomy":"product_cat","embeddable":true,"href":"https:\/\/becreative.ee\/en\/wp-json\/wp\/v2\/product_cat?post=2347"},{"taxonomy":"product_tag","embeddable":true,"href":"https:\/\/becreative.ee\/en\/wp-json\/wp\/v2\/product_tag?post=2347"}],"curies":[{"name":"wp","href":"https:\/\/api.w.org\/{rel}","templated":true}]}}