{"id":2453,"date":"2020-11-18T13:47:45","date_gmt":"2020-11-18T13:47:45","guid":{"rendered":"https:\/\/becreative.ee\/?post_type=product&#038;p=2453"},"modified":"2021-03-18T12:26:24","modified_gmt":"2021-03-18T12:26:24","slug":"prym-ergonoomilised-sukavardad-8mm","status":"publish","type":"product","link":"https:\/\/becreative.ee\/en\/product\/prym-ergonoomilised-sukavardad-8mm\/","title":{"rendered":"Prym ergonoomilised sukavardad 8mm"},"content":{"rendered":"<p>Varraste suurus: 8mm<\/p>\n<p>Varraste pikkus: 20cm<\/p>\n<p>&nbsp;<\/p>\n<p>Need uuenduslikud kerged, paindlikud ergonoomilised sukavardad on v\u00e4lja t\u00f6\u00f6tatud ja tootetud vastavalt kudujate vajadusi ja soovitusi silmas pidades. Tilgakujulised varda otsad muudavad kudumise kiiremaks ja lihtsamaks. T\u00e4nu kolmnurksele varda l\u00e4bil\u00f5ikele puutuvad silmused v\u00e4hem vastu varrast ja just seep\u00e4rast liiguvad silmused vardal kergemini. Vardad on valmistatud k\u00f5rgkvaliteedilisest plastikust. Komplektis on viis varrast.<\/p>","protected":false},"excerpt":{"rendered":"<p>Varraste suurus: 8mm<\/p>\n<p>Varraste pikkus: 20cm<\/p>\n<p>&nbsp;<\/p>\n<p>Need uuenduslikud kerged, paindlikud ergonoomilised sukavardad on v\u00e4lja t\u00f6\u00f6tatud ja tootetud vastavalt kudujate vajadusi ja soovitusi silmas pidades. Tilgakujulised varda otsad muudavad kudumise kiiremaks ja lihtsamaks. T\u00e4nu kolmnurksele varda l\u00e4bil\u00f5ikele puutuvad silmused v\u00e4hem vastu varrast ja just seep\u00e4rast liiguvad silmused vardal kergemini. Vardad on valmistatud k\u00f5rgkvaliteedilisest plastikust. Komplektis on viis varrast.<\/p>","protected":false},"featured_media":2454,"template":"","meta":[],"product_brand":[],"product_cat":[263,782,272,791],"product_tag":[],"class_list":{"0":"post-2453","1":"product","2":"type-product","3":"status-publish","4":"has-post-thumbnail","6":"product_cat-brandid","7":"product_cat-kudumine","8":"product_cat-prym","9":"product_cat-vardad-kudumine","11":"first","12":"instock","13":"taxable","14":"shipping-taxable","15":"purchasable","16":"product-type-simple"},"jetpack_sharing_enabled":true,"_links":{"self":[{"href":"https:\/\/becreative.ee\/en\/wp-json\/wp\/v2\/product\/2453","targetHints":{"allow":["GET"]}}],"collection":[{"href":"https:\/\/becreative.ee\/en\/wp-json\/wp\/v2\/product"}],"about":[{"href":"https:\/\/becreative.ee\/en\/wp-json\/wp\/v2\/types\/product"}],"version-history":[{"count":1,"href":"https:\/\/becreative.ee\/en\/wp-json\/wp\/v2\/product\/2453\/revisions"}],"predecessor-version":[{"id":2456,"href":"https:\/\/becreative.ee\/en\/wp-json\/wp\/v2\/product\/2453\/revisions\/2456"}],"wp:featuredmedia":[{"embeddable":true,"href":"https:\/\/becreative.ee\/en\/wp-json\/wp\/v2\/media\/2454"}],"wp:attachment":[{"href":"https:\/\/becreative.ee\/en\/wp-json\/wp\/v2\/media?parent=2453"}],"wp:term":[{"taxonomy":"product_brand","embeddable":true,"href":"https:\/\/becreative.ee\/en\/wp-json\/wp\/v2\/product_brand?post=2453"},{"taxonomy":"product_cat","embeddable":true,"href":"https:\/\/becreative.ee\/en\/wp-json\/wp\/v2\/product_cat?post=2453"},{"taxonomy":"product_tag","embeddable":true,"href":"https:\/\/becreative.ee\/en\/wp-json\/wp\/v2\/product_tag?post=2453"}],"curies":[{"name":"wp","href":"https:\/\/api.w.org\/{rel}","templated":true}]}}