{"id":2463,"date":"2020-11-18T14:17:53","date_gmt":"2020-11-18T14:17:53","guid":{"rendered":"https:\/\/becreative.ee\/?post_type=product&#038;p=2463"},"modified":"2021-12-05T10:49:24","modified_gmt":"2021-12-05T10:49:24","slug":"lehviktuti-otsik","status":"publish","type":"product","link":"https:\/\/becreative.ee\/en\/product\/lehviktuti-otsik\/","title":{"rendered":"Lehviktuti otsik"},"content":{"rendered":"<p>Plastikust lehviktuttide otsikud on m\u00f5eldud erinevates toredates k\u00e4sit\u00f6\u00f6projektides kasutamiseks. Valmistage lehviktutt, lisage v\u00e4heke liimi ja suruge tutt otsikusse. N\u00fc\u00fcd saate riputada aasaga tuti \u00fcksk\u00f5ik millise t\u00f6\u00f6 juurde. Pakis on 6 otsikut kahes erinevas suuruses: 3*10mm ja 3*16m.<\/p>","protected":false},"excerpt":{"rendered":"<p>Plastikust lehviktuttide otsikud on m\u00f5eldud erinevates toredates k\u00e4sit\u00f6\u00f6projektides kasutamiseks. Valmistage lehviktutt, lisage v\u00e4heke liimi ja suruge tutt otsikusse. N\u00fc\u00fcd saate riputada aasaga tuti \u00fcksk\u00f5ik millise t\u00f6\u00f6 juurde. Pakis on 6 otsikut kahes erinevas suuruses: 3*10mm ja 3*16m.<\/p>","protected":false},"featured_media":2464,"template":"","meta":[],"product_brand":[],"product_cat":[263,279,493,272],"product_tag":[],"class_list":{"0":"post-2463","1":"product","2":"type-product","3":"status-publish","4":"has-post-thumbnail","6":"product_cat-brandid","7":"product_cat-kasitooks-vajalik","8":"product_cat-otsikud","9":"product_cat-prym","11":"first","12":"instock","13":"taxable","14":"shipping-taxable","15":"purchasable","16":"product-type-variable"},"jetpack_sharing_enabled":true,"_links":{"self":[{"href":"https:\/\/becreative.ee\/en\/wp-json\/wp\/v2\/product\/2463","targetHints":{"allow":["GET"]}}],"collection":[{"href":"https:\/\/becreative.ee\/en\/wp-json\/wp\/v2\/product"}],"about":[{"href":"https:\/\/becreative.ee\/en\/wp-json\/wp\/v2\/types\/product"}],"version-history":[{"count":1,"href":"https:\/\/becreative.ee\/en\/wp-json\/wp\/v2\/product\/2463\/revisions"}],"predecessor-version":[{"id":2465,"href":"https:\/\/becreative.ee\/en\/wp-json\/wp\/v2\/product\/2463\/revisions\/2465"}],"wp:featuredmedia":[{"embeddable":true,"href":"https:\/\/becreative.ee\/en\/wp-json\/wp\/v2\/media\/2464"}],"wp:attachment":[{"href":"https:\/\/becreative.ee\/en\/wp-json\/wp\/v2\/media?parent=2463"}],"wp:term":[{"taxonomy":"product_brand","embeddable":true,"href":"https:\/\/becreative.ee\/en\/wp-json\/wp\/v2\/product_brand?post=2463"},{"taxonomy":"product_cat","embeddable":true,"href":"https:\/\/becreative.ee\/en\/wp-json\/wp\/v2\/product_cat?post=2463"},{"taxonomy":"product_tag","embeddable":true,"href":"https:\/\/becreative.ee\/en\/wp-json\/wp\/v2\/product_tag?post=2463"}],"curies":[{"name":"wp","href":"https:\/\/api.w.org\/{rel}","templated":true}]}}