{"id":2477,"date":"2020-12-07T13:46:06","date_gmt":"2020-12-07T13:46:06","guid":{"rendered":"https:\/\/becreative.ee\/?post_type=product&#038;p=2477"},"modified":"2023-02-05T11:06:15","modified_gmt":"2023-02-05T11:06:15","slug":"trukkide-eemaldamise-otsik","status":"publish","type":"product","link":"https:\/\/becreative.ee\/en\/product\/trukkide-eemaldamise-otsik\/","title":{"rendered":"Trukkide eemaldamise otsik"},"content":{"rendered":"<p>Otsik on m\u00f5eldud kasutamiseks Prym truki paigaldamise t\u00f6\u00f6riistaga. M\u00f5nikord v\u00f5ib plastikust truki paigaldamisel tulla vajadus paigaldatud trukk eemaldada. Antud otsik ongi just spetsiaalselt selle t\u00f6\u00f6 jaoks valmistatud. Eemaldada saab 9mm ja 12,4mm trukke.<\/p>","protected":false},"excerpt":{"rendered":"<p>Otsik on m\u00f5eldud kasutamiseks Prym truki paigaldamise t\u00f6\u00f6riistaga. M\u00f5nikord v\u00f5ib plastikust truki paigaldamisel tulla vajadus paigaldatud trukk eemaldada. Antud otsik ongi just spetsiaalselt selle t\u00f6\u00f6 jaoks valmistatud. Eemaldada saab 9mm ja 12,4mm trukke.<\/p>","protected":false},"featured_media":2478,"template":"","meta":[],"product_brand":[],"product_cat":[263,279,932,272,1191,280],"product_tag":[],"class_list":{"0":"post-2477","1":"product","2":"type-product","3":"status-publish","4":"has-post-thumbnail","6":"product_cat-brandid","7":"product_cat-kasitooks-vajalik","8":"product_cat-omblemine","9":"product_cat-prym","10":"product_cat-trukid-omblemine","11":"product_cat-trukid","13":"first","14":"instock","15":"taxable","16":"shipping-taxable","17":"purchasable","18":"product-type-simple"},"jetpack_sharing_enabled":true,"_links":{"self":[{"href":"https:\/\/becreative.ee\/en\/wp-json\/wp\/v2\/product\/2477","targetHints":{"allow":["GET"]}}],"collection":[{"href":"https:\/\/becreative.ee\/en\/wp-json\/wp\/v2\/product"}],"about":[{"href":"https:\/\/becreative.ee\/en\/wp-json\/wp\/v2\/types\/product"}],"version-history":[{"count":1,"href":"https:\/\/becreative.ee\/en\/wp-json\/wp\/v2\/product\/2477\/revisions"}],"predecessor-version":[{"id":2480,"href":"https:\/\/becreative.ee\/en\/wp-json\/wp\/v2\/product\/2477\/revisions\/2480"}],"wp:featuredmedia":[{"embeddable":true,"href":"https:\/\/becreative.ee\/en\/wp-json\/wp\/v2\/media\/2478"}],"wp:attachment":[{"href":"https:\/\/becreative.ee\/en\/wp-json\/wp\/v2\/media?parent=2477"}],"wp:term":[{"taxonomy":"product_brand","embeddable":true,"href":"https:\/\/becreative.ee\/en\/wp-json\/wp\/v2\/product_brand?post=2477"},{"taxonomy":"product_cat","embeddable":true,"href":"https:\/\/becreative.ee\/en\/wp-json\/wp\/v2\/product_cat?post=2477"},{"taxonomy":"product_tag","embeddable":true,"href":"https:\/\/becreative.ee\/en\/wp-json\/wp\/v2\/product_tag?post=2477"}],"curies":[{"name":"wp","href":"https:\/\/api.w.org\/{rel}","templated":true}]}}