{"id":2481,"date":"2020-12-07T14:03:04","date_gmt":"2020-12-07T14:03:04","guid":{"rendered":"https:\/\/becreative.ee\/?post_type=product&#038;p=2481"},"modified":"2023-07-20T11:49:24","modified_gmt":"2023-07-20T11:49:24","slug":"varvilised-metallist-trukid","status":"publish","type":"product","link":"https:\/\/becreative.ee\/en\/product\/varvilised-metallist-trukid\/","title":{"rendered":"V\u00e4rvilised metallist trukid"},"content":{"rendered":"<p>Metallist trukid sobivad \u00f5hematele, venivatele kangastele. Eriti tihti kasutatakse neid beebi- ja laster\u00f5ivaste valmistamisel. Komplektis on 8mm l\u00e4bim\u00f5\u00f5duga trukid (21 t\u00fckki) ja t\u00f6\u00f6riist trukkide paigaldamiseks.<\/p>\n<p>N\u00c4PUN\u00c4IDE<\/p>\n<p>Kui olete endale soetanud Prym truki paigaldamise t\u00f6\u00f6riista, j\u00e4tke alles paigalduskomplektis olevad valged otsikud. Need sobivad tangidele ja hiljem saate osta vaid trukke.<\/p>","protected":false},"excerpt":{"rendered":"<p>Metallist trukid sobivad \u00f5hematele, venivatele kangastele. Eriti tihti kasutatakse neid beebi- ja laster\u00f5ivaste valmistamisel. Komplektis on 8mm l\u00e4bim\u00f5\u00f5duga trukid (21 t\u00fckki) ja t\u00f6\u00f6riist trukkide paigaldamiseks.<\/p>\n<p>N\u00c4PUN\u00c4IDE<\/p>\n<p>Kui olete endale soetanud Prym truki paigaldamise t\u00f6\u00f6riista, j\u00e4tke alles paigalduskomplektis olevad valged otsikud. Need sobivad tangidele ja hiljem saate osta vaid trukke.<\/p>","protected":false},"featured_media":2482,"template":"","meta":[],"product_brand":[],"product_cat":[263,279,932,272,280,1191],"product_tag":[],"class_list":{"0":"post-2481","1":"product","2":"type-product","3":"status-publish","4":"has-post-thumbnail","6":"product_cat-brandid","7":"product_cat-kasitooks-vajalik","8":"product_cat-omblemine","9":"product_cat-prym","10":"product_cat-trukid","11":"product_cat-trukid-omblemine","13":"first","14":"instock","15":"taxable","16":"shipping-taxable","17":"purchasable","18":"product-type-variable"},"jetpack_sharing_enabled":true,"_links":{"self":[{"href":"https:\/\/becreative.ee\/en\/wp-json\/wp\/v2\/product\/2481","targetHints":{"allow":["GET"]}}],"collection":[{"href":"https:\/\/becreative.ee\/en\/wp-json\/wp\/v2\/product"}],"about":[{"href":"https:\/\/becreative.ee\/en\/wp-json\/wp\/v2\/types\/product"}],"version-history":[{"count":1,"href":"https:\/\/becreative.ee\/en\/wp-json\/wp\/v2\/product\/2481\/revisions"}],"predecessor-version":[{"id":2483,"href":"https:\/\/becreative.ee\/en\/wp-json\/wp\/v2\/product\/2481\/revisions\/2483"}],"wp:featuredmedia":[{"embeddable":true,"href":"https:\/\/becreative.ee\/en\/wp-json\/wp\/v2\/media\/2482"}],"wp:attachment":[{"href":"https:\/\/becreative.ee\/en\/wp-json\/wp\/v2\/media?parent=2481"}],"wp:term":[{"taxonomy":"product_brand","embeddable":true,"href":"https:\/\/becreative.ee\/en\/wp-json\/wp\/v2\/product_brand?post=2481"},{"taxonomy":"product_cat","embeddable":true,"href":"https:\/\/becreative.ee\/en\/wp-json\/wp\/v2\/product_cat?post=2481"},{"taxonomy":"product_tag","embeddable":true,"href":"https:\/\/becreative.ee\/en\/wp-json\/wp\/v2\/product_tag?post=2481"}],"curies":[{"name":"wp","href":"https:\/\/api.w.org\/{rel}","templated":true}]}}