{"id":2504,"date":"2020-12-07T14:28:05","date_gmt":"2020-12-07T14:28:05","guid":{"rendered":"https:\/\/becreative.ee\/?post_type=product&#038;p=2504"},"modified":"2023-02-05T11:03:15","modified_gmt":"2023-02-05T11:03:15","slug":"presskinnitusega-trukid","status":"publish","type":"product","link":"https:\/\/becreative.ee\/en\/product\/presskinnitusega-trukid\/","title":{"rendered":"Presskinnitusega trukid"},"content":{"rendered":"<p>Trukkide kasutamise v\u00f5imalusi on tohutult palju. Mis saaks olla veel lihtsam, kui neid on v\u00f5imalik paigaldada paari liigutusega. Vajad vaid Prym truki paigaldamise t\u00f6\u00f6riista ning sobivaid trukke. Pakis on 10 trukki diameetriga 15mm.<\/p>","protected":false},"excerpt":{"rendered":"<p>Trukkide kasutamise v\u00f5imalusi on tohutult palju. Mis saaks olla veel lihtsam, kui neid on v\u00f5imalik paigaldada paari liigutusega. Vajad vaid Prym truki paigaldamise t\u00f6\u00f6riista ning sobivaid trukke. Pakis on 10 trukki diameetriga 15mm.<\/p>","protected":false},"featured_media":2505,"template":"","meta":[],"product_brand":[],"product_cat":[263,279,932,272,1191,280],"product_tag":[],"class_list":{"0":"post-2504","1":"product","2":"type-product","3":"status-publish","4":"has-post-thumbnail","6":"product_cat-brandid","7":"product_cat-kasitooks-vajalik","8":"product_cat-omblemine","9":"product_cat-prym","10":"product_cat-trukid-omblemine","11":"product_cat-trukid","13":"first","14":"instock","15":"taxable","16":"shipping-taxable","17":"purchasable","18":"product-type-simple"},"jetpack_sharing_enabled":true,"_links":{"self":[{"href":"https:\/\/becreative.ee\/en\/wp-json\/wp\/v2\/product\/2504","targetHints":{"allow":["GET"]}}],"collection":[{"href":"https:\/\/becreative.ee\/en\/wp-json\/wp\/v2\/product"}],"about":[{"href":"https:\/\/becreative.ee\/en\/wp-json\/wp\/v2\/types\/product"}],"version-history":[{"count":1,"href":"https:\/\/becreative.ee\/en\/wp-json\/wp\/v2\/product\/2504\/revisions"}],"predecessor-version":[{"id":2506,"href":"https:\/\/becreative.ee\/en\/wp-json\/wp\/v2\/product\/2504\/revisions\/2506"}],"wp:featuredmedia":[{"embeddable":true,"href":"https:\/\/becreative.ee\/en\/wp-json\/wp\/v2\/media\/2505"}],"wp:attachment":[{"href":"https:\/\/becreative.ee\/en\/wp-json\/wp\/v2\/media?parent=2504"}],"wp:term":[{"taxonomy":"product_brand","embeddable":true,"href":"https:\/\/becreative.ee\/en\/wp-json\/wp\/v2\/product_brand?post=2504"},{"taxonomy":"product_cat","embeddable":true,"href":"https:\/\/becreative.ee\/en\/wp-json\/wp\/v2\/product_cat?post=2504"},{"taxonomy":"product_tag","embeddable":true,"href":"https:\/\/becreative.ee\/en\/wp-json\/wp\/v2\/product_tag?post=2504"}],"curies":[{"name":"wp","href":"https:\/\/api.w.org\/{rel}","templated":true}]}}