{"id":2507,"date":"2020-12-07T14:30:45","date_gmt":"2020-12-07T14:30:45","guid":{"rendered":"https:\/\/becreative.ee\/?post_type=product&#038;p=2507"},"modified":"2023-02-05T11:02:46","modified_gmt":"2023-02-05T11:02:46","slug":"metallist-trukid","status":"publish","type":"product","link":"https:\/\/becreative.ee\/en\/product\/metallist-trukid\/","title":{"rendered":"Metallist trukid"},"content":{"rendered":"<p>Metallist trukid sobivad \u00f5hematele, venivatele kangastele. Eriti tihti kasutatakse neid beebi- ja laster\u00f5ivaste valmistamisel. Komplektis on 10mm l\u00e4bim\u00f5\u00f5duga trukid (20 t\u00fckki). Trukkide paigaldamiseks on vajalik Prym truki paigaldamise t\u00f6\u00f6riist vastava otsikuga.<\/p>","protected":false},"excerpt":{"rendered":"<p>Metallist trukid sobivad \u00f5hematele, venivatele kangastele. Eriti tihti kasutatakse neid beebi- ja laster\u00f5ivaste valmistamisel. Komplektis on 10mm l\u00e4bim\u00f5\u00f5duga trukid (20 t\u00fckki). Trukkide paigaldamiseks on vajalik Prym truki paigaldamise t\u00f6\u00f6riist vastava otsikuga.<\/p>","protected":false},"featured_media":2508,"template":"","meta":[],"product_brand":[],"product_cat":[263,279,932,272,1191,280],"product_tag":[],"class_list":{"0":"post-2507","1":"product","2":"type-product","3":"status-publish","4":"has-post-thumbnail","6":"product_cat-brandid","7":"product_cat-kasitooks-vajalik","8":"product_cat-omblemine","9":"product_cat-prym","10":"product_cat-trukid-omblemine","11":"product_cat-trukid","13":"first","14":"instock","15":"taxable","16":"shipping-taxable","17":"purchasable","18":"product-type-simple"},"jetpack_sharing_enabled":true,"_links":{"self":[{"href":"https:\/\/becreative.ee\/en\/wp-json\/wp\/v2\/product\/2507","targetHints":{"allow":["GET"]}}],"collection":[{"href":"https:\/\/becreative.ee\/en\/wp-json\/wp\/v2\/product"}],"about":[{"href":"https:\/\/becreative.ee\/en\/wp-json\/wp\/v2\/types\/product"}],"version-history":[{"count":1,"href":"https:\/\/becreative.ee\/en\/wp-json\/wp\/v2\/product\/2507\/revisions"}],"predecessor-version":[{"id":2509,"href":"https:\/\/becreative.ee\/en\/wp-json\/wp\/v2\/product\/2507\/revisions\/2509"}],"wp:featuredmedia":[{"embeddable":true,"href":"https:\/\/becreative.ee\/en\/wp-json\/wp\/v2\/media\/2508"}],"wp:attachment":[{"href":"https:\/\/becreative.ee\/en\/wp-json\/wp\/v2\/media?parent=2507"}],"wp:term":[{"taxonomy":"product_brand","embeddable":true,"href":"https:\/\/becreative.ee\/en\/wp-json\/wp\/v2\/product_brand?post=2507"},{"taxonomy":"product_cat","embeddable":true,"href":"https:\/\/becreative.ee\/en\/wp-json\/wp\/v2\/product_cat?post=2507"},{"taxonomy":"product_tag","embeddable":true,"href":"https:\/\/becreative.ee\/en\/wp-json\/wp\/v2\/product_tag?post=2507"}],"curies":[{"name":"wp","href":"https:\/\/api.w.org\/{rel}","templated":true}]}}