{"id":2517,"date":"2020-12-07T14:37:42","date_gmt":"2020-12-07T14:37:42","guid":{"rendered":"https:\/\/becreative.ee\/?post_type=product&#038;p=2517"},"modified":"2024-03-28T14:21:08","modified_gmt":"2024-03-28T14:21:08","slug":"knit-pro-heegelnoel-25mm","status":"publish","type":"product","link":"https:\/\/becreative.ee\/en\/product\/knit-pro-heegelnoel-25mm\/","title":{"rendered":"Knit-Pro heegeln\u00f5el 2,5mm"},"content":{"rendered":"<p>Pehme k\u00e4epidemega tugev alumiiniumist heegeln\u00f5el. Igale v\u00e4rvitoonile vastab erinev heegeln\u00f5ela suurus.<\/p>","protected":false},"excerpt":{"rendered":"<p>Pehme k\u00e4epidemega tugev alumiiniumist heegeln\u00f5el. Igale v\u00e4rvitoonile vastab erinev heegeln\u00f5ela suurus.<\/p>","protected":false},"featured_media":3363,"template":"","meta":[],"product_brand":[],"product_cat":[263,783,789,321],"product_tag":[],"class_list":{"0":"post-2517","1":"product","2":"type-product","3":"status-publish","4":"has-post-thumbnail","6":"product_cat-brandid","7":"product_cat-heegeldamine","8":"product_cat-heegelnoelad-heegeldamine","9":"product_cat-knitpro","11":"first","12":"instock","13":"taxable","14":"shipping-taxable","15":"purchasable","16":"product-type-simple"},"jetpack_sharing_enabled":true,"_links":{"self":[{"href":"https:\/\/becreative.ee\/en\/wp-json\/wp\/v2\/product\/2517","targetHints":{"allow":["GET"]}}],"collection":[{"href":"https:\/\/becreative.ee\/en\/wp-json\/wp\/v2\/product"}],"about":[{"href":"https:\/\/becreative.ee\/en\/wp-json\/wp\/v2\/types\/product"}],"version-history":[{"count":1,"href":"https:\/\/becreative.ee\/en\/wp-json\/wp\/v2\/product\/2517\/revisions"}],"predecessor-version":[{"id":2519,"href":"https:\/\/becreative.ee\/en\/wp-json\/wp\/v2\/product\/2517\/revisions\/2519"}],"wp:featuredmedia":[{"embeddable":true,"href":"https:\/\/becreative.ee\/en\/wp-json\/wp\/v2\/media\/3363"}],"wp:attachment":[{"href":"https:\/\/becreative.ee\/en\/wp-json\/wp\/v2\/media?parent=2517"}],"wp:term":[{"taxonomy":"product_brand","embeddable":true,"href":"https:\/\/becreative.ee\/en\/wp-json\/wp\/v2\/product_brand?post=2517"},{"taxonomy":"product_cat","embeddable":true,"href":"https:\/\/becreative.ee\/en\/wp-json\/wp\/v2\/product_cat?post=2517"},{"taxonomy":"product_tag","embeddable":true,"href":"https:\/\/becreative.ee\/en\/wp-json\/wp\/v2\/product_tag?post=2517"}],"curies":[{"name":"wp","href":"https:\/\/api.w.org\/{rel}","templated":true}]}}