{"id":2520,"date":"2020-12-07T14:42:24","date_gmt":"2020-12-07T14:42:24","guid":{"rendered":"https:\/\/becreative.ee\/?post_type=product&#038;p=2520"},"modified":"2023-09-20T12:59:44","modified_gmt":"2023-09-20T12:59:44","slug":"knit-pro-heegelnoel-15mm","status":"publish","type":"product","link":"https:\/\/becreative.ee\/en\/product\/knit-pro-heegelnoel-15mm\/","title":{"rendered":"Knit-Pro heegeln\u00f5el 1,5mm"},"content":{"rendered":"<p>Heegeln\u00f5elaga, millel on ergonoomiliselt kujundatud k\u00e4epide v\u00f5ib ennast tundideks heegeldama unustada. Sile ja pehme k\u00e4epide sobib igale heegeldajale.<\/p>","protected":false},"excerpt":{"rendered":"<p>Heegeln\u00f5elaga, millel on ergonoomiliselt kujundatud k\u00e4epide v\u00f5ib ennast tundideks heegeldama unustada. Sile ja pehme k\u00e4epide sobib igale heegeldajale.<\/p>","protected":false},"featured_media":2521,"template":"","meta":[],"product_brand":[],"product_cat":[263,783,789,321],"product_tag":[],"class_list":{"0":"post-2520","1":"product","2":"type-product","3":"status-publish","4":"has-post-thumbnail","6":"product_cat-brandid","7":"product_cat-heegeldamine","8":"product_cat-heegelnoelad-heegeldamine","9":"product_cat-knitpro","11":"first","12":"instock","13":"taxable","14":"shipping-taxable","15":"purchasable","16":"product-type-simple"},"jetpack_sharing_enabled":true,"_links":{"self":[{"href":"https:\/\/becreative.ee\/en\/wp-json\/wp\/v2\/product\/2520","targetHints":{"allow":["GET"]}}],"collection":[{"href":"https:\/\/becreative.ee\/en\/wp-json\/wp\/v2\/product"}],"about":[{"href":"https:\/\/becreative.ee\/en\/wp-json\/wp\/v2\/types\/product"}],"version-history":[{"count":1,"href":"https:\/\/becreative.ee\/en\/wp-json\/wp\/v2\/product\/2520\/revisions"}],"predecessor-version":[{"id":2522,"href":"https:\/\/becreative.ee\/en\/wp-json\/wp\/v2\/product\/2520\/revisions\/2522"}],"wp:featuredmedia":[{"embeddable":true,"href":"https:\/\/becreative.ee\/en\/wp-json\/wp\/v2\/media\/2521"}],"wp:attachment":[{"href":"https:\/\/becreative.ee\/en\/wp-json\/wp\/v2\/media?parent=2520"}],"wp:term":[{"taxonomy":"product_brand","embeddable":true,"href":"https:\/\/becreative.ee\/en\/wp-json\/wp\/v2\/product_brand?post=2520"},{"taxonomy":"product_cat","embeddable":true,"href":"https:\/\/becreative.ee\/en\/wp-json\/wp\/v2\/product_cat?post=2520"},{"taxonomy":"product_tag","embeddable":true,"href":"https:\/\/becreative.ee\/en\/wp-json\/wp\/v2\/product_tag?post=2520"}],"curies":[{"name":"wp","href":"https:\/\/api.w.org\/{rel}","templated":true}]}}