{"id":2526,"date":"2020-12-07T14:45:57","date_gmt":"2020-12-07T14:45:57","guid":{"rendered":"https:\/\/becreative.ee\/?post_type=product&#038;p=2526"},"modified":"2021-05-29T08:00:42","modified_gmt":"2021-05-29T08:00:42","slug":"addi-heegelnoel-25mm","status":"publish","type":"product","link":"https:\/\/becreative.ee\/en\/product\/addi-heegelnoel-25mm\/","title":{"rendered":"Addi heegeln\u00f5el 2,5mm"},"content":{"rendered":"<p>Heegeln\u00f5ela suurus: 2,5mm<\/p>\n<p>Heegeln\u00f5ela pikkus: 15cm<\/p>\n<p>&nbsp;<\/p>\n<p>Addi puidust k\u00e4epidemega heegeln\u00f5el on valmistatud kvaliteetsest oliivipuust ning viimistletud loodusliku taime\u00f5liga.<\/p>","protected":false},"excerpt":{"rendered":"<p>Heegeln\u00f5ela suurus: 2,5mm<\/p>\n<p>Heegeln\u00f5ela pikkus: 15cm<\/p>\n<p>&nbsp;<\/p>\n<p>Addi puidust k\u00e4epidemega heegeln\u00f5el on valmistatud kvaliteetsest oliivipuust ning viimistletud loodusliku taime\u00f5liga.<\/p>","protected":false},"featured_media":2527,"template":"","meta":[],"product_brand":[],"product_cat":[269,263,783,789],"product_tag":[],"class_list":{"0":"post-2526","1":"product","2":"type-product","3":"status-publish","4":"has-post-thumbnail","6":"product_cat-addi","7":"product_cat-brandid","8":"product_cat-heegeldamine","9":"product_cat-heegelnoelad-heegeldamine","11":"first","12":"instock","13":"taxable","14":"shipping-taxable","15":"purchasable","16":"product-type-simple"},"jetpack_sharing_enabled":true,"_links":{"self":[{"href":"https:\/\/becreative.ee\/en\/wp-json\/wp\/v2\/product\/2526","targetHints":{"allow":["GET"]}}],"collection":[{"href":"https:\/\/becreative.ee\/en\/wp-json\/wp\/v2\/product"}],"about":[{"href":"https:\/\/becreative.ee\/en\/wp-json\/wp\/v2\/types\/product"}],"version-history":[{"count":1,"href":"https:\/\/becreative.ee\/en\/wp-json\/wp\/v2\/product\/2526\/revisions"}],"predecessor-version":[{"id":2528,"href":"https:\/\/becreative.ee\/en\/wp-json\/wp\/v2\/product\/2526\/revisions\/2528"}],"wp:featuredmedia":[{"embeddable":true,"href":"https:\/\/becreative.ee\/en\/wp-json\/wp\/v2\/media\/2527"}],"wp:attachment":[{"href":"https:\/\/becreative.ee\/en\/wp-json\/wp\/v2\/media?parent=2526"}],"wp:term":[{"taxonomy":"product_brand","embeddable":true,"href":"https:\/\/becreative.ee\/en\/wp-json\/wp\/v2\/product_brand?post=2526"},{"taxonomy":"product_cat","embeddable":true,"href":"https:\/\/becreative.ee\/en\/wp-json\/wp\/v2\/product_cat?post=2526"},{"taxonomy":"product_tag","embeddable":true,"href":"https:\/\/becreative.ee\/en\/wp-json\/wp\/v2\/product_tag?post=2526"}],"curies":[{"name":"wp","href":"https:\/\/api.w.org\/{rel}","templated":true}]}}