{"id":2529,"date":"2020-12-07T14:51:12","date_gmt":"2020-12-07T14:51:12","guid":{"rendered":"https:\/\/becreative.ee\/?post_type=product&#038;p=2529"},"modified":"2021-03-18T12:25:01","modified_gmt":"2021-03-18T12:25:01","slug":"cloveri-palmiku-kudumise-abivardad","status":"publish","type":"product","link":"https:\/\/becreative.ee\/en\/product\/cloveri-palmiku-kudumise-abivardad\/","title":{"rendered":"Cloveri palmiku kudumise abivardad"},"content":{"rendered":"<p>Cloveri plastikust palmiku kudumise abivardad teevad palmikute kudumise tunduvalt lihtsamaks. T\u00e4nu k\u00f5verdatud keskosale j\u00e4\u00e4b l\u00f5ng sinna pidama ja ei libise vardalt maha. Pakis on kolm erineva j\u00e4medusega varrast.<\/p>","protected":false},"excerpt":{"rendered":"<p>Cloveri plastikust palmiku kudumise abivardad teevad palmikute kudumise tunduvalt lihtsamaks. T\u00e4nu k\u00f5verdatud keskosale j\u00e4\u00e4b l\u00f5ng sinna pidama ja ei libise vardalt maha. Pakis on kolm erineva j\u00e4medusega varrast.<\/p>","protected":false},"featured_media":2530,"template":"","meta":[],"product_brand":[],"product_cat":[263,503,782,791],"product_tag":[],"class_list":{"0":"post-2529","1":"product","2":"type-product","3":"status-publish","4":"has-post-thumbnail","6":"product_cat-brandid","7":"product_cat-clover","8":"product_cat-kudumine","9":"product_cat-vardad-kudumine","11":"first","12":"instock","13":"taxable","14":"shipping-taxable","15":"purchasable","16":"product-type-simple"},"jetpack_sharing_enabled":true,"_links":{"self":[{"href":"https:\/\/becreative.ee\/en\/wp-json\/wp\/v2\/product\/2529","targetHints":{"allow":["GET"]}}],"collection":[{"href":"https:\/\/becreative.ee\/en\/wp-json\/wp\/v2\/product"}],"about":[{"href":"https:\/\/becreative.ee\/en\/wp-json\/wp\/v2\/types\/product"}],"version-history":[{"count":1,"href":"https:\/\/becreative.ee\/en\/wp-json\/wp\/v2\/product\/2529\/revisions"}],"predecessor-version":[{"id":2532,"href":"https:\/\/becreative.ee\/en\/wp-json\/wp\/v2\/product\/2529\/revisions\/2532"}],"wp:featuredmedia":[{"embeddable":true,"href":"https:\/\/becreative.ee\/en\/wp-json\/wp\/v2\/media\/2530"}],"wp:attachment":[{"href":"https:\/\/becreative.ee\/en\/wp-json\/wp\/v2\/media?parent=2529"}],"wp:term":[{"taxonomy":"product_brand","embeddable":true,"href":"https:\/\/becreative.ee\/en\/wp-json\/wp\/v2\/product_brand?post=2529"},{"taxonomy":"product_cat","embeddable":true,"href":"https:\/\/becreative.ee\/en\/wp-json\/wp\/v2\/product_cat?post=2529"},{"taxonomy":"product_tag","embeddable":true,"href":"https:\/\/becreative.ee\/en\/wp-json\/wp\/v2\/product_tag?post=2529"}],"curies":[{"name":"wp","href":"https:\/\/api.w.org\/{rel}","templated":true}]}}