{"id":2534,"date":"2020-12-07T14:55:03","date_gmt":"2020-12-07T14:55:03","guid":{"rendered":"https:\/\/becreative.ee\/?post_type=product&#038;p=2534"},"modified":"2023-01-24T12:03:18","modified_gmt":"2023-01-24T12:03:18","slug":"cloveri-kinnised-silmuste-markerid","status":"publish","type":"product","link":"https:\/\/becreative.ee\/en\/product\/cloveri-kinnised-silmuste-markerid\/","title":{"rendered":"Cloveri kinnised silmuste markerid"},"content":{"rendered":"<p>Plastikust kinnised silmuste markerid abistavad teid erinevates kudumise projektides. Eriti kasulikud on need mustrite korduste m\u00e4rgistamisel. Markereid on varrastele lihtne lisada ja \u00e4ra v\u00f5tta. Pakendis on kahes suuruses markerid: v\u00e4ikesed 10 tk ja suured 20 tk.<\/p>","protected":false},"excerpt":{"rendered":"<p>Plastikust kinnised silmuste markerid abistavad teid erinevates kudumise projektides. Eriti kasulikud on need mustrite korduste m\u00e4rgistamisel. Markereid on varrastele lihtne lisada ja \u00e4ra v\u00f5tta. Pakendis on kahes suuruses markerid: v\u00e4ikesed 10 tk ja suured 20 tk.<\/p>","protected":false},"featured_media":2535,"template":"","meta":[],"product_brand":[],"product_cat":[263,503,783,782,792,793],"product_tag":[],"class_list":{"0":"post-2534","1":"product","2":"type-product","3":"status-publish","4":"has-post-thumbnail","6":"product_cat-brandid","7":"product_cat-clover","8":"product_cat-heegeldamine","9":"product_cat-kudumine","10":"product_cat-markerid-heegeldamine","11":"product_cat-markerid-kudumine","13":"first","14":"instock","15":"taxable","16":"shipping-taxable","17":"purchasable","18":"product-type-simple"},"jetpack_sharing_enabled":true,"_links":{"self":[{"href":"https:\/\/becreative.ee\/en\/wp-json\/wp\/v2\/product\/2534","targetHints":{"allow":["GET"]}}],"collection":[{"href":"https:\/\/becreative.ee\/en\/wp-json\/wp\/v2\/product"}],"about":[{"href":"https:\/\/becreative.ee\/en\/wp-json\/wp\/v2\/types\/product"}],"version-history":[{"count":1,"href":"https:\/\/becreative.ee\/en\/wp-json\/wp\/v2\/product\/2534\/revisions"}],"predecessor-version":[{"id":2537,"href":"https:\/\/becreative.ee\/en\/wp-json\/wp\/v2\/product\/2534\/revisions\/2537"}],"wp:featuredmedia":[{"embeddable":true,"href":"https:\/\/becreative.ee\/en\/wp-json\/wp\/v2\/media\/2535"}],"wp:attachment":[{"href":"https:\/\/becreative.ee\/en\/wp-json\/wp\/v2\/media?parent=2534"}],"wp:term":[{"taxonomy":"product_brand","embeddable":true,"href":"https:\/\/becreative.ee\/en\/wp-json\/wp\/v2\/product_brand?post=2534"},{"taxonomy":"product_cat","embeddable":true,"href":"https:\/\/becreative.ee\/en\/wp-json\/wp\/v2\/product_cat?post=2534"},{"taxonomy":"product_tag","embeddable":true,"href":"https:\/\/becreative.ee\/en\/wp-json\/wp\/v2\/product_tag?post=2534"}],"curies":[{"name":"wp","href":"https:\/\/api.w.org\/{rel}","templated":true}]}}