{"id":2555,"date":"2020-12-07T15:38:23","date_gmt":"2020-12-07T15:38:23","guid":{"rendered":"https:\/\/becreative.ee\/?post_type=product&#038;p=2555"},"modified":"2026-01-14T13:04:58","modified_gmt":"2026-01-14T13:04:58","slug":"kasitoovilt","status":"publish","type":"product","link":"https:\/\/becreative.ee\/en\/product\/kasitoovilt\/","title":{"rendered":"K\u00e4sit\u00f6\u00f6vilt"},"content":{"rendered":"<p>K\u00e4sit\u00f6\u00f6vilt on materjal, mida on v\u00f5imalik kasutada v\u00e4ga erinevates projektides. Vilt on valmistatud 100% pol\u00fcestrist. Just sellel p\u00f5hjusel ei t\u00f5mba see pesemisel kokku. Lisaks vilt ei narmenda ega tuhmu. Lehe suurus on 20*30cm. Vilt on 2mm paksune.<\/p>","protected":false},"excerpt":{"rendered":"<p>K\u00e4sit\u00f6\u00f6vilt on materjal, mida on v\u00f5imalik kasutada v\u00e4ga erinevates projektides. Vilt on valmistatud 100% pol\u00fcestrist. Just sellel p\u00f5hjusel ei t\u00f5mba see pesemisel kokku. Lisaks vilt ei narmenda ega tuhmu. Lehe suurus on 20*30cm. Vilt on 2mm paksune.<\/p>","protected":false},"featured_media":2541,"template":"","meta":[],"product_brand":[],"product_cat":[279,520,1083],"product_tag":[],"class_list":{"0":"post-2555","1":"product","2":"type-product","3":"status-publish","4":"has-post-thumbnail","6":"product_cat-kasitooks-vajalik","7":"product_cat-vilt","8":"product_cat-viltimine","10":"first","11":"instock","12":"taxable","13":"shipping-taxable","14":"purchasable","15":"product-type-variable"},"jetpack_sharing_enabled":true,"_links":{"self":[{"href":"https:\/\/becreative.ee\/en\/wp-json\/wp\/v2\/product\/2555","targetHints":{"allow":["GET"]}}],"collection":[{"href":"https:\/\/becreative.ee\/en\/wp-json\/wp\/v2\/product"}],"about":[{"href":"https:\/\/becreative.ee\/en\/wp-json\/wp\/v2\/types\/product"}],"version-history":[{"count":2,"href":"https:\/\/becreative.ee\/en\/wp-json\/wp\/v2\/product\/2555\/revisions"}],"predecessor-version":[{"id":2581,"href":"https:\/\/becreative.ee\/en\/wp-json\/wp\/v2\/product\/2555\/revisions\/2581"}],"wp:featuredmedia":[{"embeddable":true,"href":"https:\/\/becreative.ee\/en\/wp-json\/wp\/v2\/media\/2541"}],"wp:attachment":[{"href":"https:\/\/becreative.ee\/en\/wp-json\/wp\/v2\/media?parent=2555"}],"wp:term":[{"taxonomy":"product_brand","embeddable":true,"href":"https:\/\/becreative.ee\/en\/wp-json\/wp\/v2\/product_brand?post=2555"},{"taxonomy":"product_cat","embeddable":true,"href":"https:\/\/becreative.ee\/en\/wp-json\/wp\/v2\/product_cat?post=2555"},{"taxonomy":"product_tag","embeddable":true,"href":"https:\/\/becreative.ee\/en\/wp-json\/wp\/v2\/product_tag?post=2555"}],"curies":[{"name":"wp","href":"https:\/\/api.w.org\/{rel}","templated":true}]}}