{"id":2658,"date":"2021-01-05T11:27:36","date_gmt":"2021-01-05T11:27:36","guid":{"rendered":"https:\/\/becreative.ee\/?post_type=product&#038;p=2658"},"modified":"2026-03-23T18:45:53","modified_gmt":"2026-03-23T18:45:53","slug":"puidust-detail-auguga-suda","status":"publish","type":"product","link":"https:\/\/becreative.ee\/en\/product\/puidust-detail-auguga-suda\/","title":{"rendered":"Puidust detail auguga &#8211; s\u00fcda"},"content":{"rendered":"<p>P\u00f6\u00f6gist s\u00fcdame k\u00f5rguseks on 24,3mm, laiuseks 25mm ning paksuseks 7,6mm. S\u00fcdame kaal on 2,4g. T\u00e4nu s\u00fcdant l\u00e4bivale augule on v\u00f5imalik detaili h\u00f5lpsasti kinnitada ja kasutada erinevate kettide ja keede valmistamisel. Toodet on testitud vastavalt EN 71-3 ohutusn\u00f5uete. Toodetud Hiinas.<\/p>","protected":false},"excerpt":{"rendered":"<p>P\u00f6\u00f6gist s\u00fcdame k\u00f5rguseks on 24,3mm, laiuseks 25mm ning paksuseks 7,6mm. S\u00fcdame kaal on 2,4g. T\u00e4nu s\u00fcdant l\u00e4bivale augule on v\u00f5imalik detaili h\u00f5lpsasti kinnitada ja kasutada erinevate kettide ja keede valmistamisel. Toodet on testitud vastavalt EN 71-3 ohutusn\u00f5uete.<\/p>","protected":false},"featured_media":2659,"template":"","meta":[],"product_brand":[],"product_cat":[17,575],"product_tag":[],"class_list":{"0":"post-2658","1":"product","2":"type-product","3":"status-publish","4":"has-post-thumbnail","6":"product_cat-manguasjadevalmistamine","7":"product_cat-puidust-detailid","9":"first","10":"instock","11":"taxable","12":"shipping-taxable","13":"purchasable","14":"product-type-simple"},"jetpack_sharing_enabled":true,"_links":{"self":[{"href":"https:\/\/becreative.ee\/en\/wp-json\/wp\/v2\/product\/2658","targetHints":{"allow":["GET"]}}],"collection":[{"href":"https:\/\/becreative.ee\/en\/wp-json\/wp\/v2\/product"}],"about":[{"href":"https:\/\/becreative.ee\/en\/wp-json\/wp\/v2\/types\/product"}],"version-history":[{"count":2,"href":"https:\/\/becreative.ee\/en\/wp-json\/wp\/v2\/product\/2658\/revisions"}],"predecessor-version":[{"id":2729,"href":"https:\/\/becreative.ee\/en\/wp-json\/wp\/v2\/product\/2658\/revisions\/2729"}],"wp:featuredmedia":[{"embeddable":true,"href":"https:\/\/becreative.ee\/en\/wp-json\/wp\/v2\/media\/2659"}],"wp:attachment":[{"href":"https:\/\/becreative.ee\/en\/wp-json\/wp\/v2\/media?parent=2658"}],"wp:term":[{"taxonomy":"product_brand","embeddable":true,"href":"https:\/\/becreative.ee\/en\/wp-json\/wp\/v2\/product_brand?post=2658"},{"taxonomy":"product_cat","embeddable":true,"href":"https:\/\/becreative.ee\/en\/wp-json\/wp\/v2\/product_cat?post=2658"},{"taxonomy":"product_tag","embeddable":true,"href":"https:\/\/becreative.ee\/en\/wp-json\/wp\/v2\/product_tag?post=2658"}],"curies":[{"name":"wp","href":"https:\/\/api.w.org\/{rel}","templated":true}]}}