{"id":2670,"date":"2020-12-17T14:41:11","date_gmt":"2020-12-17T14:41:11","guid":{"rendered":"https:\/\/becreative.ee\/?post_type=product&#038;p=2670"},"modified":"2023-02-05T11:04:38","modified_gmt":"2023-02-05T11:04:38","slug":"prym-trukitangide-kott","status":"publish","type":"product","link":"https:\/\/becreative.ee\/en\/product\/prym-trukitangide-kott\/","title":{"rendered":"Prym trukitangide kott"},"content":{"rendered":"<p>Kui olete soetanud endale Prym trukitangide t\u00f6\u00f6riista ja erinevaid otsikuid sobib teile kindlasti kott nende hoiustamiseks. Nii on alati k\u00f5ik vajalik \u00fches kohas ja vajadusel on t\u00f6\u00f6riista ka mugav kaasas kanda. Koti m\u00f5\u00f5tmeteks on 22,5 cm * 14cm. Kotil on mitu taskut, kus on v\u00f5imalik hoida erinevaid v\u00e4iksemaid tarvikuid.<\/p>\n<p>Pane t\u00e4hele! Tegemist on t\u00fchja kotiga.<\/p>","protected":false},"excerpt":{"rendered":"<p>Kui olete soetanud endale Prym trukitangide t\u00f6\u00f6riista ja erinevaid otsikuid sobib teile kindlasti kott nende hoiustamiseks. Nii on alati k\u00f5ik vajalik \u00fches kohas ja vajadusel on t\u00f6\u00f6riista ka mugav kaasas kanda. Koti m\u00f5\u00f5tmeteks on 22,5 cm * 14cm. Kotil on mitu taskut, kus on v\u00f5imalik hoida erinevaid v\u00e4iksemaid tarvikuid<\/p>\n<p>Pane t\u00e4hele! Tegemist on t\u00fchja kotiga.<\/p>","protected":false},"featured_media":2671,"template":"","meta":[],"product_brand":[],"product_cat":[263,279,932,272,1191,280],"product_tag":[],"class_list":{"0":"post-2670","1":"product","2":"type-product","3":"status-publish","4":"has-post-thumbnail","6":"product_cat-brandid","7":"product_cat-kasitooks-vajalik","8":"product_cat-omblemine","9":"product_cat-prym","10":"product_cat-trukid-omblemine","11":"product_cat-trukid","13":"first","14":"instock","15":"taxable","16":"shipping-taxable","17":"purchasable","18":"product-type-simple"},"jetpack_sharing_enabled":true,"_links":{"self":[{"href":"https:\/\/becreative.ee\/en\/wp-json\/wp\/v2\/product\/2670","targetHints":{"allow":["GET"]}}],"collection":[{"href":"https:\/\/becreative.ee\/en\/wp-json\/wp\/v2\/product"}],"about":[{"href":"https:\/\/becreative.ee\/en\/wp-json\/wp\/v2\/types\/product"}],"version-history":[{"count":3,"href":"https:\/\/becreative.ee\/en\/wp-json\/wp\/v2\/product\/2670\/revisions"}],"predecessor-version":[{"id":2676,"href":"https:\/\/becreative.ee\/en\/wp-json\/wp\/v2\/product\/2670\/revisions\/2676"}],"wp:featuredmedia":[{"embeddable":true,"href":"https:\/\/becreative.ee\/en\/wp-json\/wp\/v2\/media\/2671"}],"wp:attachment":[{"href":"https:\/\/becreative.ee\/en\/wp-json\/wp\/v2\/media?parent=2670"}],"wp:term":[{"taxonomy":"product_brand","embeddable":true,"href":"https:\/\/becreative.ee\/en\/wp-json\/wp\/v2\/product_brand?post=2670"},{"taxonomy":"product_cat","embeddable":true,"href":"https:\/\/becreative.ee\/en\/wp-json\/wp\/v2\/product_cat?post=2670"},{"taxonomy":"product_tag","embeddable":true,"href":"https:\/\/becreative.ee\/en\/wp-json\/wp\/v2\/product_tag?post=2670"}],"curies":[{"name":"wp","href":"https:\/\/api.w.org\/{rel}","templated":true}]}}