{"id":2677,"date":"2021-01-05T11:31:19","date_gmt":"2021-01-05T11:31:19","guid":{"rendered":"https:\/\/becreative.ee\/?post_type=product&#038;p=2677"},"modified":"2022-12-07T20:07:31","modified_gmt":"2022-12-07T20:07:31","slug":"puidust-detail-auguga-linnuke","status":"publish","type":"product","link":"https:\/\/becreative.ee\/en\/product\/puidust-detail-auguga-linnuke\/","title":{"rendered":"Puidust detail auguga &#8211; linnuke"},"content":{"rendered":"<p>P\u00f6\u00f6gist linnukese k\u00f5rguseks on 18,3mm, laiuseks 28,5mm ning paksuseks 7,4mm. Linnukese kaal on 2,2g. T\u00e4nu linnukest l\u00e4bivale augule on v\u00f5imalik detaili h\u00f5lpsasti kinnitada ja kasutada erinevate kettide ja keede valmistamisel. Toodet on testitud vastavalt EN 71-3 ohutusn\u00f5uete. Toodetud Hiinas.<\/p>","protected":false},"excerpt":{"rendered":"<p>P\u00f6\u00f6gist linnukese k\u00f5rguseks on 18,3mm, laiuseks 28,5mm ning paksuseks 7,4mm. Linnukese kaal on 2,2g. T\u00e4nu linnukest l\u00e4bivale augule on v\u00f5imalik detaili h\u00f5lpsasti kinnitada ja kasutada erinevate kettide ja keede valmistamisel. Toodet on testitud vastavalt EN 71-3 ohutusn\u00f5uete.<\/p>","protected":false},"featured_media":2678,"template":"","meta":[],"product_brand":[],"product_cat":[17,575],"product_tag":[],"class_list":{"0":"post-2677","1":"product","2":"type-product","3":"status-publish","4":"has-post-thumbnail","6":"product_cat-manguasjadevalmistamine","7":"product_cat-puidust-detailid","9":"first","10":"outofstock","11":"taxable","12":"shipping-taxable","13":"purchasable","14":"product-type-simple"},"jetpack_sharing_enabled":true,"_links":{"self":[{"href":"https:\/\/becreative.ee\/en\/wp-json\/wp\/v2\/product\/2677","targetHints":{"allow":["GET"]}}],"collection":[{"href":"https:\/\/becreative.ee\/en\/wp-json\/wp\/v2\/product"}],"about":[{"href":"https:\/\/becreative.ee\/en\/wp-json\/wp\/v2\/types\/product"}],"version-history":[{"count":3,"href":"https:\/\/becreative.ee\/en\/wp-json\/wp\/v2\/product\/2677\/revisions"}],"predecessor-version":[{"id":2731,"href":"https:\/\/becreative.ee\/en\/wp-json\/wp\/v2\/product\/2677\/revisions\/2731"}],"wp:featuredmedia":[{"embeddable":true,"href":"https:\/\/becreative.ee\/en\/wp-json\/wp\/v2\/media\/2678"}],"wp:attachment":[{"href":"https:\/\/becreative.ee\/en\/wp-json\/wp\/v2\/media?parent=2677"}],"wp:term":[{"taxonomy":"product_brand","embeddable":true,"href":"https:\/\/becreative.ee\/en\/wp-json\/wp\/v2\/product_brand?post=2677"},{"taxonomy":"product_cat","embeddable":true,"href":"https:\/\/becreative.ee\/en\/wp-json\/wp\/v2\/product_cat?post=2677"},{"taxonomy":"product_tag","embeddable":true,"href":"https:\/\/becreative.ee\/en\/wp-json\/wp\/v2\/product_tag?post=2677"}],"curies":[{"name":"wp","href":"https:\/\/api.w.org\/{rel}","templated":true}]}}