{"id":2682,"date":"2021-01-10T10:28:14","date_gmt":"2021-01-10T10:28:14","guid":{"rendered":"https:\/\/becreative.ee\/?post_type=product&#038;p=2682"},"modified":"2022-10-11T16:45:49","modified_gmt":"2022-10-11T16:45:49","slug":"kinnitus-manguasjadele","status":"publish","type":"product","link":"https:\/\/becreative.ee\/en\/product\/kinnitus-manguasjadele\/","title":{"rendered":"Kinnitus m\u00e4nguasjadele"},"content":{"rendered":"<p>Plastikust kinnitus on m\u00f5eldud eelk\u00f5ige m\u00e4nguasjade kinnitamiseks vankri v\u00f5i turvah\u00e4lli k\u00fclge. Kinnitust on lihtne kinnitada ja eemaldada. Toode omab EN71-3 sertifikaati. Suurus 73 x 5 mm.<\/p>","protected":false},"excerpt":{"rendered":"<p>Plastikust kinnitus on m\u00f5eldud eelk\u00f5ige m\u00e4nguasjade kinnitamiseks vankri v\u00f5i turvah\u00e4lli k\u00fclge. Kinnitust on lihtne kinnitada ja eemaldada. Toode omab EN71-3 sertifikaati. Suurus 73 x 5 mm.<\/p>","protected":false},"featured_media":5221,"template":"","meta":[],"product_brand":[],"product_cat":[263,265,59,17,339],"product_tag":[],"class_list":{"0":"post-2682","1":"product","2":"type-product","3":"status-publish","4":"has-post-thumbnail","6":"product_cat-brandid","7":"product_cat-go-handmade","8":"product_cat-kinnitusvahendid","9":"product_cat-manguasjadevalmistamine","10":"product_cat-plastikust-kinnitusvahendid","12":"first","13":"instock","14":"taxable","15":"shipping-taxable","16":"purchasable","17":"product-type-simple"},"jetpack_sharing_enabled":true,"_links":{"self":[{"href":"https:\/\/becreative.ee\/en\/wp-json\/wp\/v2\/product\/2682","targetHints":{"allow":["GET"]}}],"collection":[{"href":"https:\/\/becreative.ee\/en\/wp-json\/wp\/v2\/product"}],"about":[{"href":"https:\/\/becreative.ee\/en\/wp-json\/wp\/v2\/types\/product"}],"version-history":[{"count":4,"href":"https:\/\/becreative.ee\/en\/wp-json\/wp\/v2\/product\/2682\/revisions"}],"predecessor-version":[{"id":5222,"href":"https:\/\/becreative.ee\/en\/wp-json\/wp\/v2\/product\/2682\/revisions\/5222"}],"wp:featuredmedia":[{"embeddable":true,"href":"https:\/\/becreative.ee\/en\/wp-json\/wp\/v2\/media\/5221"}],"wp:attachment":[{"href":"https:\/\/becreative.ee\/en\/wp-json\/wp\/v2\/media?parent=2682"}],"wp:term":[{"taxonomy":"product_brand","embeddable":true,"href":"https:\/\/becreative.ee\/en\/wp-json\/wp\/v2\/product_brand?post=2682"},{"taxonomy":"product_cat","embeddable":true,"href":"https:\/\/becreative.ee\/en\/wp-json\/wp\/v2\/product_cat?post=2682"},{"taxonomy":"product_tag","embeddable":true,"href":"https:\/\/becreative.ee\/en\/wp-json\/wp\/v2\/product_tag?post=2682"}],"curies":[{"name":"wp","href":"https:\/\/api.w.org\/{rel}","templated":true}]}}