{"id":2688,"date":"2021-01-10T07:31:59","date_gmt":"2021-01-10T07:31:59","guid":{"rendered":"https:\/\/becreative.ee\/?post_type=product&#038;p=2688"},"modified":"2023-07-22T14:43:01","modified_gmt":"2023-07-22T14:43:01","slug":"otsik-kaelaratile","status":"publish","type":"product","link":"https:\/\/becreative.ee\/en\/product\/otsik-kaelaratile\/","title":{"rendered":"Otsik kaelar\u00e4tile"},"content":{"rendered":"<p>Toode on m\u00f5eldud kinnitamiseks beebi kaelar\u00e4ti otsa, kust ta saab seda soovi korral v\u00f5tta ja suhu pista, et leevendada s\u00fcgelust suus. Silikoonist otsiku pind on mummuline, et \u00f5rnalt beebi igemeid masseerida. Otsiku suurus on 4cm * 6cm. Otsik on valmistatud samast silikoonist, millest valmistatakse silikoonist n\u00f5usid. Silikoon on testidud ja vastab FDA n\u00f5uetele. Toodetud Hiinas.<\/p>","protected":false},"excerpt":{"rendered":"<p>Toode on m\u00f5eldud kinnitamiseks beebi kaelar\u00e4ti otsa, kust ta saab seda soovi korral v\u00f5tta ja suhu pista, et leevendada s\u00fcgelust suus. Silikoonist otsiku pind on mummuline, et \u00f5rnalt beebi igemeid masseerida. Otsiku suurus on 4cm * 6cm. Otsik on valmistatud samast silikoonist, millest valmistatakse silikoonist n\u00f5usid. Silikoon on testidud ja vastab FDA n\u00f5uetele.<\/p>","protected":false},"featured_media":2689,"template":"","meta":[],"product_brand":[],"product_cat":[17,578],"product_tag":[],"class_list":{"0":"post-2688","1":"product","2":"type-product","3":"status-publish","4":"has-post-thumbnail","6":"product_cat-manguasjadevalmistamine","7":"product_cat-otsikud-manguasjadetarvikud","9":"first","10":"instock","11":"taxable","12":"shipping-taxable","13":"purchasable","14":"product-type-simple"},"jetpack_sharing_enabled":true,"_links":{"self":[{"href":"https:\/\/becreative.ee\/en\/wp-json\/wp\/v2\/product\/2688","targetHints":{"allow":["GET"]}}],"collection":[{"href":"https:\/\/becreative.ee\/en\/wp-json\/wp\/v2\/product"}],"about":[{"href":"https:\/\/becreative.ee\/en\/wp-json\/wp\/v2\/types\/product"}],"version-history":[{"count":2,"href":"https:\/\/becreative.ee\/en\/wp-json\/wp\/v2\/product\/2688\/revisions"}],"predecessor-version":[{"id":2758,"href":"https:\/\/becreative.ee\/en\/wp-json\/wp\/v2\/product\/2688\/revisions\/2758"}],"wp:featuredmedia":[{"embeddable":true,"href":"https:\/\/becreative.ee\/en\/wp-json\/wp\/v2\/media\/2689"}],"wp:attachment":[{"href":"https:\/\/becreative.ee\/en\/wp-json\/wp\/v2\/media?parent=2688"}],"wp:term":[{"taxonomy":"product_brand","embeddable":true,"href":"https:\/\/becreative.ee\/en\/wp-json\/wp\/v2\/product_brand?post=2688"},{"taxonomy":"product_cat","embeddable":true,"href":"https:\/\/becreative.ee\/en\/wp-json\/wp\/v2\/product_cat?post=2688"},{"taxonomy":"product_tag","embeddable":true,"href":"https:\/\/becreative.ee\/en\/wp-json\/wp\/v2\/product_tag?post=2688"}],"curies":[{"name":"wp","href":"https:\/\/api.w.org\/{rel}","templated":true}]}}