{"id":2691,"date":"2020-12-29T12:02:38","date_gmt":"2020-12-29T12:02:38","guid":{"rendered":"https:\/\/becreative.ee\/?post_type=product&#038;p=2691"},"modified":"2022-06-18T18:55:23","modified_gmt":"2022-06-18T18:55:23","slug":"puidust-detail-linnuke","status":"publish","type":"product","link":"https:\/\/becreative.ee\/en\/product\/puidust-detail-linnuke\/","title":{"rendered":"Puidust detail &#8211; linnuke"},"content":{"rendered":"<p>P\u00f6\u00f6gist linnukese kujuga detail sobib kasutamiseks erinevate m\u00e4nguasjade osana. Tegemist on testitud tootega ja toode omab sertifikaati EN 71-3 (Euroopas m\u00e4nguasjade ohutusn\u00f5uete standard). Toode ei ole m\u00f5eldud n\u00e4rimisr\u00f5nga asendamiseks. Linnukese pikkus nokast sabani on 7,4cm ning kaal 11,8g. Toodetud Hiinas.<\/p>","protected":false},"excerpt":{"rendered":"<p>P\u00f6\u00f6gist linnukese kujuga detail sobib kasutamiseks erinevate m\u00e4nguasjade osana. Tegemist on testitud tootega ja toode omab sertifikaati EN 71-3 (Euroopas m\u00e4nguasjade ohutusn\u00f5uete standard). Toode ei ole m\u00f5eldud n\u00e4rimisr\u00f5nga asendamiseks. Linnukese pikkus nokast sabani on 7,4cm ning kaal 11,8g.<\/p>","protected":false},"featured_media":2707,"template":"","meta":[],"product_brand":[],"product_cat":[17,575],"product_tag":[],"class_list":{"0":"post-2691","1":"product","2":"type-product","3":"status-publish","4":"has-post-thumbnail","6":"product_cat-manguasjadevalmistamine","7":"product_cat-puidust-detailid","9":"first","10":"outofstock","11":"taxable","12":"shipping-taxable","13":"purchasable","14":"product-type-simple"},"jetpack_sharing_enabled":true,"_links":{"self":[{"href":"https:\/\/becreative.ee\/en\/wp-json\/wp\/v2\/product\/2691","targetHints":{"allow":["GET"]}}],"collection":[{"href":"https:\/\/becreative.ee\/en\/wp-json\/wp\/v2\/product"}],"about":[{"href":"https:\/\/becreative.ee\/en\/wp-json\/wp\/v2\/types\/product"}],"version-history":[{"count":2,"href":"https:\/\/becreative.ee\/en\/wp-json\/wp\/v2\/product\/2691\/revisions"}],"predecessor-version":[{"id":2702,"href":"https:\/\/becreative.ee\/en\/wp-json\/wp\/v2\/product\/2691\/revisions\/2702"}],"wp:featuredmedia":[{"embeddable":true,"href":"https:\/\/becreative.ee\/en\/wp-json\/wp\/v2\/media\/2707"}],"wp:attachment":[{"href":"https:\/\/becreative.ee\/en\/wp-json\/wp\/v2\/media?parent=2691"}],"wp:term":[{"taxonomy":"product_brand","embeddable":true,"href":"https:\/\/becreative.ee\/en\/wp-json\/wp\/v2\/product_brand?post=2691"},{"taxonomy":"product_cat","embeddable":true,"href":"https:\/\/becreative.ee\/en\/wp-json\/wp\/v2\/product_cat?post=2691"},{"taxonomy":"product_tag","embeddable":true,"href":"https:\/\/becreative.ee\/en\/wp-json\/wp\/v2\/product_tag?post=2691"}],"curies":[{"name":"wp","href":"https:\/\/api.w.org\/{rel}","templated":true}]}}