{"id":2704,"date":"2020-12-29T12:31:58","date_gmt":"2020-12-29T12:31:58","guid":{"rendered":"https:\/\/becreative.ee\/?post_type=product&#038;p=2704"},"modified":"2021-09-22T13:27:23","modified_gmt":"2021-09-22T13:27:23","slug":"puidust-detail-dinosaurus","status":"publish","type":"product","link":"https:\/\/becreative.ee\/en\/product\/puidust-detail-dinosaurus\/","title":{"rendered":"Puidust detail &#8211; dinosaurus"},"content":{"rendered":"<p>P\u00f6\u00f6gist dinosauruse kujuga detail sobib kasutamiseks erinevate m\u00e4nguasjade osana. Tegemist on testitud tootega ja toode omab sertifikaati EN 71-3 (Euroopas m\u00e4nguasjade ohutusn\u00f5uete standard). Toode ei ole m\u00f5eldud n\u00e4rimisr\u00f5nga asendamiseks. Dinosauruse k\u00f5rgus on 7cm ja laius 5,8cm. Toode kaalub 12,7g. Toodetud Hiinas.<\/p>","protected":false},"excerpt":{"rendered":"<p>P\u00f6\u00f6gist dinosauruse kujuga detail sobib kasutamiseks erinevate m\u00e4nguasjade osana. Tegemist on testitud tootega ja toode omab sertifikaati EN 71-3 (Euroopas m\u00e4nguasjade ohutusn\u00f5uete standard). Toode ei ole m\u00f5eldud n\u00e4rimisr\u00f5nga asendamiseks. Dinosauruse k\u00f5rgus on 7cm ja laius 5,8cm. Toode kaalub 12,7g.<\/p>","protected":false},"featured_media":2705,"template":"","meta":[],"product_brand":[],"product_cat":[17,575],"product_tag":[],"class_list":{"0":"post-2704","1":"product","2":"type-product","3":"status-publish","4":"has-post-thumbnail","6":"product_cat-manguasjadevalmistamine","7":"product_cat-puidust-detailid","9":"first","10":"instock","11":"taxable","12":"shipping-taxable","13":"purchasable","14":"product-type-simple"},"jetpack_sharing_enabled":true,"_links":{"self":[{"href":"https:\/\/becreative.ee\/en\/wp-json\/wp\/v2\/product\/2704","targetHints":{"allow":["GET"]}}],"collection":[{"href":"https:\/\/becreative.ee\/en\/wp-json\/wp\/v2\/product"}],"about":[{"href":"https:\/\/becreative.ee\/en\/wp-json\/wp\/v2\/types\/product"}],"version-history":[{"count":1,"href":"https:\/\/becreative.ee\/en\/wp-json\/wp\/v2\/product\/2704\/revisions"}],"predecessor-version":[{"id":2706,"href":"https:\/\/becreative.ee\/en\/wp-json\/wp\/v2\/product\/2704\/revisions\/2706"}],"wp:featuredmedia":[{"embeddable":true,"href":"https:\/\/becreative.ee\/en\/wp-json\/wp\/v2\/media\/2705"}],"wp:attachment":[{"href":"https:\/\/becreative.ee\/en\/wp-json\/wp\/v2\/media?parent=2704"}],"wp:term":[{"taxonomy":"product_brand","embeddable":true,"href":"https:\/\/becreative.ee\/en\/wp-json\/wp\/v2\/product_brand?post=2704"},{"taxonomy":"product_cat","embeddable":true,"href":"https:\/\/becreative.ee\/en\/wp-json\/wp\/v2\/product_cat?post=2704"},{"taxonomy":"product_tag","embeddable":true,"href":"https:\/\/becreative.ee\/en\/wp-json\/wp\/v2\/product_tag?post=2704"}],"curies":[{"name":"wp","href":"https:\/\/api.w.org\/{rel}","templated":true}]}}