{"id":2710,"date":"2021-01-15T12:16:05","date_gmt":"2021-01-15T12:16:05","guid":{"rendered":"https:\/\/becreative.ee\/?post_type=product&#038;p=2710"},"modified":"2025-09-05T10:21:47","modified_gmt":"2025-09-05T10:21:47","slug":"puidust-rongas-75mm","status":"publish","type":"product","link":"https:\/\/becreative.ee\/en\/product\/puidust-rongas-75mm\/","title":{"rendered":"Puidust r\u00f5ngas 75mm"},"content":{"rendered":"<p>Puidust r\u00f5ngad sobivad erinevate k\u00e4sit\u00f6\u00f6projektide valmistamiseks. Kuna tegemist on testitud tootega ja toode omab sertifikaati EN 71-3 (Euroopas m\u00e4nguasjade ohutusn\u00f5uete standard) sobib see h\u00e4sti beebi m\u00e4nguasjade valmistamise osana. Toode ei ole m\u00f5eldud n\u00e4rimisr\u00f5nga asendamiseks. R\u00f5nga diameeter on 75mm.<\/p>","protected":false},"excerpt":{"rendered":"<p>Puidust r\u00f5ngad sobivad erinevate k\u00e4sit\u00f6\u00f6projektide valmistamiseks. Kuna tegemist on testitud tootega ja toode omab sertifikaati EN 71-3 (Euroopas m\u00e4nguasjade ohutusn\u00f5uete standard) sobib see h\u00e4sti beebi m\u00e4nguasjade valmistamise osana. Toode ei ole m\u00f5eldud n\u00e4rimisr\u00f5nga asendamiseks. R\u00f5nga diameeter on 75mm.<\/p>","protected":false},"featured_media":2711,"template":"","meta":[],"product_brand":[],"product_cat":[263,265,279,912,17,575,781,1273,914,340,991],"product_tag":[],"class_list":{"0":"post-2710","1":"product","2":"type-product","3":"status-publish","4":"has-post-thumbnail","6":"product_cat-brandid","7":"product_cat-go-handmade","8":"product_cat-kasitooks-vajalik","9":"product_cat-makramee","10":"product_cat-manguasjadevalmistamine","11":"product_cat-puidust-detailid","12":"product_cat-puidust-rongad-puidust-detailid","13":"product_cat-rongad-too-puiduga","14":"product_cat-rongad-makramee","15":"product_cat-rongad","16":"product_cat-too-puiduga","18":"first","19":"instock","20":"taxable","21":"shipping-taxable","22":"purchasable","23":"product-type-simple"},"jetpack_sharing_enabled":true,"_links":{"self":[{"href":"https:\/\/becreative.ee\/en\/wp-json\/wp\/v2\/product\/2710","targetHints":{"allow":["GET"]}}],"collection":[{"href":"https:\/\/becreative.ee\/en\/wp-json\/wp\/v2\/product"}],"about":[{"href":"https:\/\/becreative.ee\/en\/wp-json\/wp\/v2\/types\/product"}],"version-history":[{"count":1,"href":"https:\/\/becreative.ee\/en\/wp-json\/wp\/v2\/product\/2710\/revisions"}],"predecessor-version":[{"id":2712,"href":"https:\/\/becreative.ee\/en\/wp-json\/wp\/v2\/product\/2710\/revisions\/2712"}],"wp:featuredmedia":[{"embeddable":true,"href":"https:\/\/becreative.ee\/en\/wp-json\/wp\/v2\/media\/2711"}],"wp:attachment":[{"href":"https:\/\/becreative.ee\/en\/wp-json\/wp\/v2\/media?parent=2710"}],"wp:term":[{"taxonomy":"product_brand","embeddable":true,"href":"https:\/\/becreative.ee\/en\/wp-json\/wp\/v2\/product_brand?post=2710"},{"taxonomy":"product_cat","embeddable":true,"href":"https:\/\/becreative.ee\/en\/wp-json\/wp\/v2\/product_cat?post=2710"},{"taxonomy":"product_tag","embeddable":true,"href":"https:\/\/becreative.ee\/en\/wp-json\/wp\/v2\/product_tag?post=2710"}],"curies":[{"name":"wp","href":"https:\/\/api.w.org\/{rel}","templated":true}]}}