{"id":2716,"date":"2021-01-15T12:22:47","date_gmt":"2021-01-15T12:22:47","guid":{"rendered":"https:\/\/becreative.ee\/?post_type=product&#038;p=2716"},"modified":"2026-03-11T17:05:55","modified_gmt":"2026-03-11T17:05:55","slug":"kinnituskonks","status":"publish","type":"product","link":"https:\/\/becreative.ee\/en\/product\/kinnituskonks\/","title":{"rendered":"Kinnituskonks"},"content":{"rendered":"<p>Kinnituskonksule leiab k\u00e4sit\u00f6\u00f6projektides v\u00e4ga palju erinevat kasutust. H\u00f5bedat v\u00e4rvi 10cm pikkuse kinnituskonksu otsa v\u00f5ib riputada pisikesi m\u00e4nguasju, helkureid v\u00f5i kasutada neid kottide osana.<\/p>","protected":false},"excerpt":{"rendered":"<p>Kinnituskonksule leiab k\u00e4sit\u00f6\u00f6projektides v\u00e4ga palju erinevat kasutust. H\u00f5bedat v\u00e4rvi 10cm pikkuse kinnituskonksu otsa v\u00f5ib riputada pisikesi m\u00e4nguasju, helkureid v\u00f5i kasutada neid kottide osana.<\/p>","protected":false},"featured_media":3949,"template":"","meta":[],"product_brand":[],"product_cat":[263,265,279,579],"product_tag":[],"class_list":{"0":"post-2716","1":"product","2":"type-product","3":"status-publish","4":"has-post-thumbnail","6":"product_cat-brandid","7":"product_cat-go-handmade","8":"product_cat-kasitooks-vajalik","9":"product_cat-kinnituskonksud","11":"first","12":"instock","13":"taxable","14":"shipping-taxable","15":"purchasable","16":"product-type-simple"},"jetpack_sharing_enabled":true,"_links":{"self":[{"href":"https:\/\/becreative.ee\/en\/wp-json\/wp\/v2\/product\/2716","targetHints":{"allow":["GET"]}}],"collection":[{"href":"https:\/\/becreative.ee\/en\/wp-json\/wp\/v2\/product"}],"about":[{"href":"https:\/\/becreative.ee\/en\/wp-json\/wp\/v2\/types\/product"}],"version-history":[{"count":2,"href":"https:\/\/becreative.ee\/en\/wp-json\/wp\/v2\/product\/2716\/revisions"}],"predecessor-version":[{"id":2775,"href":"https:\/\/becreative.ee\/en\/wp-json\/wp\/v2\/product\/2716\/revisions\/2775"}],"wp:featuredmedia":[{"embeddable":true,"href":"https:\/\/becreative.ee\/en\/wp-json\/wp\/v2\/media\/3949"}],"wp:attachment":[{"href":"https:\/\/becreative.ee\/en\/wp-json\/wp\/v2\/media?parent=2716"}],"wp:term":[{"taxonomy":"product_brand","embeddable":true,"href":"https:\/\/becreative.ee\/en\/wp-json\/wp\/v2\/product_brand?post=2716"},{"taxonomy":"product_cat","embeddable":true,"href":"https:\/\/becreative.ee\/en\/wp-json\/wp\/v2\/product_cat?post=2716"},{"taxonomy":"product_tag","embeddable":true,"href":"https:\/\/becreative.ee\/en\/wp-json\/wp\/v2\/product_tag?post=2716"}],"curies":[{"name":"wp","href":"https:\/\/api.w.org\/{rel}","templated":true}]}}