{"id":2719,"date":"2021-01-15T12:40:52","date_gmt":"2021-01-15T12:40:52","guid":{"rendered":"https:\/\/becreative.ee\/?post_type=product&#038;p=2719"},"modified":"2026-01-13T18:26:25","modified_gmt":"2026-01-13T18:26:25","slug":"long-fur-lux","status":"publish","type":"product","link":"https:\/\/becreative.ee\/en\/product\/long-fur-lux\/","title":{"rendered":"L\u00f5ng Fur Lux"},"content":{"rendered":"<p>L\u00f5ng: 100% pol\u00fcester<\/p>\n<p>V\u00e4rv: erinevad v\u00e4rvid<\/p>\n<p>Varda suurus: 6 &#8211; 7 mm<\/p>\n<p>Heegeln\u00f5ela suurus: 6 \u2013 10 mm<\/p>\n<p>Kaal: 50 g<\/p>\n<p>L\u00f5nga pikkus: 27 m<\/p>\n<p>&nbsp;<\/p>\n<p>Pesujuhised:<\/p>\n<p><img decoding=\"async\" class=\"alignnone size-full wp-image-299\" src=\"https:\/\/becreative.ee\/wp-content\/uploads\/2020\/03\/valgendamine-keelatud.png\" alt=\"\" width=\"50\" height=\"50\" \/> <img decoding=\"async\" class=\"alignnone size-full wp-image-298\" src=\"https:\/\/becreative.ee\/wp-content\/uploads\/2020\/03\/trummelkuivatus_keelatud.png\" alt=\"\" width=\"50\" height=\"50\" \/> <img decoding=\"async\" class=\"alignnone size-full wp-image-302\" src=\"https:\/\/becreative.ee\/wp-content\/uploads\/2020\/03\/kuivatada_laotatult.png\" alt=\"\" width=\"50\" height=\"50\" \/> <img loading=\"lazy\" decoding=\"async\" class=\"alignnone size-full wp-image-1014\" src=\"https:\/\/becreative.ee\/wp-content\/uploads\/2020\/04\/pesumajale_antav_teave_pesuvahendi_tekstiili_kohta.png\" alt=\"\" width=\"50\" height=\"50\" \/> <img loading=\"lazy\" decoding=\"async\" class=\"alignnone size-full wp-image-1286\" src=\"https:\/\/becreative.ee\/wp-content\/uploads\/2020\/04\/pesemine_40-kraadi.png\" alt=\"\" width=\"50\" height=\"50\" \/> <img loading=\"lazy\" decoding=\"async\" class=\"alignnone size-full wp-image-1407\" src=\"https:\/\/becreative.ee\/wp-content\/uploads\/2020\/05\/triikimine_keelatud.png\" alt=\"\" width=\"50\" height=\"50\" \/><\/p>\n<p>&nbsp;<\/p>\n<p>Kududes Fur Lux l\u00f5ngaga saate sarnase tulemuse, kui karusnahka kasutades. 100% pol\u00fcestrist l\u00f5ng on v\u00e4ga pehme ja sellega kududes edeneb t\u00f6\u00f6 v\u00e4ga kiiresti. Siiski peab kududes v\u00f5i heegeldades olema v\u00e4ga t\u00e4helepanelik, sest l\u00f5nga silmused on raskesti m\u00e4rgatavad. L\u00f5ng sobib suurep\u00e4raselt pehmete m\u00e4nguasjade, m\u00fctsi \u00e4\u00e4rte, patjade, soki \u00e4\u00e4rte ja muu sarnase valmistamiseks. L\u00f5ngal on AZO sertifikaat, mis n\u00e4itab, et l\u00f5ng vastab Euroopas kehtestatud n\u00f5uetele.<\/p>","protected":false},"excerpt":{"rendered":"<p>L\u00f5ng: 100% pol\u00fcester<\/p>\n<p>V\u00e4rv: erinevad v\u00e4rvid<\/p>\n<p>Varda suurus: 6 &#8211; 10 mm<\/p>\n<p>Heegeln\u00f5ela suurus: 6 \u2013 7 mm<\/p>\n<p>Kaal: 50 g<\/p>\n<p>L\u00f5nga pikkus: 27 m<\/p>","protected":false},"featured_media":2720,"template":"","meta":[],"product_brand":[],"product_cat":[263,265,23,580],"product_tag":[],"class_list":{"0":"post-2719","1":"product","2":"type-product","3":"status-publish","4":"has-post-thumbnail","6":"product_cat-brandid","7":"product_cat-go-handmade","8":"product_cat-longad","9":"product_cat-poluester","11":"first","12":"instock","13":"taxable","14":"shipping-taxable","15":"purchasable","16":"product-type-variable"},"jetpack_sharing_enabled":true,"_links":{"self":[{"href":"https:\/\/becreative.ee\/en\/wp-json\/wp\/v2\/product\/2719","targetHints":{"allow":["GET"]}}],"collection":[{"href":"https:\/\/becreative.ee\/en\/wp-json\/wp\/v2\/product"}],"about":[{"href":"https:\/\/becreative.ee\/en\/wp-json\/wp\/v2\/types\/product"}],"version-history":[{"count":3,"href":"https:\/\/becreative.ee\/en\/wp-json\/wp\/v2\/product\/2719\/revisions"}],"predecessor-version":[{"id":2779,"href":"https:\/\/becreative.ee\/en\/wp-json\/wp\/v2\/product\/2719\/revisions\/2779"}],"wp:featuredmedia":[{"embeddable":true,"href":"https:\/\/becreative.ee\/en\/wp-json\/wp\/v2\/media\/2720"}],"wp:attachment":[{"href":"https:\/\/becreative.ee\/en\/wp-json\/wp\/v2\/media?parent=2719"}],"wp:term":[{"taxonomy":"product_brand","embeddable":true,"href":"https:\/\/becreative.ee\/en\/wp-json\/wp\/v2\/product_brand?post=2719"},{"taxonomy":"product_cat","embeddable":true,"href":"https:\/\/becreative.ee\/en\/wp-json\/wp\/v2\/product_cat?post=2719"},{"taxonomy":"product_tag","embeddable":true,"href":"https:\/\/becreative.ee\/en\/wp-json\/wp\/v2\/product_tag?post=2719"}],"curies":[{"name":"wp","href":"https:\/\/api.w.org\/{rel}","templated":true}]}}