{"id":2740,"date":"2021-01-06T10:37:28","date_gmt":"2021-01-06T10:37:28","guid":{"rendered":"https:\/\/becreative.ee\/?post_type=product&#038;p=2740"},"modified":"2023-10-05T06:20:40","modified_gmt":"2023-10-05T06:20:40","slug":"vineerist-pohi-heegeldamiseks-umarate-nurkadega-10x20cm","status":"publish","type":"product","link":"https:\/\/becreative.ee\/en\/product\/vineerist-pohi-heegeldamiseks-umarate-nurkadega-10x20cm\/","title":{"rendered":"Vineerist p\u00f5hi heegeldamiseks \u00fcmarate nurkadega 10x20cm"},"content":{"rendered":"<p>Kasevineerist p\u00f5hi on 4mm paksune ja sobib kasutamiseks erinevate kandikute, korvide ja karpide heegeldust\u00f6\u00f6de p\u00f5hjaks. P\u00f5hja \u00e4\u00e4ristavate aukude diameeter on 8mm. P\u00f5hi on viimistlusainetega t\u00f6\u00f6tlemata ja seega on seda v\u00f5imalik soovi korral \u00f5litada, peitsida lakkida v\u00f5i v\u00e4rvida. P\u00f5hi on \u00fcmarate nurkadega suuruses 10x20cm. Toodetud Eestis.<\/p>","protected":false},"excerpt":{"rendered":"<p>Kasevineerist p\u00f5hi on 4mm paksune ja sobib kasutamiseks erinevate kandikute, korvide ja karpide heegeldust\u00f6\u00f6de p\u00f5hjaks. P\u00f5hja \u00e4\u00e4ristavate aukude diameeter on 8mm. P\u00f5hi on viimistlusainetega t\u00f6\u00f6tlemata ja seega on seda v\u00f5imalik soovi korral \u00f5litada, peitsida lakkida v\u00f5i v\u00e4rvida. P\u00f5hi on \u00fcmarate nurkadega suuruses 10x20cm.<\/p>","protected":false},"featured_media":2741,"template":"","meta":[],"product_brand":[],"product_cat":[225,234],"product_tag":[],"class_list":{"0":"post-2740","1":"product","2":"type-product","3":"status-publish","4":"has-post-thumbnail","6":"product_cat-korvide-tarvikud","7":"product_cat-vineerist-pohjad-ja-kaaned","9":"first","10":"outofstock","11":"taxable","12":"shipping-taxable","13":"purchasable","14":"product-type-simple"},"jetpack_sharing_enabled":true,"_links":{"self":[{"href":"https:\/\/becreative.ee\/en\/wp-json\/wp\/v2\/product\/2740","targetHints":{"allow":["GET"]}}],"collection":[{"href":"https:\/\/becreative.ee\/en\/wp-json\/wp\/v2\/product"}],"about":[{"href":"https:\/\/becreative.ee\/en\/wp-json\/wp\/v2\/types\/product"}],"version-history":[{"count":1,"href":"https:\/\/becreative.ee\/en\/wp-json\/wp\/v2\/product\/2740\/revisions"}],"predecessor-version":[{"id":2742,"href":"https:\/\/becreative.ee\/en\/wp-json\/wp\/v2\/product\/2740\/revisions\/2742"}],"wp:featuredmedia":[{"embeddable":true,"href":"https:\/\/becreative.ee\/en\/wp-json\/wp\/v2\/media\/2741"}],"wp:attachment":[{"href":"https:\/\/becreative.ee\/en\/wp-json\/wp\/v2\/media?parent=2740"}],"wp:term":[{"taxonomy":"product_brand","embeddable":true,"href":"https:\/\/becreative.ee\/en\/wp-json\/wp\/v2\/product_brand?post=2740"},{"taxonomy":"product_cat","embeddable":true,"href":"https:\/\/becreative.ee\/en\/wp-json\/wp\/v2\/product_cat?post=2740"},{"taxonomy":"product_tag","embeddable":true,"href":"https:\/\/becreative.ee\/en\/wp-json\/wp\/v2\/product_tag?post=2740"}],"curies":[{"name":"wp","href":"https:\/\/api.w.org\/{rel}","templated":true}]}}