{"id":2747,"date":"2021-01-07T11:04:37","date_gmt":"2021-01-07T11:04:37","guid":{"rendered":"https:\/\/becreative.ee\/?post_type=product&#038;p=2747"},"modified":"2026-03-23T18:45:53","modified_gmt":"2026-03-23T18:45:53","slug":"naerunaoga-puidust-parlid-16mm","status":"publish","type":"product","link":"https:\/\/becreative.ee\/en\/product\/naerunaoga-puidust-parlid-16mm\/","title":{"rendered":"Naerun\u00e4oga puidust p\u00e4rlid 16mm"},"content":{"rendered":"<p>Naerun\u00e4oga p\u00e4rlid on valmistatud puidust ja sobivad erinevates k\u00e4sit\u00f6\u00f6projektides kasutamiseks. Toodetud Hiinas.<\/p>","protected":false},"excerpt":{"rendered":"<p>Naerun\u00e4oga p\u00e4rlid on valmistatud puidust ja sobivad erinevates k\u00e4sit\u00f6\u00f6projektides kasutamiseks.<\/p>","protected":false},"featured_media":2748,"template":"","meta":[],"product_brand":[],"product_cat":[17,58,205],"product_tag":[],"class_list":{"0":"post-2747","1":"product","2":"type-product","3":"status-publish","4":"has-post-thumbnail","6":"product_cat-manguasjadevalmistamine","7":"product_cat-parlid","8":"product_cat-puidust-parlid","10":"first","11":"instock","12":"taxable","13":"shipping-taxable","14":"purchasable","15":"product-type-simple"},"jetpack_sharing_enabled":true,"_links":{"self":[{"href":"https:\/\/becreative.ee\/en\/wp-json\/wp\/v2\/product\/2747","targetHints":{"allow":["GET"]}}],"collection":[{"href":"https:\/\/becreative.ee\/en\/wp-json\/wp\/v2\/product"}],"about":[{"href":"https:\/\/becreative.ee\/en\/wp-json\/wp\/v2\/types\/product"}],"version-history":[{"count":1,"href":"https:\/\/becreative.ee\/en\/wp-json\/wp\/v2\/product\/2747\/revisions"}],"predecessor-version":[{"id":2749,"href":"https:\/\/becreative.ee\/en\/wp-json\/wp\/v2\/product\/2747\/revisions\/2749"}],"wp:featuredmedia":[{"embeddable":true,"href":"https:\/\/becreative.ee\/en\/wp-json\/wp\/v2\/media\/2748"}],"wp:attachment":[{"href":"https:\/\/becreative.ee\/en\/wp-json\/wp\/v2\/media?parent=2747"}],"wp:term":[{"taxonomy":"product_brand","embeddable":true,"href":"https:\/\/becreative.ee\/en\/wp-json\/wp\/v2\/product_brand?post=2747"},{"taxonomy":"product_cat","embeddable":true,"href":"https:\/\/becreative.ee\/en\/wp-json\/wp\/v2\/product_cat?post=2747"},{"taxonomy":"product_tag","embeddable":true,"href":"https:\/\/becreative.ee\/en\/wp-json\/wp\/v2\/product_tag?post=2747"}],"curies":[{"name":"wp","href":"https:\/\/api.w.org\/{rel}","templated":true}]}}