{"id":2752,"date":"2021-01-07T11:09:51","date_gmt":"2021-01-07T11:09:51","guid":{"rendered":"https:\/\/becreative.ee\/?post_type=product&#038;p=2752"},"modified":"2024-07-25T17:09:24","modified_gmt":"2024-07-25T17:09:24","slug":"puidust-rongas-aukudega","status":"publish","type":"product","link":"https:\/\/becreative.ee\/en\/product\/puidust-rongas-aukudega\/","title":{"rendered":"Puidust r\u00f5ngas aukudega"},"content":{"rendered":"<p>Puidust valmistatud kahe auguga r\u00f5ngas sobib erinevates k\u00e4sit\u00f6\u00f6projekties kasutamiseks. Tootetud Hiinas.<\/p>","protected":false},"excerpt":{"rendered":"<p>Puidust valmistatud kahe auguga r\u00f5ngas sobib erinevates k\u00e4sit\u00f6\u00f6projekties kasutamiseks.<\/p>","protected":false},"featured_media":2753,"template":"","meta":[],"product_brand":[],"product_cat":[279,17,575,781,340],"product_tag":[],"class_list":{"0":"post-2752","1":"product","2":"type-product","3":"status-publish","4":"has-post-thumbnail","6":"product_cat-kasitooks-vajalik","7":"product_cat-manguasjadevalmistamine","8":"product_cat-puidust-detailid","9":"product_cat-puidust-rongad-puidust-detailid","10":"product_cat-rongad","12":"first","13":"instock","14":"taxable","15":"shipping-taxable","16":"purchasable","17":"product-type-simple"},"jetpack_sharing_enabled":true,"_links":{"self":[{"href":"https:\/\/becreative.ee\/en\/wp-json\/wp\/v2\/product\/2752","targetHints":{"allow":["GET"]}}],"collection":[{"href":"https:\/\/becreative.ee\/en\/wp-json\/wp\/v2\/product"}],"about":[{"href":"https:\/\/becreative.ee\/en\/wp-json\/wp\/v2\/types\/product"}],"version-history":[{"count":1,"href":"https:\/\/becreative.ee\/en\/wp-json\/wp\/v2\/product\/2752\/revisions"}],"predecessor-version":[{"id":2754,"href":"https:\/\/becreative.ee\/en\/wp-json\/wp\/v2\/product\/2752\/revisions\/2754"}],"wp:featuredmedia":[{"embeddable":true,"href":"https:\/\/becreative.ee\/en\/wp-json\/wp\/v2\/media\/2753"}],"wp:attachment":[{"href":"https:\/\/becreative.ee\/en\/wp-json\/wp\/v2\/media?parent=2752"}],"wp:term":[{"taxonomy":"product_brand","embeddable":true,"href":"https:\/\/becreative.ee\/en\/wp-json\/wp\/v2\/product_brand?post=2752"},{"taxonomy":"product_cat","embeddable":true,"href":"https:\/\/becreative.ee\/en\/wp-json\/wp\/v2\/product_cat?post=2752"},{"taxonomy":"product_tag","embeddable":true,"href":"https:\/\/becreative.ee\/en\/wp-json\/wp\/v2\/product_tag?post=2752"}],"curies":[{"name":"wp","href":"https:\/\/api.w.org\/{rel}","templated":true}]}}