{"id":2762,"date":"2021-01-12T11:33:54","date_gmt":"2021-01-12T11:33:54","guid":{"rendered":"https:\/\/becreative.ee\/?post_type=product&#038;p=2762"},"modified":"2025-02-22T15:12:22","modified_gmt":"2025-02-22T15:12:22","slug":"kootud-mutsi-muster","status":"publish","type":"product","link":"https:\/\/becreative.ee\/en\/product\/kootud-mutsi-muster\/","title":{"rendered":"Kootud m\u00fctsi muster"},"content":{"rendered":"<p>Selle toote ostmisel saate PDF faili, milles asub \u00f5petus antud m\u00fctsi valmistamiseks. Juhend sisaldab l\u00f5nga soovitust, t\u00f6\u00f6vahendite nimekirja, oskuste nimekirja, m\u00fctsi valmimise \u00f5petust koos mustri ning m\u00f5ningate t\u00e4psustavate fotodega. Juhend asub kahel lehek\u00fcljel. Fail saadetakse ostja poolt esitatud e-posti aadressile. M\u00fcts on m\u00f5eldud lastele vanuses 10 aastat. Pea\u00fcmberm\u00f5\u00f5t 50 &#8211; 52cm.<\/p>\n<p>&nbsp;<\/p>\n<p><strong>KASUTATUD L\u00d5NG:<\/strong><\/p>\n<p>Fonty Aubusson 42 (pruun) 2 tokki<\/p>\n<p>Fonty Aubusson 13 (valge) 1 tokk<\/p>\n<p>&nbsp;<\/p>\n<p><strong>OSKUSTE NIMEKIRI:<\/strong><\/p>\n<p>Parempidine silmus<\/p>\n<p>Pahempidine silmus<\/p>\n<p>Kahe silmuse parempidi kokku kudumine<\/p>\n<p>Kahandamine 2 \u00fclet\u00f5stmisega kokku<\/p>","protected":false},"excerpt":{"rendered":"<p>Selle toote ostmisel saate PDF faili, milles asub \u00f5petus antud m\u00fctsi valmistamiseks. Juhend sisaldab l\u00f5nga soovitust, t\u00f6\u00f6vahendite nimekirja, oskuste nimekirja, m\u00fctsi valmimise \u00f5petust koos mustri ning m\u00f5ningate t\u00e4psustavate fotodega. Juhend asub kahel lehek\u00fcljel. Fail saadetakse ostja poolt esitatud e-posti aadressile. M\u00fcts on m\u00f5eldud lastele vanuses 10 aastat. Pea\u00fcmberm\u00f5\u00f5t 50 &#8211; 52cm.<\/p>","protected":false},"featured_media":2763,"template":"","meta":[],"product_brand":[],"product_cat":[584],"product_tag":[],"class_list":{"0":"post-2762","1":"product","2":"type-product","3":"status-publish","4":"has-post-thumbnail","6":"product_cat-mustrid","8":"first","9":"instock","10":"virtual","11":"taxable","12":"purchasable","13":"product-type-simple"},"jetpack_sharing_enabled":true,"_links":{"self":[{"href":"https:\/\/becreative.ee\/en\/wp-json\/wp\/v2\/product\/2762","targetHints":{"allow":["GET"]}}],"collection":[{"href":"https:\/\/becreative.ee\/en\/wp-json\/wp\/v2\/product"}],"about":[{"href":"https:\/\/becreative.ee\/en\/wp-json\/wp\/v2\/types\/product"}],"version-history":[{"count":5,"href":"https:\/\/becreative.ee\/en\/wp-json\/wp\/v2\/product\/2762\/revisions"}],"predecessor-version":[{"id":2769,"href":"https:\/\/becreative.ee\/en\/wp-json\/wp\/v2\/product\/2762\/revisions\/2769"}],"wp:featuredmedia":[{"embeddable":true,"href":"https:\/\/becreative.ee\/en\/wp-json\/wp\/v2\/media\/2763"}],"wp:attachment":[{"href":"https:\/\/becreative.ee\/en\/wp-json\/wp\/v2\/media?parent=2762"}],"wp:term":[{"taxonomy":"product_brand","embeddable":true,"href":"https:\/\/becreative.ee\/en\/wp-json\/wp\/v2\/product_brand?post=2762"},{"taxonomy":"product_cat","embeddable":true,"href":"https:\/\/becreative.ee\/en\/wp-json\/wp\/v2\/product_cat?post=2762"},{"taxonomy":"product_tag","embeddable":true,"href":"https:\/\/becreative.ee\/en\/wp-json\/wp\/v2\/product_tag?post=2762"}],"curies":[{"name":"wp","href":"https:\/\/api.w.org\/{rel}","templated":true}]}}