{"id":2776,"date":"2021-01-15T12:31:16","date_gmt":"2021-01-15T12:31:16","guid":{"rendered":"https:\/\/becreative.ee\/?post_type=product&#038;p=2776"},"modified":"2025-01-23T10:21:28","modified_gmt":"2025-01-23T10:21:28","slug":"liiges-manguasjadele-15mm","status":"publish","type":"product","link":"https:\/\/becreative.ee\/en\/product\/liiges-manguasjadele-15mm\/","title":{"rendered":"Liiges m\u00e4nguasjadele 15mm"},"content":{"rendered":"<p>Plastmassist liiges on m\u00f5eldud kootud, heegeldatud v\u00f5i \u00f5mmeldud m\u00e4nguasjade k\u00e4te ja jalgade \u00fchendamiseks keha k\u00fclge. T\u00e4nu sellisele osade \u00fchendamisele j\u00e4\u00e4vad k\u00e4ed ja jalad kergesti liigutatavaks. Liigese diameeter 15mm.<\/p>","protected":false},"excerpt":{"rendered":"<p>Plastmassist liiges on m\u00f5eldud kootud, heegeldatud v\u00f5i \u00f5mmeldud m\u00e4nguasjade k\u00e4te ja jalgade \u00fchendamiseks keha k\u00fclge. T\u00e4nu sellisele osade \u00fchendamisele j\u00e4\u00e4vad k\u00e4ed ja jalad kergesti liigutatavaks. Liigese diameeter 15mm.<\/p>","protected":false},"featured_media":1956,"template":"","meta":[],"product_brand":[],"product_cat":[263,265,356,17],"product_tag":[],"class_list":{"0":"post-2776","1":"product","2":"type-product","3":"status-publish","4":"has-post-thumbnail","6":"product_cat-brandid","7":"product_cat-go-handmade","8":"product_cat-liigesed","9":"product_cat-manguasjadevalmistamine","11":"first","12":"outofstock","13":"taxable","14":"shipping-taxable","15":"purchasable","16":"product-type-simple"},"jetpack_sharing_enabled":true,"_links":{"self":[{"href":"https:\/\/becreative.ee\/en\/wp-json\/wp\/v2\/product\/2776","targetHints":{"allow":["GET"]}}],"collection":[{"href":"https:\/\/becreative.ee\/en\/wp-json\/wp\/v2\/product"}],"about":[{"href":"https:\/\/becreative.ee\/en\/wp-json\/wp\/v2\/types\/product"}],"version-history":[{"count":1,"href":"https:\/\/becreative.ee\/en\/wp-json\/wp\/v2\/product\/2776\/revisions"}],"predecessor-version":[{"id":2777,"href":"https:\/\/becreative.ee\/en\/wp-json\/wp\/v2\/product\/2776\/revisions\/2777"}],"wp:featuredmedia":[{"embeddable":true,"href":"https:\/\/becreative.ee\/en\/wp-json\/wp\/v2\/media\/1956"}],"wp:attachment":[{"href":"https:\/\/becreative.ee\/en\/wp-json\/wp\/v2\/media?parent=2776"}],"wp:term":[{"taxonomy":"product_brand","embeddable":true,"href":"https:\/\/becreative.ee\/en\/wp-json\/wp\/v2\/product_brand?post=2776"},{"taxonomy":"product_cat","embeddable":true,"href":"https:\/\/becreative.ee\/en\/wp-json\/wp\/v2\/product_cat?post=2776"},{"taxonomy":"product_tag","embeddable":true,"href":"https:\/\/becreative.ee\/en\/wp-json\/wp\/v2\/product_tag?post=2776"}],"curies":[{"name":"wp","href":"https:\/\/api.w.org\/{rel}","templated":true}]}}