{"id":2788,"date":"2021-01-21T11:12:54","date_gmt":"2021-01-21T11:12:54","guid":{"rendered":"https:\/\/becreative.ee\/?post_type=product&#038;p=2788"},"modified":"2022-10-26T17:04:58","modified_gmt":"2022-10-26T17:04:58","slug":"pruunikirju-mutsitutt","status":"publish","type":"product","link":"https:\/\/becreative.ee\/en\/product\/pruunikirju-mutsitutt\/","title":{"rendered":"Pruunikirju m\u00fctsitutt"},"content":{"rendered":"<p>Kui oled kudunud v\u00f5i heegeldanud m\u00f5ne imelise m\u00fctsi ja m\u00fctsi kaunistuseks on m\u00f5eldud tutt, siis on see toode just \u00f5ige. Kunstkarusnahast tuti t\u00e4iteks on lambavill ning tuti kinnitamiseks asub tuti k\u00fcljes 20cm pikkune puuvillast n\u00f6\u00f6r. Tuti l\u00e4bim\u00f5\u00f5t on ligikaudu 6,5 &#8211; 7cm.<\/p>","protected":false},"excerpt":{"rendered":"<p>Kui oled kudunud v\u00f5i heegeldanud m\u00f5ne imelise m\u00fctsi ja m\u00fctsi kaunistuseks on m\u00f5eldud tutt, siis on see toode just \u00f5ige. Kunstkarusnahast tuti t\u00e4iteks on lambavill ning tuti kinnitamiseks asub tuti k\u00fcljes 20cm pikkune puuvillast n\u00f6\u00f6r. Tuti l\u00e4bim\u00f5\u00f5t on ligikaudu 6,5 &#8211; 7cm.<\/p>","protected":false},"featured_media":2789,"template":"","meta":[],"product_brand":[],"product_cat":[279,585],"product_tag":[],"class_list":{"0":"post-2788","1":"product","2":"type-product","3":"status-publish","4":"has-post-thumbnail","6":"product_cat-kasitooks-vajalik","7":"product_cat-tutid","9":"first","10":"instock","11":"taxable","12":"shipping-taxable","13":"purchasable","14":"product-type-simple"},"jetpack_sharing_enabled":true,"_links":{"self":[{"href":"https:\/\/becreative.ee\/en\/wp-json\/wp\/v2\/product\/2788","targetHints":{"allow":["GET"]}}],"collection":[{"href":"https:\/\/becreative.ee\/en\/wp-json\/wp\/v2\/product"}],"about":[{"href":"https:\/\/becreative.ee\/en\/wp-json\/wp\/v2\/types\/product"}],"version-history":[{"count":1,"href":"https:\/\/becreative.ee\/en\/wp-json\/wp\/v2\/product\/2788\/revisions"}],"predecessor-version":[{"id":2790,"href":"https:\/\/becreative.ee\/en\/wp-json\/wp\/v2\/product\/2788\/revisions\/2790"}],"wp:featuredmedia":[{"embeddable":true,"href":"https:\/\/becreative.ee\/en\/wp-json\/wp\/v2\/media\/2789"}],"wp:attachment":[{"href":"https:\/\/becreative.ee\/en\/wp-json\/wp\/v2\/media?parent=2788"}],"wp:term":[{"taxonomy":"product_brand","embeddable":true,"href":"https:\/\/becreative.ee\/en\/wp-json\/wp\/v2\/product_brand?post=2788"},{"taxonomy":"product_cat","embeddable":true,"href":"https:\/\/becreative.ee\/en\/wp-json\/wp\/v2\/product_cat?post=2788"},{"taxonomy":"product_tag","embeddable":true,"href":"https:\/\/becreative.ee\/en\/wp-json\/wp\/v2\/product_tag?post=2788"}],"curies":[{"name":"wp","href":"https:\/\/api.w.org\/{rel}","templated":true}]}}