{"id":2791,"date":"2021-02-01T10:39:55","date_gmt":"2021-02-01T10:39:55","guid":{"rendered":"https:\/\/becreative.ee\/?post_type=product&#038;p=2791"},"modified":"2023-03-28T07:24:25","modified_gmt":"2023-03-28T07:24:25","slug":"silikoonist-kandilised-parlid-17mm","status":"publish","type":"product","link":"https:\/\/becreative.ee\/en\/product\/silikoonist-kandilised-parlid-17mm\/","title":{"rendered":"Silikoonist kandilised p\u00e4rlid 17mm"},"content":{"rendered":"<p>Silikoonist p\u00e4rlid sobivad suurep\u00e4raselt beebidele n\u00e4rimiseks. Seep\u00e4rast on neid v\u00e4ga hea kasutada l\u00f5busate projektide valmistamisel. Kasutage neid k\u00e4ev\u00f5ru, kaelakee, v\u00f5tmehoidja, lutiketi v\u00f5i m\u00e4nguasja osana. P\u00e4rlid on valmistatud samast silikoonist, millest valmistatakse silikoonist n\u00f5usid. Silikoon on testidud ja vastab FDA n\u00f5uetele.\u00a0 Toodetud Hiinas.<\/p>","protected":false},"excerpt":{"rendered":"<p>Silikoonist p\u00e4rlid sobivad suurep\u00e4raselt beebidele n\u00e4rimiseks. Seep\u00e4rast on neid v\u00e4ga hea kasutada l\u00f5busate projektide valmistamisel. Kasutage neid k\u00e4ev\u00f5ru, kaelakee, v\u00f5tmehoidja, lutiketi v\u00f5i m\u00e4nguasja osana. P\u00e4rlid on valmistatud samast silikoonist, millest valmistatakse silikoonist n\u00f5usid. Silikoon on testidud ja vastab FDA n\u00f5uetele.<\/p>","protected":false},"featured_media":2798,"template":"","meta":[],"product_brand":[],"product_cat":[17,58,204],"product_tag":[],"class_list":{"0":"post-2791","1":"product","2":"type-product","3":"status-publish","4":"has-post-thumbnail","6":"product_cat-manguasjadevalmistamine","7":"product_cat-parlid","8":"product_cat-silikoonist-parlid","10":"first","11":"instock","12":"taxable","13":"shipping-taxable","14":"purchasable","15":"product-type-variable"},"jetpack_sharing_enabled":true,"_links":{"self":[{"href":"https:\/\/becreative.ee\/en\/wp-json\/wp\/v2\/product\/2791","targetHints":{"allow":["GET"]}}],"collection":[{"href":"https:\/\/becreative.ee\/en\/wp-json\/wp\/v2\/product"}],"about":[{"href":"https:\/\/becreative.ee\/en\/wp-json\/wp\/v2\/types\/product"}],"version-history":[{"count":2,"href":"https:\/\/becreative.ee\/en\/wp-json\/wp\/v2\/product\/2791\/revisions"}],"predecessor-version":[{"id":2856,"href":"https:\/\/becreative.ee\/en\/wp-json\/wp\/v2\/product\/2791\/revisions\/2856"}],"wp:featuredmedia":[{"embeddable":true,"href":"https:\/\/becreative.ee\/en\/wp-json\/wp\/v2\/media\/2798"}],"wp:attachment":[{"href":"https:\/\/becreative.ee\/en\/wp-json\/wp\/v2\/media?parent=2791"}],"wp:term":[{"taxonomy":"product_brand","embeddable":true,"href":"https:\/\/becreative.ee\/en\/wp-json\/wp\/v2\/product_brand?post=2791"},{"taxonomy":"product_cat","embeddable":true,"href":"https:\/\/becreative.ee\/en\/wp-json\/wp\/v2\/product_cat?post=2791"},{"taxonomy":"product_tag","embeddable":true,"href":"https:\/\/becreative.ee\/en\/wp-json\/wp\/v2\/product_tag?post=2791"}],"curies":[{"name":"wp","href":"https:\/\/api.w.org\/{rel}","templated":true}]}}