{"id":2810,"date":"2021-01-27T13:49:56","date_gmt":"2021-01-27T13:49:56","guid":{"rendered":"https:\/\/becreative.ee\/?post_type=product&#038;p=2810"},"modified":"2025-12-10T18:57:20","modified_gmt":"2025-12-10T18:57:20","slug":"vildipallid","status":"publish","type":"product","link":"https:\/\/becreative.ee\/en\/product\/vildipallid\/","title":{"rendered":"Vildipallid"},"content":{"rendered":"<p>Vildipalle on v\u00f5imalik kasutada v\u00e4ga paljudes erinevates projektides. Nendest tehakse ehteid, kaunistatakse kotte v\u00f5i muid riideesemeid, kasutatakse tuba kaunistades v\u00f5i lisatakse m\u00e4nguasjadele. 100% villast valmistatud vildipallid on valmistatud k\u00e4sitsi ja seega on suuruse vahemik 18 &#8211; 20mm. Valmistatud Hiinas.<\/p>","protected":false},"excerpt":{"rendered":"<p>Vildipalle on v\u00f5imalik kasutada v\u00e4ga paljudes erinevates projektides. Nendest tehakse ehteid, kaunistatakse kotte v\u00f5i muid riideesemeid, kasutatakse tuba kaunistades v\u00f5i lisatakse m\u00e4nguasjadele. 100% villast valmistatud vildipallid on valmistatud k\u00e4sitsi ja seega on suuruse vahemik 18 &#8211; 20mm.<\/p>","protected":false},"featured_media":2813,"template":"","meta":[],"product_brand":[],"product_cat":[279,1221,520,1083],"product_tag":[],"class_list":{"0":"post-2810","1":"product","2":"type-product","3":"status-publish","4":"has-post-thumbnail","6":"product_cat-kasitooks-vajalik","7":"product_cat-vildipallid","8":"product_cat-vilt","9":"product_cat-viltimine","11":"first","12":"instock","13":"taxable","14":"shipping-taxable","15":"purchasable","16":"product-type-variable"},"jetpack_sharing_enabled":true,"_links":{"self":[{"href":"https:\/\/becreative.ee\/en\/wp-json\/wp\/v2\/product\/2810","targetHints":{"allow":["GET"]}}],"collection":[{"href":"https:\/\/becreative.ee\/en\/wp-json\/wp\/v2\/product"}],"about":[{"href":"https:\/\/becreative.ee\/en\/wp-json\/wp\/v2\/types\/product"}],"version-history":[{"count":2,"href":"https:\/\/becreative.ee\/en\/wp-json\/wp\/v2\/product\/2810\/revisions"}],"predecessor-version":[{"id":4086,"href":"https:\/\/becreative.ee\/en\/wp-json\/wp\/v2\/product\/2810\/revisions\/4086"}],"wp:featuredmedia":[{"embeddable":true,"href":"https:\/\/becreative.ee\/en\/wp-json\/wp\/v2\/media\/2813"}],"wp:attachment":[{"href":"https:\/\/becreative.ee\/en\/wp-json\/wp\/v2\/media?parent=2810"}],"wp:term":[{"taxonomy":"product_brand","embeddable":true,"href":"https:\/\/becreative.ee\/en\/wp-json\/wp\/v2\/product_brand?post=2810"},{"taxonomy":"product_cat","embeddable":true,"href":"https:\/\/becreative.ee\/en\/wp-json\/wp\/v2\/product_cat?post=2810"},{"taxonomy":"product_tag","embeddable":true,"href":"https:\/\/becreative.ee\/en\/wp-json\/wp\/v2\/product_tag?post=2810"}],"curies":[{"name":"wp","href":"https:\/\/api.w.org\/{rel}","templated":true}]}}