{"id":2826,"date":"2021-01-28T11:02:57","date_gmt":"2021-01-28T11:02:57","guid":{"rendered":"https:\/\/becreative.ee\/?post_type=product&#038;p=2826"},"modified":"2025-07-04T04:22:27","modified_gmt":"2025-07-04T04:22:27","slug":"nailonnoor-1mm","status":"publish","type":"product","link":"https:\/\/becreative.ee\/en\/product\/nailonnoor-1mm\/","title":{"rendered":"Nailonn\u00f6\u00f6r 1mm"},"content":{"rendered":"<p>Nailonn\u00f6\u00f6ri kasutamisv\u00f5imalusi on palju aga eriti tihti kasutatakse seda lutikettide ja teiste beebidele v\u00f5i lastele m\u00f5eldud m\u00e4nguasjade valmistamiseks. N\u00f6\u00f6ri paksus on 1mm, pikkus 5 meetrit. Valmistatud Hiinas.<\/p>","protected":false},"excerpt":{"rendered":"<p>Nailonn\u00f6\u00f6ri kasutamisv\u00f5imalusi on palju aga eriti tihti kasutatakse seda lutikettide ja teiste beebidele v\u00f5i lastele m\u00f5eldud m\u00e4nguasjade valmistamiseks. N\u00f6\u00f6ri paksus on 1mm, pikkus 5 meetrit.<\/p>","protected":false},"featured_media":2827,"template":"","meta":[],"product_brand":[],"product_cat":[279,598],"product_tag":[],"class_list":{"0":"post-2826","1":"product","2":"type-product","3":"status-publish","4":"has-post-thumbnail","6":"product_cat-kasitooks-vajalik","7":"product_cat-noor","9":"first","10":"instock","11":"taxable","12":"shipping-taxable","13":"purchasable","14":"product-type-variable"},"jetpack_sharing_enabled":true,"_links":{"self":[{"href":"https:\/\/becreative.ee\/en\/wp-json\/wp\/v2\/product\/2826","targetHints":{"allow":["GET"]}}],"collection":[{"href":"https:\/\/becreative.ee\/en\/wp-json\/wp\/v2\/product"}],"about":[{"href":"https:\/\/becreative.ee\/en\/wp-json\/wp\/v2\/types\/product"}],"version-history":[{"count":1,"href":"https:\/\/becreative.ee\/en\/wp-json\/wp\/v2\/product\/2826\/revisions"}],"predecessor-version":[{"id":2828,"href":"https:\/\/becreative.ee\/en\/wp-json\/wp\/v2\/product\/2826\/revisions\/2828"}],"wp:featuredmedia":[{"embeddable":true,"href":"https:\/\/becreative.ee\/en\/wp-json\/wp\/v2\/media\/2827"}],"wp:attachment":[{"href":"https:\/\/becreative.ee\/en\/wp-json\/wp\/v2\/media?parent=2826"}],"wp:term":[{"taxonomy":"product_brand","embeddable":true,"href":"https:\/\/becreative.ee\/en\/wp-json\/wp\/v2\/product_brand?post=2826"},{"taxonomy":"product_cat","embeddable":true,"href":"https:\/\/becreative.ee\/en\/wp-json\/wp\/v2\/product_cat?post=2826"},{"taxonomy":"product_tag","embeddable":true,"href":"https:\/\/becreative.ee\/en\/wp-json\/wp\/v2\/product_tag?post=2826"}],"curies":[{"name":"wp","href":"https:\/\/api.w.org\/{rel}","templated":true}]}}